{"id":138,"date":"2022-07-28T20:30:08","date_gmt":"2022-07-28T20:30:08","guid":{"rendered":"https:\/\/unab.edu.co\/acreditacion\/?page_id=138"},"modified":"2022-11-11T15:03:17","modified_gmt":"2022-11-11T15:03:17","slug":"etapas","status":"publish","type":"page","link":"https:\/\/unab.edu.co\/acreditacion\/etapas\/","title":{"rendered":"Etapas"},"content":{"rendered":"<p>[et_pb_section fb_built=\u00bb1&#8243; _builder_version=\u00bb4.17.4&#8243; _module_preset=\u00bbdefault\u00bb background_image=\u00bbhttps:\/\/unab.edu.co\/acreditacion\/wp-content\/uploads\/sites\/3\/2022\/07\/bg-decor-fnd-scaled.jpg\u00bb background_position=\u00bbbottom_left\u00bb custom_padding=\u00bb||54px|||\u00bb global_colors_info=\u00bb{}\u00bb][et_pb_row _builder_version=\u00bb4.17.4&#8243; _module_preset=\u00bbdefault\u00bb global_colors_info=\u00bb{}\u00bb][et_pb_column type=\u00bb4_4&#8243; _builder_version=\u00bb4.17.4&#8243; _module_preset=\u00bbdefault\u00bb global_colors_info=\u00bb{}\u00bb][et_pb_text _builder_version=\u00bb4.17.4&#8243; _module_preset=\u00bbdefault\u00bb header_font=\u00bb|700|||||||\u00bb header_text_align=\u00bbcenter\u00bb header_text_color=\u00bb#41516a\u00bb custom_margin=\u00bb||1em||false|false\u00bb custom_padding=\u00bb||0px||false|false\u00bb global_colors_info=\u00bb{}\u00bb]<\/p>\n<h1>Fases del proceso de Autoevaluaci\u00f3n Institucional:<\/h1>\n<p>[\/et_pb_text][et_pb_divider color=\u00bb#96f8ff\u00bb divider_style=\u00bbdotted\u00bb divider_weight=\u00bb2px\u00bb _builder_version=\u00bb4.17.4&#8243; _module_preset=\u00bbdefault\u00bb width=\u00bb70px\u00bb module_alignment=\u00bbcenter\u00bb custom_margin=\u00bb||1em||false|false\u00bb custom_padding=\u00bb||0px||false|false\u00bb global_colors_info=\u00bb{}\u00bb][\/et_pb_divider][et_pb_text _builder_version=\u00bb4.17.4&#8243; _module_preset=\u00bbdefault\u00bb text_font=\u00bb|600|||||||\u00bb text_text_color=\u00bb#41516a\u00bb text_font_size=\u00bb15px\u00bb text_orientation=\u00bbcenter\u00bb global_colors_info=\u00bb{}\u00bb]<\/p>\n<p>Conoce las diferentes etapas que hacen parte del proceso de Autoevaluaci\u00f3n que lleva a cabo la Universidad:<\/p>\n<p>[\/et_pb_text][et_pb_image src=\u00bbhttps:\/\/unab.edu.co\/acreditacion\/wp-content\/uploads\/sites\/3\/2022\/11\/etapas-nuevo.png\u00bb title_text=\u00bbetapas-nuevo\u00bb align=\u00bbcenter\u00bb _builder_version=\u00bb4.18.1&#8243; _module_preset=\u00bbdefault\u00bb hover_enabled=\u00bb0&#8243; global_colors_info=\u00bb{}\u00bb sticky_enabled=\u00bb0&#8243;][\/et_pb_image][\/et_pb_column][\/et_pb_row][et_pb_row column_structure=\u00bb3_5,2_5&#8243; _builder_version=\u00bb4.17.4&#8243; _module_preset=\u00bbdefault\u00bb global_colors_info=\u00bb{}\u00bb][et_pb_column type=\u00bb3_5&#8243; _builder_version=\u00bb4.17.4&#8243; _module_preset=\u00bbdefault\u00bb global_colors_info=\u00bb{}\u00bb][et_pb_toggle title=\u00bbPlanear\u00bb open_toggle_background_color=\u00bbRGBA(255,255,255,0)\u00bb closed_toggle_background_color=\u00bb#FFFFFF\u00bb icon_color=\u00bb#E09900&#8243; toggle_icon=\u00bb&#x4c;||divi||400&#8243; use_icon_font_size=\u00bbon\u00bb icon_font_size=\u00bb25px\u00bb open_icon_color=\u00bb#E09900&#8243; open_toggle_icon=\u00bb&#x4b;||divi||400&#8243; open_use_icon_font_size=\u00bbon\u00bb open_icon_font_size=\u00bb25px\u00bb module_id=\u00bbfactor\u00bb _builder_version=\u00bb4.17.4&#8243; _module_preset=\u00bbdefault\u00bb title_text_color=\u00bb#41516a\u00bb title_level=\u00bbh4&#8243; title_font=\u00bb|700|||||||\u00bb title_text_align=\u00bbleft\u00bb title_font_size=\u00bb27px\u00bb title_line_height=\u00bb3em\u00bb body_text_color=\u00bb#41516a\u00bb custom_padding=\u00bb0px|0px|1em|0px|false|false\u00bb custom_css_toggle_title=\u00bbbackground-image: url(https:\/\/unab.edu.co\/acreditacion\/wp-content\/uploads\/sites\/3\/2022\/07\/i-planear.png);||border-radius:5px;||background-repeat: no-repeat;||padding-left:100px;||    height: 85px;||||||\u00bb custom_css_toggle_icon=\u00bbmargin-right:50px;||margin-top:-20px\u00bb border_width_all=\u00bb0px\u00bb border_width_bottom=\u00bb2px\u00bb border_style_bottom=\u00bbdotted\u00bb border_radii_last_edited=\u00bboff|desktop\u00bb global_colors_info=\u00bb{}\u00bb]<\/p>\n<p>La primera fase de la autoevaluaci\u00f3n incluye tres etapas:<\/p>\n<ul>\n<li><strong style=\"color: orange;\">Planeaci\u00f3n:<\/strong> definimos un plan de trabajo, nombramos responsables y asignamos presupuesto para la realizaci\u00f3n del proceso.<\/li>\n<li><strong style=\"color: orange;\">Conceptualizaci\u00f3n:<\/strong> realizamos talleres y actividades para sensibilizar a la comunidad UNAB. La idea es que todos conozcamos y nos apropiemos de los factores y caracter\u00edsticas de calidad.<\/li>\n<li><strong style=\"color: orange;\">Organizaci\u00f3n de documentos y construcci\u00f3n de instrumentos:<\/strong> construimos instrumentos para recolectar la informaci\u00f3n solicitada por el Consejo Nacional de Acreditaci\u00f3n (CNA).<\/li>\n<\/ul>\n<p>[\/et_pb_toggle][et_pb_toggle title=\u00bbHacer\u00bb open_toggle_background_color=\u00bbRGBA(255,255,255,0)\u00bb closed_toggle_background_color=\u00bb#FFFFFF\u00bb icon_color=\u00bb#E09900&#8243; toggle_icon=\u00bb&#x4c;||divi||400&#8243; use_icon_font_size=\u00bbon\u00bb icon_font_size=\u00bb25px\u00bb open_icon_color=\u00bb#E09900&#8243; open_toggle_icon=\u00bb&#x4b;||divi||400&#8243; open_use_icon_font_size=\u00bbon\u00bb open_icon_font_size=\u00bb25px\u00bb module_id=\u00bbfactor\u00bb _builder_version=\u00bb4.17.4&#8243; _module_preset=\u00bbdefault\u00bb title_text_color=\u00bb#41516a\u00bb title_level=\u00bbh4&#8243; title_font=\u00bb|700|||||||\u00bb title_text_align=\u00bbleft\u00bb title_font_size=\u00bb27px\u00bb title_line_height=\u00bb3em\u00bb body_text_color=\u00bb#41516a\u00bb custom_padding=\u00bb0px|0px|1em|0px|false|false\u00bb custom_css_toggle_title=\u00bbbackground-image: url(https:\/\/unab.edu.co\/acreditacion\/wp-content\/uploads\/sites\/3\/2022\/07\/i-hacer.png);||border-radius:5px;||background-repeat: no-repeat;||padding-left:100px;||    height: 85px;||||||\u00bb custom_css_toggle_icon=\u00bbmargin-right:50px;||margin-top:-20px\u00bb border_width_all=\u00bb0px\u00bb border_width_bottom=\u00bb2px\u00bb border_style_bottom=\u00bbdotted\u00bb border_radii_last_edited=\u00bboff|desktop\u00bb global_colors_info=\u00bb{}\u00bb]En la segunda fase recolectamos la informaci\u00f3n y la calificamos de acuerdo a los criterios del CNA. Esta fase tiene dos etapas:<\/p>\n<ul>\n<li><strong style=\"color: orange;\">Recolecci\u00f3n de informaci\u00f3n:<\/strong> identificamos las fuentes que se sustentan con documentos, organizamos la informaci\u00f3n para los indicadores cuantitativos (todo lo que se puede contabilizar), aplicamos encuestas y realizamos grupos focales.<\/li>\n<li><strong style=\"color: orange;\">Procesamiento de la informaci\u00f3n:\u00a0<\/strong> hacemos la calificaci\u00f3n de cada fuente de informaci\u00f3n (encuestas, grupos focales, documentos e indicadores num\u00e9ricos). De ah\u00ed obtenemos la calificaci\u00f3n global de la Instituci\u00f3n<\/li>\n<\/ul>\n<p>[\/et_pb_toggle][et_pb_toggle title=\u00bbVerificar\u00bb open_toggle_background_color=\u00bbRGBA(255,255,255,0)\u00bb closed_toggle_background_color=\u00bb#FFFFFF\u00bb icon_color=\u00bb#E09900&#8243; toggle_icon=\u00bb&#x4c;||divi||400&#8243; use_icon_font_size=\u00bbon\u00bb icon_font_size=\u00bb25px\u00bb open_icon_color=\u00bb#E09900&#8243; open_toggle_icon=\u00bb&#x4b;||divi||400&#8243; open_use_icon_font_size=\u00bbon\u00bb open_icon_font_size=\u00bb25px\u00bb module_id=\u00bbfactor\u00bb _builder_version=\u00bb4.17.4&#8243; _module_preset=\u00bbdefault\u00bb title_text_color=\u00bb#41516a\u00bb title_level=\u00bbh4&#8243; title_font=\u00bb|700|||||||\u00bb title_text_align=\u00bbleft\u00bb title_font_size=\u00bb27px\u00bb title_line_height=\u00bb3em\u00bb body_text_color=\u00bb#41516a\u00bb custom_padding=\u00bb0px|0px|1em|0px|false|false\u00bb custom_css_toggle_title=\u00bbbackground-image: url(https:\/\/unab.edu.co\/acreditacion\/wp-content\/uploads\/sites\/3\/2022\/07\/i-verficar.png);||border-radius:5px;||background-repeat: no-repeat;||padding-left:100px;||    height: 85px;||||||\u00bb custom_css_toggle_icon=\u00bbmargin-right:50px;||margin-top:-20px\u00bb border_width_all=\u00bb0px\u00bb border_width_bottom=\u00bb2px\u00bb border_style_bottom=\u00bbdotted\u00bb border_radii_last_edited=\u00bboff|desktop\u00bb global_colors_info=\u00bb{}\u00bb]<\/p>\n<div class=\"card-custom-collapse collapse show\" id=\"accordionCollapse3\" role=\"tabpanel\" aria-labelledby=\"accordionHeading3\">\n<div class=\"card-custom-body\">\n<p>Analizamos e interpretamos los resultados y hacemos el informe de autoevaluaci\u00f3n. Luego realizamos una visita con pares colaborativos invitados. Esta fase tiene 3 etapas:<\/p>\n<ul>\n<li><strong style=\"color: orange;\">An\u00e1lisis e interpretaci\u00f3n:<\/strong> analizamos los resultados obtenidos y elaboramos juicios de valor para cada caracter\u00edstica y factor de calidad. Vemos las fortalezas y detectamos oportunidades de mejoramiento. Elaboramos los proyectos de mejoramiento institucional.<\/li>\n<li><strong style=\"color: orange;\">Informe de autoevaluaci\u00f3n:<\/strong> consolidamos los resultados del proceso y el juicio de calidad institucional. Como la UNAB va a renovar por segunda vez su acreditaci\u00f3n institucional, incorporamos los avances y logros derivados de los proyectos de mejoramiento del proceso anterior y de las recomendaciones de la evaluaci\u00f3n externa, alineados con la apuesta estrat\u00e9gica de la Instituci\u00f3n.<\/li>\n<li><strong style=\"color: orange;\">Evaluaci\u00f3n externa y visita de Pares:<\/strong> la mirada externa nos permitir\u00e1 verificar nuestro proceso. Despu\u00e9s de la visita simulada, se hacen los ajustes al informe y se radica ante el CNA.<\/li>\n<\/ul>\n<\/div>\n<\/div>\n<p>[\/et_pb_toggle][et_pb_toggle title=\u00bbActuar\u00bb open_toggle_background_color=\u00bbRGBA(255,255,255,0)\u00bb closed_toggle_background_color=\u00bb#FFFFFF\u00bb icon_color=\u00bb#E09900&#8243; toggle_icon=\u00bb&#x4c;||divi||400&#8243; use_icon_font_size=\u00bbon\u00bb icon_font_size=\u00bb25px\u00bb open_icon_color=\u00bb#E09900&#8243; open_toggle_icon=\u00bb&#x4b;||divi||400&#8243; open_use_icon_font_size=\u00bbon\u00bb open_icon_font_size=\u00bb25px\u00bb module_id=\u00bbfactor\u00bb _builder_version=\u00bb4.17.4&#8243; _module_preset=\u00bbdefault\u00bb title_text_color=\u00bb#41516a\u00bb title_level=\u00bbh4&#8243; title_font=\u00bb|700|||||||\u00bb title_text_align=\u00bbleft\u00bb title_font_size=\u00bb27px\u00bb title_line_height=\u00bb3em\u00bb body_text_color=\u00bb#41516a\u00bb custom_padding=\u00bb0px|0px|1em|0px|false|false\u00bb custom_css_toggle_title=\u00bbbackground-image: url(https:\/\/unab.edu.co\/acreditacion\/wp-content\/uploads\/sites\/3\/2022\/07\/i-actuar.png);||border-radius:5px;||background-repeat: no-repeat;||padding-left:100px;||    height: 85px;||||||\u00bb custom_css_toggle_icon=\u00bbmargin-right:50px;||margin-top:-20px\u00bb border_width_all=\u00bb0px\u00bb border_width_bottom=\u00bb2px\u00bb border_style_bottom=\u00bbdotted\u00bb border_radii_last_edited=\u00bboff|desktop\u00bb global_colors_info=\u00bb{}\u00bb]<\/p>\n<p>Cerramos el ciclo de autoevaluaci\u00f3n y abrimos uno nuevo. Recuerda que la autoevaluaci\u00f3n y la reflexi\u00f3n son continuas. Implementamos y hacemos seguimiento a los proyectos de mejoramiento. Seguimos monitoreando permanentemente el cumplimiento de compromisos y el mantenimiento de la alta calidad de la Universidad.<\/p>\n<p>[\/et_pb_toggle][\/et_pb_column][et_pb_column type=\u00bb2_5&#8243; _builder_version=\u00bb4.17.4&#8243; _module_preset=\u00bbdefault\u00bb global_colors_info=\u00bb{}\u00bb][et_pb_image src=\u00bbhttps:\/\/unab.edu.co\/acreditacion\/wp-content\/uploads\/sites\/3\/2022\/07\/img-etapas.jpg\u00bb title_text=\u00bbimg-etapas\u00bb disabled_on=\u00bbon|off|off\u00bb _builder_version=\u00bb4.18.1&#8243; _module_preset=\u00bbdefault\u00bb hover_enabled=\u00bb0&#8243; border_radii=\u00bbon|4px|4px|4px|4px\u00bb box_shadow_style=\u00bbpreset3&#8243; global_colors_info=\u00bb{}\u00bb sticky_enabled=\u00bb0&#8243;][\/et_pb_image][\/et_pb_column][\/et_pb_row][\/et_pb_section]<\/p>\n","protected":false},"excerpt":{"rendered":"<p>Fases del proceso de Autoevaluaci\u00f3n Institucional:Conoce las diferentes etapas que hacen parte del proceso de Autoevaluaci\u00f3n que lleva a cabo la Universidad:La primera fase de la autoevaluaci\u00f3n incluye tres etapas: Planeaci\u00f3n: definimos un plan de trabajo, nombramos responsables y asignamos presupuesto para la realizaci\u00f3n del proceso. Conceptualizaci\u00f3n: realizamos talleres y actividades para sensibilizar a la [&hellip;]<\/p>\n","protected":false},"author":1,"featured_media":0,"parent":0,"menu_order":0,"comment_status":"closed","ping_status":"closed","template":"","meta":{"_acf_changed":false,"_et_pb_use_builder":"on","_et_pb_old_content":"","_et_gb_content_width":"","footnotes":""},"class_list":["post-138","page","type-page","status-publish","hentry"],"acf":[],"_links":{"self":[{"href":"https:\/\/unab.edu.co\/acreditacion\/wp-json\/wp\/v2\/pages\/138","targetHints":{"allow":["GET"]}}],"collection":[{"href":"https:\/\/unab.edu.co\/acreditacion\/wp-json\/wp\/v2\/pages"}],"about":[{"href":"https:\/\/unab.edu.co\/acreditacion\/wp-json\/wp\/v2\/types\/page"}],"author":[{"embeddable":true,"href":"https:\/\/unab.edu.co\/acreditacion\/wp-json\/wp\/v2\/users\/1"}],"replies":[{"embeddable":true,"href":"https:\/\/unab.edu.co\/acreditacion\/wp-json\/wp\/v2\/comments?post=138"}],"version-history":[{"count":14,"href":"https:\/\/unab.edu.co\/acreditacion\/wp-json\/wp\/v2\/pages\/138\/revisions"}],"predecessor-version":[{"id":509,"href":"https:\/\/unab.edu.co\/acreditacion\/wp-json\/wp\/v2\/pages\/138\/revisions\/509"}],"wp:attachment":[{"href":"https:\/\/unab.edu.co\/acreditacion\/wp-json\/wp\/v2\/media?parent=138"}],"curies":[{"name":"wp","href":"https:\/\/api.w.org\/{rel}","templated":true}]}}