{"id":165,"date":"2022-07-28T21:11:54","date_gmt":"2022-07-28T21:11:54","guid":{"rendered":"https:\/\/unab.edu.co\/acreditacion\/?page_id=165"},"modified":"2022-07-28T21:13:55","modified_gmt":"2022-07-28T21:13:55","slug":"normas","status":"publish","type":"page","link":"https:\/\/unab.edu.co\/acreditacion\/normas\/","title":{"rendered":"Normas"},"content":{"rendered":"<p>[et_pb_section fb_built=\u00bb1&#8243; _builder_version=\u00bb4.17.4&#8243; _module_preset=\u00bbdefault\u00bb background_image=\u00bbhttps:\/\/unab.edu.co\/acreditacion\/wp-content\/uploads\/sites\/3\/2022\/07\/bg-decor-intro2.png\u00bb custom_padding=\u00bb0px||0px||true|false\u00bb hover_enabled=\u00bb0&#8243; global_colors_info=\u00bb{}\u00bb theme_builder_area=\u00bbpost_content\u00bb sticky_enabled=\u00bb0&#8243; title_text=\u00bbbg-decor-intro2&#8243; parallax=\u00bbon\u00bb][et_pb_row _builder_version=\u00bb4.17.4&#8243; _module_preset=\u00bbdefault\u00bb hover_enabled=\u00bb0&#8243; global_colors_info=\u00bb{}\u00bb column_structure=\u00bb3_5,2_5&#8243; theme_builder_area=\u00bbpost_content\u00bb custom_padding=\u00bb0px||0px||true|false\u00bb sticky_enabled=\u00bb0&#8243;][et_pb_column type=\u00bb3_5&#8243; _builder_version=\u00bb4.17.4&#8243; _module_preset=\u00bbdefault\u00bb global_colors_info=\u00bb{}\u00bb theme_builder_area=\u00bbpost_content\u00bb][et_pb_text _builder_version=\u00bb4.17.4&#8243; _module_preset=\u00bbdefault\u00bb header_font=\u00bb|700|||||||\u00bb header_text_align=\u00bbleft\u00bb header_text_color=\u00bb#41516a\u00bb custom_margin=\u00bb2em||1em||false|false\u00bb custom_padding=\u00bb||0px||false|false\u00bb hover_enabled=\u00bb0&#8243; global_colors_info=\u00bb{}\u00bb theme_builder_area=\u00bbpost_content\u00bb sticky_enabled=\u00bb0&#8243;]<\/p>\n<h1>Normatividad<\/h1>\n<p>[\/et_pb_text][et_pb_divider color=\u00bb#96f8ff\u00bb divider_style=\u00bbdotted\u00bb divider_weight=\u00bb2px\u00bb _builder_version=\u00bb4.17.4&#8243; _module_preset=\u00bbdefault\u00bb width=\u00bb70px\u00bb module_alignment=\u00bbleft\u00bb custom_margin=\u00bb||1em||false|false\u00bb custom_padding=\u00bb||0px||false|false\u00bb hover_enabled=\u00bb0&#8243; global_colors_info=\u00bb{}\u00bb theme_builder_area=\u00bbpost_content\u00bb sticky_enabled=\u00bb0&#8243;][\/et_pb_divider][et_pb_text _builder_version=\u00bb4.17.4&#8243; _module_preset=\u00bbdefault\u00bb text_font=\u00bb|600|||||||\u00bb text_text_color=\u00bb#41516a\u00bb text_font_size=\u00bb15px\u00bb hover_enabled=\u00bb0&#8243; global_colors_info=\u00bb{}\u00bb theme_builder_area=\u00bbpost_content\u00bb link_text_color=\u00bb#E09900&#8243; sticky_enabled=\u00bb0&#8243;]<\/p>\n<ul class=\"list-marked\">\n<li>Acuerdo 02, por el cual se actualiza el modelo de acreditaci\u00f3n en alta calidad, CESU,\u00a0 julio 1 de 2020.<\/li>\n<li>Lineamientos y aspectos por evaluar para la acreditaci\u00f3n en alta calidad de las instituciones de educaci\u00f3n superior, CESU, marzo 23 de 2021.<\/li>\n<\/ul>\n<p>Mayor informaci\u00f3n: <a href=\"https:\/\/www.cna.gov.co\/portal\/Sistema-Nacional-de-Acreditacion\/Marco-normativo\/\" target=\"_blank\" rel=\"noopener\">Sistema Nacional de Acreditacion, Marco normativo<\/a><\/p>\n<p>[\/et_pb_text][\/et_pb_column][et_pb_column type=\u00bb2_5&#8243; _builder_version=\u00bb4.17.4&#8243; _module_preset=\u00bbdefault\u00bb global_colors_info=\u00bb{}\u00bb theme_builder_area=\u00bbpost_content\u00bb][et_pb_image src=\u00bbhttps:\/\/unab.edu.co\/acreditacion\/wp-content\/uploads\/sites\/3\/2022\/07\/img-normas.jpg\u00bb _builder_version=\u00bb4.17.4&#8243; _module_preset=\u00bbdefault\u00bb theme_builder_area=\u00bbpost_content\u00bb title_text=\u00bbimg-normas\u00bb hover_enabled=\u00bb0&#8243; sticky_enabled=\u00bb0&#8243;][\/et_pb_image][\/et_pb_column][\/et_pb_row][\/et_pb_section]<\/p>\n","protected":false},"excerpt":{"rendered":"<p>Normatividad Acuerdo 02, por el cual se actualiza el modelo de acreditaci\u00f3n en alta calidad, CESU,\u00a0 julio 1 de 2020. Lineamientos y aspectos por evaluar para la acreditaci\u00f3n en alta calidad de las instituciones de educaci\u00f3n superior, CESU, marzo 23 de 2021. Mayor informaci\u00f3n: Sistema Nacional de Acreditacion, Marco normativo<\/p>\n","protected":false},"author":1,"featured_media":0,"parent":0,"menu_order":0,"comment_status":"closed","ping_status":"closed","template":"","meta":{"_acf_changed":false,"_et_pb_use_builder":"on","_et_pb_old_content":"","_et_gb_content_width":"","footnotes":""},"class_list":["post-165","page","type-page","status-publish","hentry"],"acf":[],"_links":{"self":[{"href":"https:\/\/unab.edu.co\/acreditacion\/wp-json\/wp\/v2\/pages\/165","targetHints":{"allow":["GET"]}}],"collection":[{"href":"https:\/\/unab.edu.co\/acreditacion\/wp-json\/wp\/v2\/pages"}],"about":[{"href":"https:\/\/unab.edu.co\/acreditacion\/wp-json\/wp\/v2\/types\/page"}],"author":[{"embeddable":true,"href":"https:\/\/unab.edu.co\/acreditacion\/wp-json\/wp\/v2\/users\/1"}],"replies":[{"embeddable":true,"href":"https:\/\/unab.edu.co\/acreditacion\/wp-json\/wp\/v2\/comments?post=165"}],"version-history":[{"count":3,"href":"https:\/\/unab.edu.co\/acreditacion\/wp-json\/wp\/v2\/pages\/165\/revisions"}],"predecessor-version":[{"id":170,"href":"https:\/\/unab.edu.co\/acreditacion\/wp-json\/wp\/v2\/pages\/165\/revisions\/170"}],"wp:attachment":[{"href":"https:\/\/unab.edu.co\/acreditacion\/wp-json\/wp\/v2\/media?parent=165"}],"curies":[{"name":"wp","href":"https:\/\/api.w.org\/{rel}","templated":true}]}}