{"id":5,"date":"2022-07-27T23:50:54","date_gmt":"2022-07-27T23:50:54","guid":{"rendered":"https:\/\/unab.edu.co\/acreditacion\/?page_id=5"},"modified":"2022-09-21T16:16:07","modified_gmt":"2022-09-21T16:16:07","slug":"inicio","status":"publish","type":"page","link":"https:\/\/unab.edu.co\/acreditacion\/","title":{"rendered":"Inicio"},"content":{"rendered":"<p>[et_pb_section fb_built=\u00bb1&#8243; _builder_version=\u00bb4.17.6&#8243; _module_preset=\u00bbdefault\u00bb background_image=\u00bbhttps:\/\/unab.edu.co\/acreditacion\/wp-content\/uploads\/sites\/3\/2022\/07\/bg-decor-fnd-scaled.jpg\u00bb parallax=\u00bbon\u00bb custom_padding=\u00bb0px||0px||true|false\u00bb box_shadow_style=\u00bbpreset2&#8243; global_colors_info=\u00bb{}\u00bb][et_pb_row column_structure=\u00bb1_2,1_2&#8243; _builder_version=\u00bb4.17.4&#8243; _module_preset=\u00bbdefault\u00bb width=\u00bb87%\u00bb max_width=\u00bb1280px\u00bb global_colors_info=\u00bb{}\u00bb][et_pb_column type=\u00bb1_2&#8243; _builder_version=\u00bb4.17.4&#8243; _module_preset=\u00bbdefault\u00bb global_colors_info=\u00bb{}\u00bb][et_pb_video src=\u00bbhttps:\/\/youtu.be\/U2vXYvChzto\u00bb _builder_version=\u00bb4.17.4&#8243; _module_preset=\u00bbdefault\u00bb global_colors_info=\u00bb{}\u00bb][\/et_pb_video][et_pb_text _builder_version=\u00bb4.17.4&#8243; _module_preset=\u00bbdefault\u00bb global_colors_info=\u00bb{}\u00bb]<\/p>\n<p>M\u00e1s novedades en: <a href=\"https:\/\/www.youtube.com\/watch?v=UH0rtvym6u4&amp;list=PLghSsP-lev_9I1Upy1nLWG3m9XA4xHj9U\" target=\"_blank\" rel=\"noopener\"><img decoding=\"async\" data-src=\"https:\/\/unab.edu.co\/acreditacion\/wp-content\/uploads\/sites\/3\/2022\/07\/ico-youtube.png\" alt=\"\" class=\"wp-image-66 alignnone size-full lazyload\" width=\"25\" height=\"25\" src=\"data:image\/svg+xml;base64,PHN2ZyB3aWR0aD0iMSIgaGVpZ2h0PSIxIiB4bWxucz0iaHR0cDovL3d3dy53My5vcmcvMjAwMC9zdmciPjwvc3ZnPg==\" style=\"--smush-placeholder-width: 25px; --smush-placeholder-aspect-ratio: 25\/25;\" \/><\/a> | <a href=\"https:\/\/open.spotify.com\/playlist\/3GrScGN192xcTCS0qaPLvC\" target=\"_blank\" rel=\"noopener\"><img decoding=\"async\" data-src=\"https:\/\/unab.edu.co\/acreditacion\/wp-content\/uploads\/sites\/3\/2022\/07\/ico-spotyfi.png\" alt=\"\" class=\"wp-image-65 alignnone size-full lazyload\" width=\"25\" height=\"25\" src=\"data:image\/svg+xml;base64,PHN2ZyB3aWR0aD0iMSIgaGVpZ2h0PSIxIiB4bWxucz0iaHR0cDovL3d3dy53My5vcmcvMjAwMC9zdmciPjwvc3ZnPg==\" style=\"--smush-placeholder-width: 25px; --smush-placeholder-aspect-ratio: 25\/25;\" \/><\/a><\/p>\n<p>[\/et_pb_text][\/et_pb_column][et_pb_column type=\u00bb1_2&#8243; _builder_version=\u00bb4.17.4&#8243; _module_preset=\u00bbdefault\u00bb background_image=\u00bbhttps:\/\/unab.edu.co\/acreditacion\/wp-content\/uploads\/sites\/3\/2022\/07\/bg-decor-intro.png\u00bb background_size=\u00bbcontain\u00bb global_colors_info=\u00bb{}\u00bb][et_pb_toggle title=\u00bb \u00bfQu\u00e9 es la Acreditaci\u00f3n Institucional?\u00bb open=\u00bbon\u00bb open_toggle_text_color=\u00bb#444444&#8243; open_toggle_background_color=\u00bbrgba(255,255,255,0.7)\u00bb closed_toggle_background_color=\u00bbrgba(255,255,255,0.7)\u00bb toggle_icon=\u00bb&#x4c;||divi||400&#8243; use_icon_font_size=\u00bbon\u00bb icon_font_size=\u00bb20px\u00bb open_icon_color=\u00bb#E09900&#8243; open_toggle_icon=\u00bb&#x4b;||divi||400&#8243; open_use_icon_font_size=\u00bbon\u00bb open_icon_font_size=\u00bb20px\u00bb _builder_version=\u00bb4.17.4&#8243; _module_preset=\u00bbdefault\u00bb title_text_color=\u00bb#444444&#8243; title_level=\u00bbh3&#8243; title_font=\u00bb|700|||||||\u00bb title_line_height=\u00bb1.6em\u00bb border_color_all=\u00bb#FFFFFF\u00bb global_colors_info=\u00bb{}\u00bb]<\/p>\n<p>\u201cLa acreditaci\u00f3n es el reconocimiento de la alta calidad que otorga el Ministerio de Educaci\u00f3n Nacional a los programas acad\u00e9micos y a las instituciones que cumplen con los m\u00e1s altos criterios de calidad y que realizan sus prop\u00f3sitos y objetivos, teniendo en cuenta la naturaleza jur\u00eddica, identidad, misi\u00f3n, tipolog\u00eda, niveles de formaci\u00f3n y modalidades\u201d (Acuerdo 02 de 2020 del CESU, art. 3 inciso primero).<\/p>\n<p>[\/et_pb_toggle][et_pb_toggle title=\u00bb Conoce nuestro contexto\u00bb open=\u00bbon\u00bb open_toggle_text_color=\u00bb#444444&#8243; open_toggle_background_color=\u00bbrgba(255,255,255,0.7)\u00bb closed_toggle_background_color=\u00bbrgba(255,255,255,0.7)\u00bb toggle_icon=\u00bb&#x4c;||divi||400&#8243; use_icon_font_size=\u00bbon\u00bb icon_font_size=\u00bb20px\u00bb open_icon_color=\u00bb#E09900&#8243; open_toggle_icon=\u00bb&#x4b;||divi||400&#8243; open_use_icon_font_size=\u00bbon\u00bb open_icon_font_size=\u00bb20px\u00bb _builder_version=\u00bb4.17.4&#8243; _module_preset=\u00bbdefault\u00bb title_text_color=\u00bb#444444&#8243; title_level=\u00bbh3&#8243; title_font=\u00bb|700|||||||\u00bb title_line_height=\u00bb1.6em\u00bb border_color_all=\u00bb#FFFFFF\u00bb global_colors_info=\u00bb{}\u00bb]<\/p>\n<p>La Universidad Aut\u00f3noma de Bucaramanga en su compromiso con la excelencia, le apuesta permanentemente a la calidad institucional y de sus programas acad\u00e9micos, por tal raz\u00f3n en el a\u00f1o 2012 recibi\u00f3 su primera Acreditaci\u00f3n Institucional de Alta Calidad por 4 a\u00f1os, siendo la primera universidad privada del oriente colombiano en obtener este reconocimiento, que posteriormente fue renovada en el a\u00f1o 2017 con una temporalidad de 6 a\u00f1os, hasta el 2023.<\/p>\n<p>[\/et_pb_toggle][\/et_pb_column][\/et_pb_row][\/et_pb_section][et_pb_section fb_built=\u00bb1&#8243; _builder_version=\u00bb4.17.6&#8243; _module_preset=\u00bbdefault\u00bb background_image=\u00bbhttps:\/\/unab.edu.co\/acreditacion\/wp-content\/uploads\/sites\/3\/2022\/07\/bg-intro.png\u00bb parallax=\u00bbon\u00bb custom_margin=\u00bb||||false|false\u00bb custom_padding=\u00bb2em||2em||true|false\u00bb box_shadow_style=\u00bbpreset2&#8243; global_colors_info=\u00bb{}\u00bb][et_pb_row _builder_version=\u00bb4.17.6&#8243; _module_preset=\u00bbdefault\u00bb width=\u00bb87%\u00bb max_width=\u00bb1280px\u00bb global_colors_info=\u00bb{}\u00bb][et_pb_column type=\u00bb4_4&#8243; _builder_version=\u00bb4.17.4&#8243; _module_preset=\u00bbdefault\u00bb global_colors_info=\u00bb{}\u00bb][et_pb_text _builder_version=\u00bb4.17.6&#8243; _module_preset=\u00bbdefault\u00bb header_font=\u00bb|700|||||||\u00bb header_text_align=\u00bbcenter\u00bb header_text_color=\u00bb#FFFFFF\u00bb custom_margin=\u00bb||||false|false\u00bb custom_padding=\u00bb||||false|false\u00bb locked=\u00bboff\u00bb global_colors_info=\u00bb{}\u00bb]<\/p>\n<h1>\u00bfC\u00f3mo nos fue en el proceso de Autoevaluaci\u00f3n?<\/h1>\n<p>[\/et_pb_text][et_pb_button button_url=\u00bb@ET-DC@eyJkeW5hbWljIjp0cnVlLCJjb250ZW50IjoicG9zdF9saW5rX3VybF9wYWdlIiwic2V0dGluZ3MiOnsicG9zdF9pZCI6IjE4NiJ9fQ==@\u00bb button_text=\u00bbConoce m\u00e1s aqu\u00ed\u00bb button_alignment=\u00bbcenter\u00bb _builder_version=\u00bb4.17.6&#8243; _dynamic_attributes=\u00bbbutton_url\u00bb _module_preset=\u00bbdefault\u00bb custom_button=\u00bbon\u00bb button_text_size=\u00bb18px\u00bb button_text_color=\u00bb#0E3C9A\u00bb button_bg_color=\u00bb#F7A900&#8243; button_border_color=\u00bb#F7A900&#8243; button_icon=\u00bb&#x3d;||divi||400&#8243; locked=\u00bboff\u00bb global_colors_info=\u00bb{}\u00bb][\/et_pb_button][\/et_pb_column][\/et_pb_row][\/et_pb_section][et_pb_section fb_built=\u00bb1&#8243; _builder_version=\u00bb4.17.6&#8243; _module_preset=\u00bbdefault\u00bb background_image=\u00bbhttps:\/\/unab.edu.co\/acreditacion\/wp-content\/uploads\/sites\/3\/2022\/07\/bg-decor-intro2.png\u00bb parallax=\u00bbon\u00bb global_colors_info=\u00bb{}\u00bb][et_pb_row column_structure=\u00bb1_3,1_3,1_3&#8243; _builder_version=\u00bb4.17.4&#8243; _module_preset=\u00bbdefault\u00bb custom_padding=\u00bb0px||0px||true|false\u00bb global_colors_info=\u00bb{}\u00bb][et_pb_column type=\u00bb1_3&#8243; _builder_version=\u00bb4.17.4&#8243; _module_preset=\u00bbdefault\u00bb global_colors_info=\u00bb{}\u00bb][lwp_divi_flipbox front_src=\u00bbhttps:\/\/unab.edu.co\/acreditacion\/wp-content\/uploads\/sites\/3\/2022\/07\/btn-evalua.png\u00bb front_background_color=\u00bbRGBA(255,255,255,0)\u00bb back_body=\u00bb<\/p>\n<p><em>12 FACTORES DE CALIDAD<\/em><\/p>\n<p><strong>EVALUACI\u00d3N<\/strong><\/p>\n<p>\u00bb button_text=\u00bbM\u00e1s informaci\u00f3n\u00bb button_url=\u00bbhttps:\/\/unab.edu.co\/acreditacion\/evaluacion\/\u00bb use_back_icon=\u00bbon\u00bb back_icon=\u00bb&#xf164;||fa||400&#8243; back_background_color=\u00bb#0f3c9a\u00bb back_icon_color=\u00bbrgba(255,255,255,0.7)\u00bb back_use_icon_font_size=\u00bbon\u00bb back_icon_font_size=\u00bb37px\u00bb flip_card_3d_effect=\u00bbon\u00bb _builder_version=\u00bb4.18.0&#8243; _module_preset=\u00bbdefault\u00bb back-body_text_align=\u00bbcenter\u00bb back-body_font_size=\u00bb13px\u00bb custom_button=\u00bbon\u00bb button_text_size=\u00bb13px\u00bb button_text_color=\u00bbrgba(255,255,255,0.66)\u00bb button_border_width=\u00bb0px\u00bb button_icon=\u00bb&#x24;||divi||400&#8243; text_orientation=\u00bbcenter\u00bb custom_margin=\u00bb||0px||false|false\u00bb custom_padding=\u00bb0px|0px|0px|0px|true|true\u00bb custom_css_main_element=\u00bbheight:250px;||text-align:center;\u00bb custom_css_front_card=\u00bbpadding:0&#8243; custom_css_back_card=\u00bbheight:230px !important\u00bb custom_css_back_image=\u00bbmargin:0;||padding-top:1em||\u00bb global_colors_info=\u00bb{}\u00bb][\/lwp_divi_flipbox][\/et_pb_column][et_pb_column type=\u00bb1_3&#8243; _builder_version=\u00bb4.17.4&#8243; _module_preset=\u00bbdefault\u00bb global_colors_info=\u00bb{}\u00bb][lwp_divi_flipbox front_src=\u00bbhttps:\/\/unab.edu.co\/acreditacion\/wp-content\/uploads\/sites\/3\/2022\/07\/btn-etapas.png\u00bb front_background_color=\u00bbRGBA(255,255,255,0)\u00bb back_body=\u00bb<\/p>\n<p><em>PLANEAR, HACER, VERIFICAR, ACTUAR<\/em><\/p>\n<p><strong>ETAPAS<\/strong><\/p>\n<p>\u00bb button_text=\u00bbM\u00e1s informaci\u00f3n\u00bb button_url=\u00bbhttps:\/\/unab.edu.co\/acreditacion\/etapas\/\u00bb use_back_icon=\u00bbon\u00bb back_icon=\u00bb&#x64;||divi||400&#8243; back_background_color=\u00bb#fda200&#8243; back_icon_color=\u00bbrgba(255,255,255,0.7)\u00bb back_use_icon_font_size=\u00bbon\u00bb back_icon_font_size=\u00bb37px\u00bb flip_card_3d_effect=\u00bbon\u00bb _builder_version=\u00bb4.18.0&#8243; _module_preset=\u00bbdefault\u00bb back-body_font_size=\u00bb13px\u00bb custom_button=\u00bbon\u00bb button_text_size=\u00bb13px\u00bb button_text_color=\u00bbrgba(255,255,255,0.66)\u00bb button_border_width=\u00bb0px\u00bb button_icon=\u00bb&#x24;||divi||400&#8243; text_orientation=\u00bbcenter\u00bb custom_margin=\u00bb||0px||false|false\u00bb custom_padding=\u00bb0px|0px|0px|0px|true|true\u00bb hover_enabled=\u00bb0&#8243; custom_css_main_element=\u00bbheight:250px;||text-align:center;\u00bb custom_css_front_card=\u00bbpadding:0&#8243; custom_css_back_card=\u00bbheight:230px !important\u00bb custom_css_back_image=\u00bbmargin:0;||padding-top:1em||\u00bb global_colors_info=\u00bb{}\u00bb sticky_enabled=\u00bb0&#8243;][\/lwp_divi_flipbox][\/et_pb_column][et_pb_column type=\u00bb1_3&#8243; _builder_version=\u00bb4.17.4&#8243; _module_preset=\u00bbdefault\u00bb global_colors_info=\u00bb{}\u00bb][lwp_divi_flipbox front_src=\u00bbhttps:\/\/unab.edu.co\/acreditacion\/wp-content\/uploads\/sites\/3\/2022\/07\/btn-benefi.png\u00bb front_background_color=\u00bbRGBA(255,255,255,0)\u00bb back_body=\u00bb<\/p>\n<p><em>PROS DE LA ACREDITACI\u00d3N<\/em><\/p>\n<p><strong>BENEFICIOS<\/strong><\/p>\n<p>\u00bb button_text=\u00bbM\u00e1s informaci\u00f3n\u00bb button_url=\u00bbhttps:\/\/unab.edu.co\/acreditacion\/beneficios\/\u00bb use_back_icon=\u00bbon\u00bb back_icon=\u00bb&#xf058;||fa||400&#8243; back_background_color=\u00bb#0f3c9a\u00bb back_icon_color=\u00bbrgba(255,255,255,0.7)\u00bb back_use_icon_font_size=\u00bbon\u00bb back_icon_font_size=\u00bb37px\u00bb flip_card_3d_effect=\u00bbon\u00bb _builder_version=\u00bb4.18.0&#8243; _module_preset=\u00bbdefault\u00bb back-body_font_size=\u00bb13px\u00bb custom_button=\u00bbon\u00bb button_text_size=\u00bb13px\u00bb button_text_color=\u00bbrgba(255,255,255,0.66)\u00bb button_border_width=\u00bb0px\u00bb button_icon=\u00bb&#x24;||divi||400&#8243; text_orientation=\u00bbcenter\u00bb custom_margin=\u00bb||0px||false|false\u00bb custom_padding=\u00bb0px|0px|0px|0px|true|true\u00bb hover_enabled=\u00bb0&#8243; custom_css_main_element=\u00bbheight:250px;||text-align:center;\u00bb custom_css_front_card=\u00bbpadding:0&#8243; custom_css_back_card=\u00bbheight:230px !important\u00bb custom_css_back_image=\u00bbmargin:0;||padding-top:1em||\u00bb global_colors_info=\u00bb{}\u00bb sticky_enabled=\u00bb0&#8243;][\/lwp_divi_flipbox][\/et_pb_column][\/et_pb_row][et_pb_row column_structure=\u00bb1_3,1_3,1_3&#8243; _builder_version=\u00bb4.17.4&#8243; _module_preset=\u00bbdefault\u00bb global_colors_info=\u00bb{}\u00bb][et_pb_column type=\u00bb1_3&#8243; _builder_version=\u00bb4.17.4&#8243; _module_preset=\u00bbdefault\u00bb global_colors_info=\u00bb{}\u00bb][lwp_divi_flipbox front_src=\u00bbhttps:\/\/unab.edu.co\/acreditacion\/wp-content\/uploads\/sites\/3\/2022\/07\/btn-participa.png\u00bb front_background_color=\u00bbRGBA(255,255,255,0)\u00bb back_body=\u00bb<\/p>\n<p><em>P\u00daBLICOS, AUDIENCIAS<\/em><\/p>\n<p><strong>PARTICIPANTES<\/strong><\/p>\n<p>\u00bb button_text=\u00bbM\u00e1s informaci\u00f3n\u00bb button_url=\u00bbhttps:\/\/unab.edu.co\/acreditacion\/participantes\/\u00bb use_back_icon=\u00bbon\u00bb back_icon=\u00bb&#xf0c0;||fa||900&#8243; back_background_color=\u00bb#fda200&#8243; back_icon_color=\u00bbrgba(255,255,255,0.7)\u00bb back_use_icon_font_size=\u00bbon\u00bb back_icon_font_size=\u00bb37px\u00bb flip_card_3d_effect=\u00bbon\u00bb _builder_version=\u00bb4.18.0&#8243; _module_preset=\u00bbdefault\u00bb back-body_font_size=\u00bb13px\u00bb custom_button=\u00bbon\u00bb button_text_size=\u00bb13px\u00bb button_text_color=\u00bbrgba(255,255,255,0.66)\u00bb button_border_width=\u00bb0px\u00bb button_icon=\u00bb&#x24;||divi||400&#8243; text_orientation=\u00bbcenter\u00bb custom_margin=\u00bb||0px||false|false\u00bb custom_padding=\u00bb0px|0px|0px|0px|true|true\u00bb hover_enabled=\u00bb0&#8243; custom_css_main_element=\u00bbheight:250px;||text-align:center;\u00bb custom_css_front_card=\u00bbpadding:0&#8243; custom_css_back_card=\u00bbheight:230px !important\u00bb custom_css_back_image=\u00bbmargin:0;||padding-top:1em||\u00bb global_colors_info=\u00bb{}\u00bb sticky_enabled=\u00bb0&#8243;][\/lwp_divi_flipbox][\/et_pb_column][et_pb_column type=\u00bb1_3&#8243; _builder_version=\u00bb4.17.4&#8243; _module_preset=\u00bbdefault\u00bb global_colors_info=\u00bb{}\u00bb][lwp_divi_flipbox front_src=\u00bbhttps:\/\/unab.edu.co\/acreditacion\/wp-content\/uploads\/sites\/3\/2022\/07\/btn-normas.png\u00bb front_background_color=\u00bbRGBA(255,255,255,0)\u00bb back_body=\u00bb<\/p>\n<p><em>ACUERDOS, LINEAMIENTOS<\/em><\/p>\n<p><strong>NORMATIVIDAD<\/strong><\/p>\n<p>\u00bb button_text=\u00bbM\u00e1s informaci\u00f3n\u00bb button_url=\u00bbhttps:\/\/unab.edu.co\/acreditacion\/normas\/\u00bb use_back_icon=\u00bbon\u00bb back_icon=\u00bb&#xe059;||divi||400&#8243; back_background_color=\u00bb#0f3c9a\u00bb back_icon_color=\u00bbrgba(255,255,255,0.7)\u00bb back_use_icon_font_size=\u00bbon\u00bb back_icon_font_size=\u00bb37px\u00bb flip_card_3d_effect=\u00bbon\u00bb _builder_version=\u00bb4.18.0&#8243; _module_preset=\u00bbdefault\u00bb back-body_font_size=\u00bb13px\u00bb custom_button=\u00bbon\u00bb button_text_size=\u00bb13px\u00bb button_text_color=\u00bbrgba(255,255,255,0.66)\u00bb button_border_width=\u00bb0px\u00bb button_icon=\u00bb&#x24;||divi||400&#8243; text_orientation=\u00bbcenter\u00bb custom_margin=\u00bb||0px||false|false\u00bb custom_padding=\u00bb0px|0px|0px|0px|true|true\u00bb hover_enabled=\u00bb0&#8243; custom_css_main_element=\u00bbheight:250px;||text-align:center;\u00bb custom_css_front_card=\u00bbpadding:0&#8243; custom_css_back_card=\u00bbheight:230px !important\u00bb custom_css_back_image=\u00bbmargin:0;||padding-top:1em||\u00bb global_colors_info=\u00bb{}\u00bb sticky_enabled=\u00bb0&#8243;][\/lwp_divi_flipbox][\/et_pb_column][et_pb_column type=\u00bb1_3&#8243; _builder_version=\u00bb4.17.4&#8243; _module_preset=\u00bbdefault\u00bb global_colors_info=\u00bb{}\u00bb][lwp_divi_flipbox front_src=\u00bbhttps:\/\/unab.edu.co\/acreditacion\/wp-content\/uploads\/sites\/3\/2022\/07\/btn-noticias.png\u00bb front_background_color=\u00bbRGBA(255,255,255,0)\u00bb back_body=\u00bb<\/p>\n<p><em>ENT\u00c9RATE<\/em><\/p>\n<p><strong>NOTICIAS<\/strong><\/p>\n<p>\u00bb button_text=\u00bbM\u00e1s informaci\u00f3n\u00bb button_url=\u00bbhttps:\/\/unab.edu.co\/category\/acreditacion\/\u00bb use_back_icon=\u00bbon\u00bb back_icon=\u00bb&#xf1ea;||fa||400&#8243; back_background_color=\u00bb#fda200&#8243; back_icon_color=\u00bbrgba(255,255,255,0.7)\u00bb back_use_icon_font_size=\u00bbon\u00bb back_icon_font_size=\u00bb37px\u00bb flip_card_3d_effect=\u00bbon\u00bb _builder_version=\u00bb4.18.0&#8243; _module_preset=\u00bbdefault\u00bb back-body_font_size=\u00bb13px\u00bb custom_button=\u00bbon\u00bb button_text_size=\u00bb13px\u00bb button_text_color=\u00bbrgba(255,255,255,0.66)\u00bb button_border_width=\u00bb0px\u00bb button_icon=\u00bb&#x24;||divi||400&#8243; text_orientation=\u00bbcenter\u00bb custom_margin=\u00bb||0px||false|false\u00bb custom_padding=\u00bb0px|0px|0px|0px|true|true\u00bb hover_enabled=\u00bb0&#8243; custom_css_main_element=\u00bbheight:250px;||text-align:center;\u00bb custom_css_front_card=\u00bbpadding:0&#8243; custom_css_back_card=\u00bbheight:230px !important\u00bb custom_css_back_image=\u00bbmargin:0;||padding-top:1em||\u00bb global_colors_info=\u00bb{}\u00bb sticky_enabled=\u00bb0&#8243;][\/lwp_divi_flipbox][\/et_pb_column][\/et_pb_row][\/et_pb_section]<\/p>\n","protected":false},"excerpt":{"rendered":"<p>M\u00e1s novedades en: | \u201cLa acreditaci\u00f3n es el reconocimiento de la alta calidad que otorga el Ministerio de Educaci\u00f3n Nacional a los programas acad\u00e9micos y a las instituciones que cumplen con los m\u00e1s altos criterios de calidad y que realizan sus prop\u00f3sitos y objetivos, teniendo en cuenta la naturaleza jur\u00eddica, identidad, misi\u00f3n, tipolog\u00eda, niveles de [&hellip;]<\/p>\n","protected":false},"author":1,"featured_media":0,"parent":0,"menu_order":0,"comment_status":"closed","ping_status":"closed","template":"","meta":{"_acf_changed":false,"_et_pb_use_builder":"on","_et_pb_old_content":"","_et_gb_content_width":"","footnotes":""},"class_list":["post-5","page","type-page","status-publish","hentry"],"acf":[],"_links":{"self":[{"href":"https:\/\/unab.edu.co\/acreditacion\/wp-json\/wp\/v2\/pages\/5","targetHints":{"allow":["GET"]}}],"collection":[{"href":"https:\/\/unab.edu.co\/acreditacion\/wp-json\/wp\/v2\/pages"}],"about":[{"href":"https:\/\/unab.edu.co\/acreditacion\/wp-json\/wp\/v2\/types\/page"}],"author":[{"embeddable":true,"href":"https:\/\/unab.edu.co\/acreditacion\/wp-json\/wp\/v2\/users\/1"}],"replies":[{"embeddable":true,"href":"https:\/\/unab.edu.co\/acreditacion\/wp-json\/wp\/v2\/comments?post=5"}],"version-history":[{"count":31,"href":"https:\/\/unab.edu.co\/acreditacion\/wp-json\/wp\/v2\/pages\/5\/revisions"}],"predecessor-version":[{"id":409,"href":"https:\/\/unab.edu.co\/acreditacion\/wp-json\/wp\/v2\/pages\/5\/revisions\/409"}],"wp:attachment":[{"href":"https:\/\/unab.edu.co\/acreditacion\/wp-json\/wp\/v2\/media?parent=5"}],"curies":[{"name":"wp","href":"https:\/\/api.w.org\/{rel}","templated":true}]}}