{"id":1240,"date":"2023-12-15T17:15:25","date_gmt":"2023-12-15T22:15:25","guid":{"rendered":"https:\/\/unab.edu.co\/cienciaabierta\/?page_id=1240"},"modified":"2023-12-18T15:39:42","modified_gmt":"2023-12-18T20:39:42","slug":"edicion-6","status":"publish","type":"page","link":"https:\/\/unab.edu.co\/cienciaabierta\/edicion-6\/","title":{"rendered":"Edici\u00f3n 6"},"content":{"rendered":"<p>[et_pb_section fb_built=\u00bb1&#8243; fullwidth=\u00bbon\u00bb _builder_version=\u00bb4.17.3&#8243; _module_preset=\u00bbdefault\u00bb global_colors_info=\u00bb{}\u00bb][et_pb_fullwidth_image src=\u00bbhttps:\/\/unab.edu.co\/cienciaabierta\/wp-content\/uploads\/2023\/12\/portada-edicion-6-1.jpg\u00bb title_text=\u00bbportada-edicion-6&#8243; _builder_version=\u00bb4.17.3&#8243; _module_preset=\u00bbdefault\u00bb custom_margin=\u00bb||||false|false\u00bb custom_padding=\u00bb||||false|false\u00bb global_colors_info=\u00bb{}\u00bb][\/et_pb_fullwidth_image][\/et_pb_section][et_pb_section fb_built=\u00bb1&#8243; _builder_version=\u00bb4.17.3&#8243; _module_preset=\u00bbdefault\u00bb global_colors_info=\u00bb{}\u00bb][et_pb_row _builder_version=\u00bb4.17.3&#8243; _module_preset=\u00bbdefault\u00bb custom_margin=\u00bb||0px||false|false\u00bb custom_padding=\u00bb||0px||false|false\u00bb locked=\u00bboff\u00bb global_colors_info=\u00bb{}\u00bb][et_pb_column type=\u00bb4_4&#8243; _builder_version=\u00bb4.16&#8243; _module_preset=\u00bbdefault\u00bb global_colors_info=\u00bb{}\u00bb][et_pb_text _builder_version=\u00bb4.17.3&#8243; _module_preset=\u00bbdefault\u00bb text_font=\u00bbAlmarai|700|||||||\u00bb text_text_color=\u00bb#D1522A\u00bb text_font_size=\u00bb13px\u00bb header_font=\u00bbPoppins|800|||||||\u00bb header_text_color=\u00bb#D1522A\u00bb header_font_size=\u00bb33px\u00bb header_3_font=\u00bbPoppins|800|||||||\u00bb header_3_text_align=\u00bbcenter\u00bb header_3_text_color=\u00bb#D1522A\u00bb header_3_font_size=\u00bb25px\u00bb header_3_line_height=\u00bb1.2em\u00bb custom_margin=\u00bb1em||0px||false|false\u00bb border_color_bottom=\u00bb#CE4F18&#8243; global_colors_info=\u00bb{}\u00bb]<\/p>\n<h1><b>Editorial<\/b><\/h1>\n<p>[\/et_pb_text][et_pb_divider color=\u00bb#CE4F18&#8243; divider_weight=\u00bb4px\u00bb _builder_version=\u00bb4.17.3&#8243; _module_preset=\u00bbdefault\u00bb width=\u00bb20%\u00bb max_width=\u00bb100%\u00bb module_alignment=\u00bbleft\u00bb custom_margin=\u00bb||||false|false\u00bb custom_padding=\u00bb||||false|false\u00bb global_colors_info=\u00bb{}\u00bb][\/et_pb_divider][\/et_pb_column][\/et_pb_row][et_pb_row _builder_version=\u00bb4.17.3&#8243; _module_preset=\u00bbdefault\u00bb custom_margin=\u00bb0px||||false|false\u00bb custom_padding=\u00bb0px||3em||false|false\u00bb global_colors_info=\u00bb{}\u00bb][et_pb_column type=\u00bb4_4&#8243; _builder_version=\u00bb4.17.3&#8243; _module_preset=\u00bbdefault\u00bb global_colors_info=\u00bb{}\u00bb][et_pb_testimonial portrait_url=\u00bbhttps:\/\/unab.edu.co\/cienciaabierta\/wp-content\/uploads\/2023\/12\/juan-carlos-mantilla.jpg\u00bb quote_icon_color=\u00bb#CE4F18&#8243; font_icon=\u00bb&#xe06a;||divi||400&#8243; portrait_width=\u00bb200px\u00bb portrait_height=\u00bb200px\u00bb _builder_version=\u00bb4.17.3&#8243; _module_preset=\u00bbdefault\u00bb body_font_size=\u00bb16px\u00bb author_font=\u00bbPoppins|700|||on||||\u00bb author_text_color=\u00bb#CE4F18&#8243; author_font_size=\u00bb17px\u00bb author_line_height=\u00bb1em\u00bb border_radii_portrait=\u00bbon|0px|0px|0px|0px\u00bb box_shadow_style=\u00bbpreset4&#8243; box_shadow_color=\u00bb#CE4F18&#8243; box_shadow_style_image=\u00bbpreset2&#8243; global_colors_info=\u00bb{}\u00bb]<\/p>\n<p style=\"text-align: justify;\"><span style=\"font-weight: 400; color: #000000;\"><span style=\"color: #993300;\"><strong>Por <b>Juan Carlos Mantilla Garc\u00eda<\/b><\/strong><\/span><br \/><\/span><span style=\"color: #000000;\">Ph.D, Director del Departamento de Estudios Sociohuman\u00edsticos Universidad UNAB<\/span><\/p>\n<p style=\"text-align: justify;\"><span style=\"color: #000000;\"><span style=\"font-weight: 400;\">La \u00e9tica aplicada, una disciplina que se ocupa de evaluar y orientar nuestras acciones y decisiones en diversos \u00e1mbitos de la vida humana, la sociedad y las relaciones con la naturaleza, desempe\u00f1a un papel esencial en nuestra \u00e9poca. En un mundo complejo caracterizado por la incertidumbre, la persistencia de problemas sociales como la pobreza y la violencia, y la urgencia de la crisis ecol\u00f3gica, la \u00e9tica aplicada se convierte en un faro capaz de orientarnos en la toma de decisiones fundamentales. <\/span><\/span><\/p>\n<p style=\"text-align: justify;\"><span style=\"color: #000000;\"><span style=\"font-weight: 400;\">Experimentamos un acelerado desarrollo cient\u00edfico y tecnol\u00f3gico que redefine la forma en que vivimos, trabajamos y pensamos el futuro. En este contexto, la \u00e9tica aplicada no solo se vuelve relevante, sino necesaria y urgente. Abarcando subdisciplinas como la bio\u00e9tica, la \u00e9tica del desarrollo, la \u00e9tica del medio ambiente, la \u00e9tica de la tecnolog\u00eda y la \u00e9tica de la investigaci\u00f3n cient\u00edfica, esta \u201cdisciplina interdisciplinaria\u201d aborda preguntas cruciales para la convivencia y la toma de decisiones en la sociedad. <\/span><\/span><\/p>\n<p>[\/et_pb_testimonial][et_pb_button button_text=\u00bbLee aqu\u00ed la editorial completa\u00bb button_alignment=\u00bbcenter\u00bb module_class=\u00bbpopmake-1247&#8243; _builder_version=\u00bb4.17.3&#8243; _module_preset=\u00bbdefault\u00bb custom_button=\u00bbon\u00bb button_text_size=\u00bb18px\u00bb button_text_color=\u00bb#FFFFFF\u00bb button_bg_color=\u00bb#CE4F18&#8243; button_border_color=\u00bb#CE4F18&#8243; button_font=\u00bbPoppins|600|||||||\u00bb button_icon=\u00bb&#xe04a;||divi||400&#8243; global_colors_info=\u00bb{}\u00bb][\/et_pb_button][\/et_pb_column][\/et_pb_row][et_pb_row _builder_version=\u00bb4.17.3&#8243; _module_preset=\u00bbdefault\u00bb custom_margin=\u00bb||0px||false|false\u00bb custom_padding=\u00bb||0px||false|false\u00bb locked=\u00bboff\u00bb global_colors_info=\u00bb{}\u00bb][et_pb_column type=\u00bb4_4&#8243; _builder_version=\u00bb4.16&#8243; _module_preset=\u00bbdefault\u00bb global_colors_info=\u00bb{}\u00bb][et_pb_text _builder_version=\u00bb4.17.3&#8243; _module_preset=\u00bbdefault\u00bb text_font=\u00bbAlmarai|700|||||||\u00bb text_text_color=\u00bb#D1522A\u00bb text_font_size=\u00bb13px\u00bb header_font=\u00bbPoppins|800|||||||\u00bb header_text_color=\u00bb#D1522A\u00bb header_font_size=\u00bb33px\u00bb header_3_font=\u00bbPoppins|800|||||||\u00bb header_3_text_align=\u00bbcenter\u00bb header_3_text_color=\u00bb#D1522A\u00bb header_3_font_size=\u00bb25px\u00bb header_3_line_height=\u00bb1.2em\u00bb custom_margin=\u00bb1em||0px||false|false\u00bb border_color_bottom=\u00bb#CE4F18&#8243; global_colors_info=\u00bb{}\u00bb]<\/p>\n<h1><b>Contenido<\/b><\/h1>\n<p>[\/et_pb_text][et_pb_divider color=\u00bb#CE4F18&#8243; divider_weight=\u00bb4px\u00bb _builder_version=\u00bb4.17.3&#8243; _module_preset=\u00bbdefault\u00bb width=\u00bb20%\u00bb max_width=\u00bb100%\u00bb module_alignment=\u00bbleft\u00bb custom_margin=\u00bb||||false|false\u00bb custom_padding=\u00bb||||false|false\u00bb global_colors_info=\u00bb{}\u00bb][\/et_pb_divider][\/et_pb_column][\/et_pb_row][et_pb_row _builder_version=\u00bb4.16&#8243; _module_preset=\u00bbdefault\u00bb global_colors_info=\u00bb{}\u00bb][et_pb_column type=\u00bb4_4&#8243; _builder_version=\u00bb4.16&#8243; _module_preset=\u00bbdefault\u00bb global_colors_info=\u00bb{}\u00bb][et_pb_image src=\u00bbhttps:\/\/unab.edu.co\/cienciaabierta\/wp-content\/uploads\/2023\/12\/matabacterias-portada.jpg\u00bb title_text=\u00bbmatabacterias-portada\u00bb url=\u00bb@ET-DC@eyJkeW5hbWljIjp0cnVlLCJjb250ZW50IjoicG9zdF9saW5rX3VybF9wb3N0Iiwic2V0dGluZ3MiOnsicG9zdF9pZCI6IjEyNTUifX0=@\u00bb _builder_version=\u00bb4.17.3&#8243; _dynamic_attributes=\u00bburl\u00bb _module_preset=\u00bbdefault\u00bb custom_margin=\u00bb||10px||false|false\u00bb box_shadow_style=\u00bbpreset2&#8243; global_colors_info=\u00bb{}\u00bb][\/et_pb_image][\/et_pb_column][\/et_pb_row][et_pb_row column_structure=\u00bb1_2,1_2&#8243; _builder_version=\u00bb4.16&#8243; _module_preset=\u00bbdefault\u00bb global_colors_info=\u00bb{}\u00bb][et_pb_column type=\u00bb1_2&#8243; _builder_version=\u00bb4.16&#8243; _module_preset=\u00bbdefault\u00bb global_colors_info=\u00bb{}\u00bb][et_pb_image src=\u00bbhttps:\/\/unab.edu.co\/cienciaabierta\/wp-content\/uploads\/2023\/12\/banquillo-amigable-portada.jpg\u00bb title_text=\u00bbbanquillo-amigable-portada\u00bb url=\u00bb@ET-DC@eyJkeW5hbWljIjp0cnVlLCJjb250ZW50IjoicG9zdF9saW5rX3VybF9wb3N0Iiwic2V0dGluZ3MiOnsicG9zdF9pZCI6IjEyNzEifX0=@\u00bb _builder_version=\u00bb4.17.3&#8243; _dynamic_attributes=\u00bburl\u00bb _module_preset=\u00bbdefault\u00bb box_shadow_style=\u00bbpreset2&#8243; global_colors_info=\u00bb{}\u00bb][\/et_pb_image][\/et_pb_column][et_pb_column type=\u00bb1_2&#8243; _builder_version=\u00bb4.16&#8243; _module_preset=\u00bbdefault\u00bb global_colors_info=\u00bb{}\u00bb][et_pb_image src=\u00bbhttps:\/\/unab.edu.co\/cienciaabierta\/wp-content\/uploads\/2023\/12\/huella-carbono-portada.jpg\u00bb title_text=\u00bbhuella-carbono-portada\u00bb url=\u00bb@ET-DC@eyJkeW5hbWljIjp0cnVlLCJjb250ZW50IjoicG9zdF9saW5rX3VybF9wb3N0Iiwic2V0dGluZ3MiOnsicG9zdF9pZCI6IjEyODQifX0=@\u00bb _builder_version=\u00bb4.17.3&#8243; _dynamic_attributes=\u00bburl\u00bb _module_preset=\u00bbdefault\u00bb box_shadow_style=\u00bbpreset2&#8243; global_colors_info=\u00bb{}\u00bb][\/et_pb_image][\/et_pb_column][\/et_pb_row][et_pb_row _builder_version=\u00bb4.16&#8243; _module_preset=\u00bbdefault\u00bb global_colors_info=\u00bb{}\u00bb][et_pb_column type=\u00bb4_4&#8243; _builder_version=\u00bb4.16&#8243; _module_preset=\u00bbdefault\u00bb global_colors_info=\u00bb{}\u00bb][et_pb_image src=\u00bbhttps:\/\/unab.edu.co\/cienciaabierta\/wp-content\/uploads\/2023\/12\/galeon-san-jose-portada.jpg\u00bb title_text=\u00bbgaleon-san-jose-portada\u00bb url=\u00bb@ET-DC@eyJkeW5hbWljIjp0cnVlLCJjb250ZW50IjoicG9zdF9saW5rX3VybF9wb3N0Iiwic2V0dGluZ3MiOnsicG9zdF9pZCI6IjEyOTQifX0=@\u00bb _builder_version=\u00bb4.17.3&#8243; _dynamic_attributes=\u00bburl\u00bb _module_preset=\u00bbdefault\u00bb box_shadow_style=\u00bbpreset2&#8243; global_colors_info=\u00bb{}\u00bb][\/et_pb_image][\/et_pb_column][\/et_pb_row][et_pb_row column_structure=\u00bb1_2,1_2&#8243; _builder_version=\u00bb4.16&#8243; _module_preset=\u00bbdefault\u00bb global_colors_info=\u00bb{}\u00bb][et_pb_column type=\u00bb1_2&#8243; _builder_version=\u00bb4.16&#8243; _module_preset=\u00bbdefault\u00bb global_colors_info=\u00bb{}\u00bb][et_pb_image src=\u00bbhttps:\/\/unab.edu.co\/cienciaabierta\/wp-content\/uploads\/2023\/12\/generaciones-trabajo.jpg\u00bb title_text=\u00bbgeneraciones-trabajo\u00bb url=\u00bb@ET-DC@eyJkeW5hbWljIjp0cnVlLCJjb250ZW50IjoicG9zdF9saW5rX3VybF9wb3N0Iiwic2V0dGluZ3MiOnsicG9zdF9pZCI6IjEzMDcifX0=@\u00bb _builder_version=\u00bb4.17.3&#8243; _dynamic_attributes=\u00bburl\u00bb _module_preset=\u00bbdefault\u00bb box_shadow_style=\u00bbpreset2&#8243; global_colors_info=\u00bb{}\u00bb][\/et_pb_image][\/et_pb_column][et_pb_column type=\u00bb1_2&#8243; _builder_version=\u00bb4.16&#8243; _module_preset=\u00bbdefault\u00bb global_colors_info=\u00bb{}\u00bb][et_pb_image src=\u00bbhttps:\/\/unab.edu.co\/cienciaabierta\/wp-content\/uploads\/2023\/12\/salvo-olvido-portada.jpg\u00bb title_text=\u00bbsalvo-olvido-portada\u00bb url=\u00bb@ET-DC@eyJkeW5hbWljIjp0cnVlLCJjb250ZW50IjoicG9zdF9saW5rX3VybF9wb3N0Iiwic2V0dGluZ3MiOnsicG9zdF9pZCI6IjEzMTgifX0=@\u00bb _builder_version=\u00bb4.17.3&#8243; _dynamic_attributes=\u00bburl\u00bb _module_preset=\u00bbdefault\u00bb hover_enabled=\u00bb0&#8243; box_shadow_style=\u00bbpreset2&#8243; global_colors_info=\u00bb{}\u00bb sticky_enabled=\u00bb0&#8243;][\/et_pb_image][\/et_pb_column][\/et_pb_row][et_pb_row _builder_version=\u00bb4.16&#8243; _module_preset=\u00bbdefault\u00bb global_colors_info=\u00bb{}\u00bb][et_pb_column type=\u00bb4_4&#8243; _builder_version=\u00bb4.16&#8243; _module_preset=\u00bbdefault\u00bb global_colors_info=\u00bb{}\u00bb][et_pb_image src=\u00bbhttps:\/\/unab.edu.co\/cienciaabierta\/wp-content\/uploads\/2023\/12\/rara-avis-portada.jpg\u00bb title_text=\u00bbrara-avis-portada\u00bb url=\u00bb@ET-DC@eyJkeW5hbWljIjp0cnVlLCJjb250ZW50IjoicG9zdF9saW5rX3VybF9wb3N0Iiwic2V0dGluZ3MiOnsicG9zdF9pZCI6IjEzMzcifX0=@\u00bb _builder_version=\u00bb4.17.3&#8243; _dynamic_attributes=\u00bburl\u00bb _module_preset=\u00bbdefault\u00bb box_shadow_style=\u00bbpreset2&#8243; global_colors_info=\u00bb{}\u00bb][\/et_pb_image][\/et_pb_column][\/et_pb_row][et_pb_row column_structure=\u00bb1_2,1_2&#8243; _builder_version=\u00bb4.16&#8243; _module_preset=\u00bbdefault\u00bb global_colors_info=\u00bb{}\u00bb][et_pb_column type=\u00bb1_2&#8243; _builder_version=\u00bb4.16&#8243; _module_preset=\u00bbdefault\u00bb global_colors_info=\u00bb{}\u00bb][et_pb_image src=\u00bbhttps:\/\/unab.edu.co\/cienciaabierta\/wp-content\/uploads\/2023\/12\/acoso-salas-cirugia.jpg\u00bb title_text=\u00bbacoso-salas-cirugia\u00bb url=\u00bb@ET-DC@eyJkeW5hbWljIjp0cnVlLCJjb250ZW50IjoicG9zdF9saW5rX3VybF9wb3N0Iiwic2V0dGluZ3MiOnsicG9zdF9pZCI6IjEzNTMifX0=@\u00bb _builder_version=\u00bb4.17.3&#8243; _dynamic_attributes=\u00bburl\u00bb _module_preset=\u00bbdefault\u00bb box_shadow_style=\u00bbpreset2&#8243; global_colors_info=\u00bb{}\u00bb][\/et_pb_image][\/et_pb_column][et_pb_column type=\u00bb1_2&#8243; _builder_version=\u00bb4.16&#8243; _module_preset=\u00bbdefault\u00bb global_colors_info=\u00bb{}\u00bb][et_pb_image src=\u00bbhttps:\/\/unab.edu.co\/cienciaabierta\/wp-content\/uploads\/2023\/12\/mascotas-portada.jpg\u00bb title_text=\u00bbmascotas-portada\u00bb url=\u00bb@ET-DC@eyJkeW5hbWljIjp0cnVlLCJjb250ZW50IjoicG9zdF9saW5rX3VybF9wb3N0Iiwic2V0dGluZ3MiOnsicG9zdF9pZCI6IjEzNjUifX0=@\u00bb _builder_version=\u00bb4.17.3&#8243; _dynamic_attributes=\u00bburl\u00bb _module_preset=\u00bbdefault\u00bb box_shadow_style=\u00bbpreset2&#8243; global_colors_info=\u00bb{}\u00bb][\/et_pb_image][\/et_pb_column][\/et_pb_row][et_pb_row _builder_version=\u00bb4.16&#8243; _module_preset=\u00bbdefault\u00bb global_colors_info=\u00bb{}\u00bb][et_pb_column type=\u00bb4_4&#8243; _builder_version=\u00bb4.16&#8243; _module_preset=\u00bbdefault\u00bb global_colors_info=\u00bb{}\u00bb][et_pb_image src=\u00bbhttps:\/\/unab.edu.co\/cienciaabierta\/wp-content\/uploads\/2023\/12\/manda-elecciones.jpg\u00bb title_text=\u00bbmanda-elecciones\u00bb url=\u00bb@ET-DC@eyJkeW5hbWljIjp0cnVlLCJjb250ZW50IjoicG9zdF9saW5rX3VybF9wb3N0Iiwic2V0dGluZ3MiOnsicG9zdF9pZCI6IjEzNzYifX0=@\u00bb _builder_version=\u00bb4.17.3&#8243; _dynamic_attributes=\u00bburl\u00bb _module_preset=\u00bbdefault\u00bb box_shadow_style=\u00bbpreset2&#8243; global_colors_info=\u00bb{}\u00bb][\/et_pb_image][\/et_pb_column][\/et_pb_row][\/et_pb_section]<\/p>\n","protected":false},"excerpt":{"rendered":"<p>EditorialPor Juan Carlos Mantilla Garc\u00edaPh.D, Director del Departamento de Estudios Sociohuman\u00edsticos Universidad UNAB La \u00e9tica aplicada, una disciplina que se ocupa de evaluar y orientar nuestras acciones y decisiones en diversos \u00e1mbitos de la vida humana, la sociedad y las relaciones con la naturaleza, desempe\u00f1a un papel esencial en nuestra \u00e9poca. En un mundo complejo [&hellip;]<\/p>\n","protected":false},"author":2,"featured_media":0,"parent":0,"menu_order":0,"comment_status":"closed","ping_status":"closed","template":"","meta":{"_et_pb_use_builder":"on","_et_pb_old_content":"","_et_gb_content_width":"","footnotes":""},"class_list":["post-1240","page","type-page","status-publish","hentry"],"_links":{"self":[{"href":"https:\/\/unab.edu.co\/cienciaabierta\/wp-json\/wp\/v2\/pages\/1240","targetHints":{"allow":["GET"]}}],"collection":[{"href":"https:\/\/unab.edu.co\/cienciaabierta\/wp-json\/wp\/v2\/pages"}],"about":[{"href":"https:\/\/unab.edu.co\/cienciaabierta\/wp-json\/wp\/v2\/types\/page"}],"author":[{"embeddable":true,"href":"https:\/\/unab.edu.co\/cienciaabierta\/wp-json\/wp\/v2\/users\/2"}],"replies":[{"embeddable":true,"href":"https:\/\/unab.edu.co\/cienciaabierta\/wp-json\/wp\/v2\/comments?post=1240"}],"version-history":[{"count":18,"href":"https:\/\/unab.edu.co\/cienciaabierta\/wp-json\/wp\/v2\/pages\/1240\/revisions"}],"predecessor-version":[{"id":1398,"href":"https:\/\/unab.edu.co\/cienciaabierta\/wp-json\/wp\/v2\/pages\/1240\/revisions\/1398"}],"wp:attachment":[{"href":"https:\/\/unab.edu.co\/cienciaabierta\/wp-json\/wp\/v2\/media?parent=1240"}],"curies":[{"name":"wp","href":"https:\/\/api.w.org\/{rel}","templated":true}]}}