{"id":593,"date":"2022-12-14T15:20:41","date_gmt":"2022-12-14T20:20:41","guid":{"rendered":"https:\/\/unab.edu.co\/cienciaabierta\/?page_id=593"},"modified":"2023-06-26T11:14:41","modified_gmt":"2023-06-26T16:14:41","slug":"edicion-4","status":"publish","type":"page","link":"https:\/\/unab.edu.co\/cienciaabierta\/edicion-4\/","title":{"rendered":"Edici\u00f3n 4"},"content":{"rendered":"<p>[et_pb_section fb_built=\u00bb1&#8243; fullwidth=\u00bbon\u00bb _builder_version=\u00bb4.17.3&#8243; _module_preset=\u00bbdefault\u00bb global_colors_info=\u00bb{}\u00bb][et_pb_fullwidth_image src=\u00bbhttps:\/\/unab.edu.co\/cienciaabierta\/wp-content\/uploads\/2022\/12\/portada-cuarta-edicion-scaled.jpg\u00bb title_text=\u00bbportada-cuarta-edicion\u00bb _builder_version=\u00bb4.17.3&#8243; _module_preset=\u00bbdefault\u00bb global_colors_info=\u00bb{}\u00bb][\/et_pb_fullwidth_image][\/et_pb_section][et_pb_section fb_built=\u00bb1&#8243; _builder_version=\u00bb4.17.3&#8243; _module_preset=\u00bbdefault\u00bb global_colors_info=\u00bb{}\u00bb][et_pb_row _builder_version=\u00bb4.17.3&#8243; _module_preset=\u00bbdefault\u00bb custom_margin=\u00bb||0px||false|false\u00bb custom_padding=\u00bb||0px||false|false\u00bb locked=\u00bboff\u00bb global_colors_info=\u00bb{}\u00bb][et_pb_column type=\u00bb4_4&#8243; _builder_version=\u00bb4.16&#8243; _module_preset=\u00bbdefault\u00bb global_colors_info=\u00bb{}\u00bb][et_pb_text _builder_version=\u00bb4.17.3&#8243; _module_preset=\u00bbdefault\u00bb text_font=\u00bbAlmarai|700|||||||\u00bb text_text_color=\u00bb#D1522A\u00bb text_font_size=\u00bb13px\u00bb header_font=\u00bbPoppins|800|||||||\u00bb header_text_color=\u00bb#D1522A\u00bb header_font_size=\u00bb33px\u00bb header_3_font=\u00bbPoppins|800|||||||\u00bb header_3_text_align=\u00bbcenter\u00bb header_3_text_color=\u00bb#D1522A\u00bb header_3_font_size=\u00bb25px\u00bb header_3_line_height=\u00bb1.2em\u00bb custom_margin=\u00bb1em||0px||false|false\u00bb border_color_bottom=\u00bb#CE4F18&#8243; global_colors_info=\u00bb{}\u00bb]<\/p>\n<h1><b>Editorial<\/b><\/h1>\n<p>[\/et_pb_text][et_pb_divider color=\u00bb#CE4F18&#8243; divider_weight=\u00bb4px\u00bb _builder_version=\u00bb4.17.3&#8243; _module_preset=\u00bbdefault\u00bb width=\u00bb20%\u00bb max_width=\u00bb100%\u00bb module_alignment=\u00bbleft\u00bb custom_margin=\u00bb||||false|false\u00bb custom_padding=\u00bb||||false|false\u00bb global_colors_info=\u00bb{}\u00bb][\/et_pb_divider][\/et_pb_column][\/et_pb_row][et_pb_row _builder_version=\u00bb4.17.3&#8243; _module_preset=\u00bbdefault\u00bb custom_margin=\u00bb0px||||false|false\u00bb custom_padding=\u00bb0px||3em||false|false\u00bb global_colors_info=\u00bb{}\u00bb][et_pb_column type=\u00bb4_4&#8243; _builder_version=\u00bb4.17.3&#8243; _module_preset=\u00bbdefault\u00bb global_colors_info=\u00bb{}\u00bb][et_pb_testimonial portrait_url=\u00bbhttps:\/\/unab.edu.co\/cienciaabierta\/wp-content\/uploads\/2022\/12\/cesar-yobany.jpg\u00bb quote_icon_color=\u00bb#CE4F18&#8243; font_icon=\u00bb&#xe06a;||divi||400&#8243; portrait_width=\u00bb200px\u00bb portrait_height=\u00bb200px\u00bb _builder_version=\u00bb4.17.3&#8243; _module_preset=\u00bbdefault\u00bb body_font_size=\u00bb16px\u00bb author_font=\u00bbPoppins|700|||on||||\u00bb author_text_color=\u00bb#CE4F18&#8243; author_font_size=\u00bb17px\u00bb author_line_height=\u00bb1em\u00bb border_radii_portrait=\u00bbon|0px|0px|0px|0px\u00bb box_shadow_style=\u00bbpreset4&#8243; box_shadow_color=\u00bb#CE4F18&#8243; global_colors_info=\u00bb{}\u00bb]<\/p>\n<p style=\"text-align: justify;\"><span style=\"font-weight: 400; color: #000000;\"><span style=\"color: #993300;\"><strong>Por C\u00e9sar Yobany Acevedo Arenas<\/strong><\/span><br \/>Director Programa de Ingenier\u00eda en Energ\u00eda UNAB<\/span><span style=\"font-weight: 400; color: #000000;\"><\/span><\/p>\n<p style=\"text-align: justify;\"><span style=\"font-weight: 400; color: #000000;\">Si nos preguntaran, \u00bfqu\u00e9 inventos, tecnol\u00f3gicamente disponibles, ayudan a evitar las consecuencias del calentamiento global?, probablemente muchos responder\u00edan: Los m\u00f3dulos solares fotovoltaicos, los aerogeneradores, las turbinas hidr\u00e1ulicas, entre otros.<\/span><\/p>\n<p style=\"text-align: justify;\"><span style=\"font-weight: 400; color: #000000;\">El com\u00fan denominador de todos estos procesos de transformaci\u00f3n energ\u00eda (usando fuentes renovables) es que comparten como producto final la energ\u00eda el\u00e9ctrica; sin embargo, cuando miramos las causas de las emisiones de los Gases de Efecto Invernadero \u2013 GEI, la generaci\u00f3n el\u00e9ctrica es causante solo en un 26 %. Es decir, si no se emitiera una sola mol\u00e9cula a partir de la quema de combustibles para generaci\u00f3n de electricidad en el mundo (algo en realidad imposible de alcanzar, al menos en el corto y mediano plazo), nos quedar\u00eda faltando por solucionar el 74 % del problema.\u00a0<\/span><\/p>\n<p>[\/et_pb_testimonial][et_pb_button button_text=\u00bbLee aqu\u00ed la editorial completa\u00bb button_alignment=\u00bbcenter\u00bb module_class=\u00bbpopmake-1030&#8243; _builder_version=\u00bb4.17.3&#8243; _module_preset=\u00bbdefault\u00bb custom_button=\u00bbon\u00bb button_text_size=\u00bb18px\u00bb button_text_color=\u00bb#FFFFFF\u00bb button_bg_color=\u00bb#CE4F18&#8243; button_border_color=\u00bb#CE4F18&#8243; button_font=\u00bbPoppins|600|||||||\u00bb button_icon=\u00bb&#xe04a;||divi||400&#8243; hover_enabled=\u00bb0&#8243; global_colors_info=\u00bb{}\u00bb sticky_enabled=\u00bb0&#8243;][\/et_pb_button][\/et_pb_column][\/et_pb_row][et_pb_row _builder_version=\u00bb4.17.3&#8243; _module_preset=\u00bbdefault\u00bb custom_margin=\u00bb||0px||false|false\u00bb custom_padding=\u00bb||0px||false|false\u00bb locked=\u00bboff\u00bb global_colors_info=\u00bb{}\u00bb][et_pb_column type=\u00bb4_4&#8243; _builder_version=\u00bb4.16&#8243; _module_preset=\u00bbdefault\u00bb global_colors_info=\u00bb{}\u00bb][et_pb_text _builder_version=\u00bb4.17.3&#8243; _module_preset=\u00bbdefault\u00bb text_font=\u00bbAlmarai|700|||||||\u00bb text_text_color=\u00bb#D1522A\u00bb text_font_size=\u00bb13px\u00bb header_font=\u00bbPoppins|800|||||||\u00bb header_text_color=\u00bb#D1522A\u00bb header_font_size=\u00bb33px\u00bb header_3_font=\u00bbPoppins|800|||||||\u00bb header_3_text_align=\u00bbcenter\u00bb header_3_text_color=\u00bb#D1522A\u00bb header_3_font_size=\u00bb25px\u00bb header_3_line_height=\u00bb1.2em\u00bb custom_margin=\u00bb1em||0px||false|false\u00bb border_color_bottom=\u00bb#CE4F18&#8243; global_colors_info=\u00bb{}\u00bb]<\/p>\n<h1><b>Contenido<\/b><\/h1>\n<p>[\/et_pb_text][et_pb_divider color=\u00bb#CE4F18&#8243; divider_weight=\u00bb4px\u00bb _builder_version=\u00bb4.17.3&#8243; _module_preset=\u00bbdefault\u00bb width=\u00bb20%\u00bb max_width=\u00bb100%\u00bb module_alignment=\u00bbleft\u00bb custom_margin=\u00bb||||false|false\u00bb custom_padding=\u00bb||||false|false\u00bb global_colors_info=\u00bb{}\u00bb][\/et_pb_divider][\/et_pb_column][\/et_pb_row][et_pb_row _builder_version=\u00bb4.16&#8243; _module_preset=\u00bbdefault\u00bb global_colors_info=\u00bb{}\u00bb][et_pb_column type=\u00bb4_4&#8243; _builder_version=\u00bb4.16&#8243; _module_preset=\u00bbdefault\u00bb global_colors_info=\u00bb{}\u00bb][et_pb_image src=\u00bbhttps:\/\/unab.edu.co\/cienciaabierta\/wp-content\/uploads\/2022\/12\/portada-transicion-2.jpg\u00bb title_text=\u00bbportada-transicion-2&#8243; url=\u00bb@ET-DC@eyJkeW5hbWljIjp0cnVlLCJjb250ZW50IjoicG9zdF9saW5rX3VybF9wb3N0Iiwic2V0dGluZ3MiOnsicG9zdF9pZCI6Ijc3MyJ9fQ==@\u00bb _builder_version=\u00bb4.17.3&#8243; _dynamic_attributes=\u00bburl\u00bb _module_preset=\u00bbdefault\u00bb custom_margin=\u00bb||10px||false|false\u00bb box_shadow_style=\u00bbpreset2&#8243; global_colors_info=\u00bb{}\u00bb][\/et_pb_image][\/et_pb_column][\/et_pb_row][et_pb_row column_structure=\u00bb1_2,1_2&#8243; _builder_version=\u00bb4.16&#8243; _module_preset=\u00bbdefault\u00bb global_colors_info=\u00bb{}\u00bb][et_pb_column type=\u00bb1_2&#8243; _builder_version=\u00bb4.16&#8243; _module_preset=\u00bbdefault\u00bb global_colors_info=\u00bb{}\u00bb][et_pb_image src=\u00bbhttps:\/\/unab.edu.co\/cienciaabierta\/wp-content\/uploads\/2022\/12\/portada-entrevista-andres.jpg\u00bb title_text=\u00bbportada-entrevista-andres\u00bb url=\u00bb@ET-DC@eyJkeW5hbWljIjp0cnVlLCJjb250ZW50IjoicG9zdF9saW5rX3VybF9wb3N0Iiwic2V0dGluZ3MiOnsicG9zdF9pZCI6Ijc0NiJ9fQ==@\u00bb _builder_version=\u00bb4.17.3&#8243; _dynamic_attributes=\u00bburl\u00bb _module_preset=\u00bbdefault\u00bb box_shadow_style=\u00bbpreset2&#8243; global_colors_info=\u00bb{}\u00bb][\/et_pb_image][\/et_pb_column][et_pb_column type=\u00bb1_2&#8243; _builder_version=\u00bb4.16&#8243; _module_preset=\u00bbdefault\u00bb global_colors_info=\u00bb{}\u00bb][et_pb_image src=\u00bbhttps:\/\/unab.edu.co\/cienciaabierta\/wp-content\/uploads\/2022\/12\/portada-sondeo-1.jpg\u00bb title_text=\u00bbportada-sondeo\u00bb url=\u00bb@ET-DC@eyJkeW5hbWljIjp0cnVlLCJjb250ZW50IjoicG9zdF9saW5rX3VybF9wb3N0Iiwic2V0dGluZ3MiOnsicG9zdF9pZCI6Ijc5MCJ9fQ==@\u00bb _builder_version=\u00bb4.17.3&#8243; _dynamic_attributes=\u00bburl\u00bb _module_preset=\u00bbdefault\u00bb box_shadow_style=\u00bbpreset2&#8243; global_colors_info=\u00bb{}\u00bb][\/et_pb_image][\/et_pb_column][\/et_pb_row][et_pb_row _builder_version=\u00bb4.16&#8243; _module_preset=\u00bbdefault\u00bb global_colors_info=\u00bb{}\u00bb][et_pb_column type=\u00bb4_4&#8243; _builder_version=\u00bb4.16&#8243; _module_preset=\u00bbdefault\u00bb global_colors_info=\u00bb{}\u00bb][et_pb_image src=\u00bbhttps:\/\/unab.edu.co\/cienciaabierta\/wp-content\/uploads\/2022\/12\/portada-barranca-3.jpg\u00bb title_text=\u00bbportada-barranca-3&#8243; url=\u00bb@ET-DC@eyJkeW5hbWljIjp0cnVlLCJjb250ZW50IjoicG9zdF9saW5rX3VybF9wb3N0Iiwic2V0dGluZ3MiOnsicG9zdF9pZCI6IjcwNSJ9fQ==@\u00bb _builder_version=\u00bb4.17.3&#8243; _dynamic_attributes=\u00bburl\u00bb _module_preset=\u00bbdefault\u00bb box_shadow_style=\u00bbpreset2&#8243; global_colors_info=\u00bb{}\u00bb][\/et_pb_image][\/et_pb_column][\/et_pb_row][et_pb_row column_structure=\u00bb1_2,1_2&#8243; _builder_version=\u00bb4.17.3&#8243; _module_preset=\u00bbdefault\u00bb background_color=\u00bb#CE4F18&#8243; custom_margin=\u00bb2em||3em||false|false\u00bb custom_padding=\u00bb|2em||1.5em|false|false\u00bb border_radii=\u00bbon|5px|5px|5px|5px\u00bb box_shadow_style=\u00bbpreset4&#8243; global_colors_info=\u00bb{}\u00bb][et_pb_column type=\u00bb1_2&#8243; _builder_version=\u00bb4.17.3&#8243; _module_preset=\u00bbdefault\u00bb global_colors_info=\u00bb{}\u00bb][et_pb_text _builder_version=\u00bb4.17.3&#8243; _module_preset=\u00bbdefault\u00bb header_2_font=\u00bbPoppins||||||||\u00bb header_2_text_color=\u00bb#FFFFFF\u00bb custom_margin=\u00bb10px||0px||false|false\u00bb global_colors_info=\u00bb{}\u00bb]<\/p>\n<h2 style=\"text-align: left;\"><strong>Proyecto Solar Chicamocha<\/strong><\/h2>\n<p>[\/et_pb_text][et_pb_divider color=\u00bb#FFFFFF\u00bb divider_weight=\u00bb4px\u00bb _builder_version=\u00bb4.17.3&#8243; _module_preset=\u00bbdefault\u00bb width=\u00bb20%\u00bb max_width=\u00bb100%\u00bb module_alignment=\u00bbleft\u00bb custom_margin=\u00bb||10px||false|false\u00bb custom_padding=\u00bb||||false|false\u00bb locked=\u00bboff\u00bb global_colors_info=\u00bb{}\u00bb][\/et_pb_divider][et_pb_image src=\u00bbhttps:\/\/unab.edu.co\/cienciaabierta\/wp-content\/uploads\/2022\/12\/proyecto-solar-2.jpg\u00bb title_text=\u00bbproyecto-solar-2&#8243; _builder_version=\u00bb4.17.3&#8243; _module_preset=\u00bbdefault\u00bb box_shadow_style=\u00bbpreset2&#8243; global_colors_info=\u00bb{}\u00bb][\/et_pb_image][\/et_pb_column][et_pb_column type=\u00bb1_2&#8243; _builder_version=\u00bb4.17.3&#8243; _module_preset=\u00bbdefault\u00bb custom_padding=\u00bb3em||||false|false\u00bb global_colors_info=\u00bb{}\u00bb][et_pb_text _builder_version=\u00bb4.17.3&#8243; _module_preset=\u00bbdefault\u00bb text_font=\u00bbPoppins||||||||\u00bb text_text_color=\u00bb#FFFFFF\u00bb text_font_size=\u00bb16px\u00bb header_4_font=\u00bbAlmarai||||||||\u00bb header_4_text_align=\u00bbcenter\u00bb header_4_font_size=\u00bb20px\u00bb header_4_line_height=\u00bb1.2em\u00bb custom_margin=\u00bb||5px||false|false\u00bb global_colors_info=\u00bb{}\u00bb]<\/p>\n<p style=\"text-align: justify;\"><span style=\"font-weight: 400;\">A inicios de este a\u00f1o la empresa de energ\u00eda Celsia, del Grupo Argos, comenz\u00f3 en Santander la construcci\u00f3n de una granja integrada por cuatro parques solares que generar\u00e1 80 megavatios, y con la que se podr\u00edan alimentar cerca de 50.000 clientes residenciales.<\/span><\/p>\n<p style=\"text-align: justify;\"><span style=\"font-weight: 400;\">En la imagen se aprecia la subestaci\u00f3n Mesa del Sol, ubicada en la vereda Tabacal del municipio Los Santos, de la cual es propietaria la Electrificadora de Santander &#8211; ESSA y en la que se ha invertido cerca de 40.000 millones de pesos.\u00a0<\/span><\/p>\n<p style=\"text-align: justify;\"><span style=\"font-weight: 400;\">Se espera que en diciembre de 2023 empiece su funcionamiento con 60 megavatios, y posteriormente (aproximadamente en 2027) entrar\u00eda en operaci\u00f3n con otros 20 MW.<\/span><\/p>\n<p style=\"text-align: justify;\"><span style=\"font-weight: 400;\">Esta granja evitar\u00e1 la emisi\u00f3n de 2 millones de toneladas de CO2 en 30 a\u00f1os. (buscar equivalente)<\/span><\/p>\n<p>[\/et_pb_text][\/et_pb_column][\/et_pb_row][et_pb_row column_structure=\u00bb1_2,1_2&#8243; _builder_version=\u00bb4.16&#8243; _module_preset=\u00bbdefault\u00bb global_colors_info=\u00bb{}\u00bb][et_pb_column type=\u00bb1_2&#8243; _builder_version=\u00bb4.16&#8243; _module_preset=\u00bbdefault\u00bb global_colors_info=\u00bb{}\u00bb][et_pb_image src=\u00bbhttps:\/\/unab.edu.co\/cienciaabierta\/wp-content\/uploads\/2022\/12\/portada-algas-2.jpg\u00bb title_text=\u00bbportada-algas-2&#8243; url=\u00bb@ET-DC@eyJkeW5hbWljIjp0cnVlLCJjb250ZW50IjoicG9zdF9saW5rX3VybF9wb3N0Iiwic2V0dGluZ3MiOnsicG9zdF9pZCI6IjY3OSJ9fQ==@\u00bb _builder_version=\u00bb4.17.3&#8243; _dynamic_attributes=\u00bburl\u00bb _module_preset=\u00bbdefault\u00bb box_shadow_style=\u00bbpreset2&#8243; global_colors_info=\u00bb{}\u00bb][\/et_pb_image][\/et_pb_column][et_pb_column type=\u00bb1_2&#8243; _builder_version=\u00bb4.16&#8243; _module_preset=\u00bbdefault\u00bb global_colors_info=\u00bb{}\u00bb][et_pb_image src=\u00bbhttps:\/\/unab.edu.co\/cienciaabierta\/wp-content\/uploads\/2022\/12\/portada-vocaciones.jpg\u00bb title_text=\u00bbportada-vocaciones\u00bb url=\u00bb@ET-DC@eyJkeW5hbWljIjp0cnVlLCJjb250ZW50IjoicG9zdF9saW5rX3VybF9wb3N0Iiwic2V0dGluZ3MiOnsicG9zdF9pZCI6IjY1OCJ9fQ==@\u00bb _builder_version=\u00bb4.17.3&#8243; _dynamic_attributes=\u00bburl\u00bb _module_preset=\u00bbdefault\u00bb box_shadow_style=\u00bbpreset2&#8243; global_colors_info=\u00bb{}\u00bb][\/et_pb_image][\/et_pb_column][\/et_pb_row][et_pb_row _builder_version=\u00bb4.16&#8243; _module_preset=\u00bbdefault\u00bb global_colors_info=\u00bb{}\u00bb][et_pb_column type=\u00bb4_4&#8243; _builder_version=\u00bb4.16&#8243; _module_preset=\u00bbdefault\u00bb global_colors_info=\u00bb{}\u00bb][et_pb_image src=\u00bbhttps:\/\/unab.edu.co\/cienciaabierta\/wp-content\/uploads\/2022\/12\/portada-conquista-espacio.jpg\u00bb title_text=\u00bbportada-conquista-espacio\u00bb url=\u00bb@ET-DC@eyJkeW5hbWljIjp0cnVlLCJjb250ZW50IjoicG9zdF9saW5rX3VybF9wb3N0Iiwic2V0dGluZ3MiOnsicG9zdF9pZCI6IjY0MiJ9fQ==@\u00bb _builder_version=\u00bb4.17.3&#8243; _dynamic_attributes=\u00bburl\u00bb _module_preset=\u00bbdefault\u00bb box_shadow_style=\u00bbpreset2&#8243; global_colors_info=\u00bb{}\u00bb][\/et_pb_image][\/et_pb_column][\/et_pb_row][et_pb_row column_structure=\u00bb1_2,1_2&#8243; _builder_version=\u00bb4.16&#8243; _module_preset=\u00bbdefault\u00bb global_colors_info=\u00bb{}\u00bb][et_pb_column type=\u00bb1_2&#8243; _builder_version=\u00bb4.16&#8243; _module_preset=\u00bbdefault\u00bb global_colors_info=\u00bb{}\u00bb][et_pb_image src=\u00bbhttps:\/\/unab.edu.co\/cienciaabierta\/wp-content\/uploads\/2022\/12\/portada-guanabana.jpg\u00bb title_text=\u00bbportada-guanabana\u00bb url=\u00bb@ET-DC@eyJkeW5hbWljIjp0cnVlLCJjb250ZW50IjoicG9zdF9saW5rX3VybF9wb3N0Iiwic2V0dGluZ3MiOnsicG9zdF9pZCI6IjU5NiJ9fQ==@\u00bb _builder_version=\u00bb4.17.3&#8243; _dynamic_attributes=\u00bburl\u00bb _module_preset=\u00bbdefault\u00bb box_shadow_style=\u00bbpreset2&#8243; global_colors_info=\u00bb{}\u00bb][\/et_pb_image][\/et_pb_column][et_pb_column type=\u00bb1_2&#8243; _builder_version=\u00bb4.16&#8243; _module_preset=\u00bbdefault\u00bb global_colors_info=\u00bb{}\u00bb][\/et_pb_column][\/et_pb_row][\/et_pb_section]<\/p>\n","protected":false},"excerpt":{"rendered":"<p>EditorialPor C\u00e9sar Yobany Acevedo ArenasDirector Programa de Ingenier\u00eda en Energ\u00eda UNAB Si nos preguntaran, \u00bfqu\u00e9 inventos, tecnol\u00f3gicamente disponibles, ayudan a evitar las consecuencias del calentamiento global?, probablemente muchos responder\u00edan: Los m\u00f3dulos solares fotovoltaicos, los aerogeneradores, las turbinas hidr\u00e1ulicas, entre otros. El com\u00fan denominador de todos estos procesos de transformaci\u00f3n energ\u00eda (usando fuentes renovables) es que [&hellip;]<\/p>\n","protected":false},"author":2,"featured_media":0,"parent":0,"menu_order":0,"comment_status":"closed","ping_status":"closed","template":"","meta":{"_et_pb_use_builder":"on","_et_pb_old_content":"","_et_gb_content_width":"","footnotes":""},"class_list":["post-593","page","type-page","status-publish","hentry"],"_links":{"self":[{"href":"https:\/\/unab.edu.co\/cienciaabierta\/wp-json\/wp\/v2\/pages\/593","targetHints":{"allow":["GET"]}}],"collection":[{"href":"https:\/\/unab.edu.co\/cienciaabierta\/wp-json\/wp\/v2\/pages"}],"about":[{"href":"https:\/\/unab.edu.co\/cienciaabierta\/wp-json\/wp\/v2\/types\/page"}],"author":[{"embeddable":true,"href":"https:\/\/unab.edu.co\/cienciaabierta\/wp-json\/wp\/v2\/users\/2"}],"replies":[{"embeddable":true,"href":"https:\/\/unab.edu.co\/cienciaabierta\/wp-json\/wp\/v2\/comments?post=593"}],"version-history":[{"count":36,"href":"https:\/\/unab.edu.co\/cienciaabierta\/wp-json\/wp\/v2\/pages\/593\/revisions"}],"predecessor-version":[{"id":1092,"href":"https:\/\/unab.edu.co\/cienciaabierta\/wp-json\/wp\/v2\/pages\/593\/revisions\/1092"}],"wp:attachment":[{"href":"https:\/\/unab.edu.co\/cienciaabierta\/wp-json\/wp\/v2\/media?parent=593"}],"curies":[{"name":"wp","href":"https:\/\/api.w.org\/{rel}","templated":true}]}}