{"id":843,"date":"2025-10-29T19:19:26","date_gmt":"2025-10-30T00:19:26","guid":{"rendered":"https:\/\/unab.edu.co\/donaciones\/?page_id=843"},"modified":"2025-12-09T18:12:43","modified_gmt":"2025-12-09T23:12:43","slug":"donaton","status":"publish","type":"page","link":"https:\/\/unab.edu.co\/donaciones\/donaton\/","title":{"rendered":"donaton"},"content":{"rendered":"<p>[et_pb_section fb_built=\u00bb1&#8243; admin_label=\u00bbHow We Do\u00bb _builder_version=\u00bb4.27.4&#8243; _module_preset=\u00bbdefault\u00bb background_color=\u00bb#ffa800&#8243; global_colors_info=\u00bb{}\u00bb][et_pb_row column_structure=\u00bb2_5,3_5&#8243; _builder_version=\u00bb4.27.4&#8243; _module_preset=\u00bbdefault\u00bb global_colors_info=\u00bb{}\u00bb][et_pb_column type=\u00bb2_5&#8243; _builder_version=\u00bb4.27.4&#8243; _module_preset=\u00bbdefault\u00bb global_colors_info=\u00bb{}\u00bb][et_pb_image src=\u00bbhttps:\/\/unab.edu.co\/donaciones\/wp-content\/uploads\/sites\/6\/2025\/10\/logo-filantropia-w.png\u00bb title_text=\u00bblogo-filantropia-w\u00bb align=\u00bbcenter\u00bb _builder_version=\u00bb4.27.4&#8243; _module_preset=\u00bbdefault\u00bb max_width=\u00bb250px\u00bb module_alignment=\u00bbcenter\u00bb animation_style=\u00bbbounce\u00bb global_colors_info=\u00bb{}\u00bb][\/et_pb_image][et_pb_image src=\u00bbhttps:\/\/unab.edu.co\/donaciones\/wp-content\/uploads\/sites\/6\/2025\/10\/img-donaton-a.jpg\u00bb title_text=\u00bbimg-donaton-a\u00bb align=\u00bbcenter\u00bb _builder_version=\u00bb4.27.4&#8243; _module_preset=\u00bbdefault\u00bb animation_style=\u00bbslide\u00bb animation_direction=\u00bbleft\u00bb global_colors_info=\u00bb{}\u00bb][\/et_pb_image][\/et_pb_column][et_pb_column type=\u00bb3_5&#8243; _builder_version=\u00bb4.27.4&#8243; _module_preset=\u00bbdefault\u00bb global_colors_info=\u00bb{}\u00bb][et_pb_image src=\u00bbhttps:\/\/unab.edu.co\/donaciones\/wp-content\/uploads\/sites\/6\/2025\/10\/img-donaton-text.png\u00bb title_text=\u00bbimg-donaton-text\u00bb align=\u00bbcenter\u00bb _builder_version=\u00bb4.27.4&#8243; _module_preset=\u00bbdefault\u00bb animation_style=\u00bbslide\u00bb global_colors_info=\u00bb{}\u00bb][\/et_pb_image][et_pb_text _builder_version=\u00bb4.27.4&#8243; _module_preset=\u00bbdefault\u00bb text_font=\u00bb&#8211;et_global_body_font|600|||||||\u00bb text_text_color=\u00bb#FFFFFF\u00bb text_font_size=\u00bb2em\u00bb text_line_height=\u00bb1.2em\u00bb text_orientation=\u00bbcenter\u00bb animation_style=\u00bbslide\u00bb global_colors_info=\u00bb{}\u00bb]<\/p>\n<p>Queremos <strong>transformar m\u00e1s vidas<\/strong> a trav\u00e9s de la educaci\u00f3n<\/p>\n<p>[\/et_pb_text][et_pb_text _builder_version=\u00bb4.27.4&#8243; _module_preset=\u00bbdefault\u00bb text_font=\u00bb&#8211;et_global_body_font|700|||||||\u00bb text_text_color=\u00bb#8300E9&#8243; text_font_size=\u00bb1.5em\u00bb text_orientation=\u00bbcenter\u00bb max_width=\u00bb350px\u00bb module_alignment=\u00bbcenter\u00bb custom_margin=\u00bb||||false|true\u00bb custom_padding=\u00bb0.5em|0.5em|0.5em|0.5em|true|true\u00bb animation_style=\u00bbbounce\u00bb border_radii=\u00bbon|7px|7px|7px|7px\u00bb global_colors_info=\u00bb{}\u00bb]<\/p>\n<p>Nuestra meta es reunir:<\/p>\n<p>[\/et_pb_text][et_pb_text _builder_version=\u00bb4.27.4&#8243; _module_preset=\u00bbdefault\u00bb text_font=\u00bb&#8211;et_global_body_font|800|||||||\u00bb text_text_color=\u00bb#8300E9&#8243; text_font_size=\u00bb4em\u00bb text_orientation=\u00bbcenter\u00bb animation_style=\u00bbzoom\u00bb global_colors_info=\u00bb{}\u00bb]<\/p>\n<p>$77.000.000<\/p>\n<p>[\/et_pb_text][et_pb_text _builder_version=\u00bb4.27.4&#8243; _module_preset=\u00bbdefault\u00bb text_font=\u00bb&#8211;et_global_body_font|600|||||||\u00bb text_text_color=\u00bb#FFFFFF\u00bb text_font_size=\u00bb2em\u00bb text_line_height=\u00bb1.2em\u00bb text_orientation=\u00bbcenter\u00bb animation_style=\u00bbslide\u00bb global_colors_info=\u00bb{}\u00bb]<\/p>\n<p>Contamos contigo<\/p>\n<p>[\/et_pb_text][et_pb_button button_url=\u00bb#donar\u00bb button_text=\u00bbDona aqu\u00ed\u00bb button_alignment=\u00bbcenter\u00bb _builder_version=\u00bb4.27.4&#8243; _module_preset=\u00bbdefault\u00bb custom_button=\u00bbon\u00bb button_text_color=\u00bb#FFFFFF\u00bb button_bg_color=\u00bb#8300E9&#8243; button_border_color=\u00bb#8300E9&#8243; button_font=\u00bb&#8211;et_global_body_font|700|||||||\u00bb button_icon=\u00bb&#xf4be;||fa||900&#8243; animation_style=\u00bbslide\u00bb global_colors_info=\u00bb{}\u00bb][\/et_pb_button][\/et_pb_column][\/et_pb_row][\/et_pb_section][et_pb_section fb_built=\u00bb1&#8243; prev_background_color=\u00bb#ffa800&#8243; _builder_version=\u00bb4.27.4&#8243; _module_preset=\u00bbdefault\u00bb background_color=\u00bb#f5f3ee\u00bb custom_padding=\u00bb||3px|||\u00bb top_divider_style=\u00bbcurve2&#8243; top_divider_flip=\u00bbvertical\u00bb global_colors_info=\u00bb{}\u00bb][et_pb_row column_structure=\u00bb1_6,1_6,1_6,1_2&#8243; use_custom_gutter=\u00bbon\u00bb gutter_width=\u00bb2&#8243; module_id=\u00bbdonar\u00bb _builder_version=\u00bb4.27.4&#8243; _module_preset=\u00bbdefault\u00bb width=\u00bb100%\u00bb max_width=\u00bb1200px\u00bb locked=\u00bboff\u00bb global_colors_info=\u00bb{}\u00bb][et_pb_column type=\u00bb1_6&#8243; _builder_version=\u00bb4.27.4&#8243; _module_preset=\u00bbdefault\u00bb animation_style=\u00bbslide\u00bb animation_direction=\u00bbleft\u00bb custom_css_main_element=\u00bbwidth: 17% !important\u00bb global_colors_info=\u00bb{}\u00bb][et_pb_blurb title=\u00bbDescuento N\u00f3mina UNAB\u00bb image=\u00bbhttps:\/\/unab.edu.co\/donaciones\/wp-content\/uploads\/sites\/6\/2022\/11\/ico-dnomina.png\u00bb icon_alignment=\u00bbleft\u00bb content_max_width=\u00bb100%\u00bb module_class=\u00bbpopmake-225&#8243; _builder_version=\u00bb4.27.2&#8243; _module_preset=\u00bb58e41a12-d2dc-4bc3-82a3-e7e2a77a32bd\u00bb header_font=\u00bbDM Sans|700|||||||\u00bb header_text_color=\u00bb#FF4D00&#8243; header_font_size=\u00bb20px\u00bb header_line_height=\u00bb1.2em\u00bb body_font=\u00bbDM Sans||||||||\u00bb body_text_color=\u00bb#474747&#8243; body_font_size=\u00bb16px\u00bb custom_margin=\u00bb||||false|false\u00bb custom_padding=\u00bb||||false|false\u00bb animation=\u00bboff\u00bb header_font_size_tablet=\u00bb18px\u00bb header_font_size_phone=\u00bb16px\u00bb header_font_size_last_edited=\u00bbon|desktop\u00bb body_font_size_tablet=\u00bb15px\u00bb body_font_size_phone=\u00bb13px\u00bb body_font_size_last_edited=\u00bbon|phone\u00bb border_width_bottom=\u00bb0px\u00bb border_color_bottom=\u00bbrgba(0,0,0,0.12)\u00bb locked=\u00bboff\u00bb global_colors_info=\u00bb{}\u00bb]<\/p>\n<p>Opci\u00f3n exclusiva para empleados de la Universidad que deseen donar y autorizar el descuento por n\u00f3mina.<\/p>\n<p>[\/et_pb_blurb][et_pb_button button_text=\u00bb+ informaci\u00f3n\u00bb module_class=\u00bbpopmake-225&#8243; _builder_version=\u00bb4.18.1&#8243; _module_preset=\u00bb6414ef9f-e386-4555-a7b7-4544a239078b\u00bb custom_button=\u00bbon\u00bb button_text_size=\u00bb14px\u00bb button_text_color=\u00bb#ef8451&#8243; button_border_width=\u00bb1px\u00bb button_border_color=\u00bb#ef8451&#8243; button_border_radius=\u00bb37px\u00bb button_letter_spacing=\u00bb1px\u00bb button_font=\u00bbDM Sans|700||on|||||\u00bb custom_padding=\u00bb15px|24px|12px|24px|false|true\u00bb global_colors_info=\u00bb{}\u00bb button_text_color__hover_enabled=\u00bbon|hover\u00bb button_text_color__hover=\u00bb#FFFFFF\u00bb button_bg_color__hover_enabled=\u00bbon|hover\u00bb button_bg_color__hover=\u00bb#ef8451&#8243; button_bg_enable_color__hover=\u00bbon\u00bb][\/et_pb_button][\/et_pb_column][et_pb_column type=\u00bb1_6&#8243; _builder_version=\u00bb4.19.0&#8243; _module_preset=\u00bbdefault\u00bb animation_style=\u00bbslide\u00bb custom_css_main_element=\u00bbwidth: 17% !important\u00bb global_colors_info=\u00bb{}\u00bb][et_pb_blurb title=\u00bbPagos Seguros en L\u00ednea PSE\u00bb image=\u00bbhttps:\/\/unab.edu.co\/donaciones\/wp-content\/uploads\/sites\/6\/2022\/11\/ico-pse.png\u00bb icon_alignment=\u00bbleft\u00bb content_max_width=\u00bb100%\u00bb _builder_version=\u00bb4.27.2&#8243; _module_preset=\u00bb58e41a12-d2dc-4bc3-82a3-e7e2a77a32bd\u00bb header_font=\u00bbDM Sans|700|||||||\u00bb header_text_color=\u00bb#FF4D00&#8243; header_font_size=\u00bb20px\u00bb header_line_height=\u00bb1.2em\u00bb body_font=\u00bbDM Sans||||||||\u00bb body_text_color=\u00bb#474747&#8243; body_font_size=\u00bb16px\u00bb custom_margin=\u00bb||||false|false\u00bb custom_padding=\u00bb||||false|false\u00bb animation=\u00bboff\u00bb link_option_url=\u00bbhttps:\/\/unab.edu.co\/app-content\/modulos\/filantropia\/filantropia.php\u00bb link_option_url_new_window=\u00bbon\u00bb header_font_size_tablet=\u00bb18px\u00bb header_font_size_phone=\u00bb16px\u00bb header_font_size_last_edited=\u00bbon|desktop\u00bb body_font_size_tablet=\u00bb15px\u00bb body_font_size_phone=\u00bb13px\u00bb body_font_size_last_edited=\u00bbon|phone\u00bb border_width_bottom=\u00bb0px\u00bb border_color_bottom=\u00bbrgba(0,0,0,0.12)\u00bb locked=\u00bboff\u00bb global_colors_info=\u00bb{}\u00bb]<\/p>\n<p>Realiza desde cualquier lugar tu aporte voluntario en l\u00ednea a trav\u00e9s de <strong>Nequi, PayPal o Tarjeta de cr\u00e9dito.<\/strong><\/p>\n<p>[\/et_pb_blurb][et_pb_button button_url=\u00bbhttps:\/\/unab.edu.co\/app-content\/modulos\/filantropia\/filantropia.php\u00bb url_new_window=\u00bbon\u00bb button_text=\u00bbHaz tu donaci\u00f3n\u00bb _builder_version=\u00bb4.27.2&#8243; _module_preset=\u00bb6414ef9f-e386-4555-a7b7-4544a239078b\u00bb custom_button=\u00bbon\u00bb button_text_size=\u00bb14px\u00bb button_text_color=\u00bb#ef8451&#8243; button_border_width=\u00bb1px\u00bb button_border_color=\u00bb#ef8451&#8243; button_border_radius=\u00bb37px\u00bb button_letter_spacing=\u00bb1px\u00bb button_font=\u00bbDM Sans|700||on|||||\u00bb custom_padding=\u00bb15px|24px|12px|24px|false|true\u00bb global_colors_info=\u00bb{}\u00bb button_text_color__hover_enabled=\u00bbon|hover\u00bb button_text_color__hover=\u00bb#FFFFFF\u00bb button_bg_color__hover_enabled=\u00bbon|hover\u00bb button_bg_color__hover=\u00bb#ef8451&#8243; button_bg_enable_color__hover=\u00bbon\u00bb][\/et_pb_button][\/et_pb_column][et_pb_column type=\u00bb1_6&#8243; _builder_version=\u00bb4.19.0&#8243; _module_preset=\u00bbdefault\u00bb animation_style=\u00bbslide\u00bb custom_css_main_element=\u00bbwidth: 17% !important\u00bb global_colors_info=\u00bb{}\u00bb][et_pb_blurb title=\u00bbTransferencia electr\u00f3nica\u00bb image=\u00bbhttps:\/\/unab.edu.co\/donaciones\/wp-content\/uploads\/sites\/6\/2022\/11\/ico-tranf.png\u00bb icon_alignment=\u00bbleft\u00bb content_max_width=\u00bb100%\u00bb icon_alignment_tablet=\u00bbleft\u00bb icon_alignment_phone=\u00bbleft\u00bb icon_alignment_last_edited=\u00bbon|tablet\u00bb module_class=\u00bbpopmake-297&#8243; _builder_version=\u00bb4.27.2&#8243; _module_preset=\u00bb58e41a12-d2dc-4bc3-82a3-e7e2a77a32bd\u00bb header_font=\u00bbDM Sans|700|||||||\u00bb header_text_color=\u00bb#FF4D00&#8243; header_font_size=\u00bb20px\u00bb header_line_height=\u00bb1.2em\u00bb body_font=\u00bbDM Sans||||||||\u00bb body_text_color=\u00bb#474747&#8243; body_font_size=\u00bb16px\u00bb custom_margin=\u00bb||||false|false\u00bb custom_padding=\u00bb||||false|false\u00bb animation=\u00bboff\u00bb header_font_size_tablet=\u00bb18px\u00bb header_font_size_phone=\u00bb16px\u00bb header_font_size_last_edited=\u00bbon|desktop\u00bb body_font_size_tablet=\u00bb15px\u00bb body_font_size_phone=\u00bb13px\u00bb body_font_size_last_edited=\u00bbon|phone\u00bb border_width_bottom=\u00bb0px\u00bb border_color_bottom=\u00bbrgba(0,0,0,0.12)\u00bb locked=\u00bboff\u00bb global_colors_info=\u00bb{}\u00bb]<\/p>\n<p>Con esta opci\u00f3n podr\u00e1s realizar tu donaci\u00f3n a trav\u00e9s de dep\u00f3sito o transferencia bancaria.<\/p>\n<p>[\/et_pb_blurb][et_pb_button button_text=\u00bb+ informaci\u00f3n\u00bb module_class=\u00bbpopmake-297&#8243; _builder_version=\u00bb4.19.0&#8243; _module_preset=\u00bb6414ef9f-e386-4555-a7b7-4544a239078b\u00bb custom_button=\u00bbon\u00bb button_text_size=\u00bb14px\u00bb button_text_color=\u00bb#ef8451&#8243; button_border_width=\u00bb1px\u00bb button_border_color=\u00bb#ef8451&#8243; button_border_radius=\u00bb37px\u00bb button_letter_spacing=\u00bb1px\u00bb button_font=\u00bbDM Sans|700||on|||||\u00bb custom_padding=\u00bb15px|24px|12px|24px|false|true\u00bb global_colors_info=\u00bb{}\u00bb button_text_color__hover_enabled=\u00bbon|hover\u00bb button_text_color__hover=\u00bb#FFFFFF\u00bb button_bg_color__hover_enabled=\u00bbon|hover\u00bb button_bg_color__hover=\u00bb#ef8451&#8243; button_bg_enable_color__hover=\u00bbon\u00bb][\/et_pb_button][\/et_pb_column][et_pb_column type=\u00bb1_2&#8243; _builder_version=\u00bb4.27.4&#8243; _module_preset=\u00bbdefault\u00bb animation_style=\u00bbslide\u00bb animation_direction=\u00bbright\u00bb custom_css_main_element=\u00bbwidth: 39% !important\u00bb global_colors_info=\u00bb{}\u00bb][et_pb_text _builder_version=\u00bb4.27.4&#8243; _module_preset=\u00bbdefault\u00bb text_font=\u00bb&#8211;et_global_body_font|700|||||||\u00bb text_text_color=\u00bb#444444&#8243; text_font_size=\u00bb1.7em\u00bb text_line_height=\u00bb1em\u00bb header_5_font=\u00bb&#8211;et_global_body_font|700|||||||\u00bb header_5_text_color=\u00bb#8600dd\u00bb header_5_font_size=\u00bb0.7em\u00bb header_5_line_height=\u00bb1.7em\u00bb text_orientation=\u00bbcenter\u00bb custom_margin=\u00bb||5px|||\u00bb global_colors_info=\u00bb{}\u00bb]<\/p>\n<p>As\u00ed avanza la pr\u00f3xima beca:<\/p>\n<h5>\u00a035.000.000<\/h5>\n<p>[\/et_pb_text][et_pb_image src=\u00bbhttps:\/\/unab.edu.co\/donaciones\/wp-content\/uploads\/sites\/6\/2025\/12\/img-donaton-medidor-av2.jpg\u00bb title_text=\u00bbimg-donaton-medidor-av2&#8243; align=\u00bbcenter\u00bb _builder_version=\u00bb4.27.5&#8243; _module_preset=\u00bbdefault\u00bb hover_enabled=\u00bb0&#8243; global_colors_info=\u00bb{}\u00bb sticky_enabled=\u00bb0&#8243;][\/et_pb_image][\/et_pb_column][\/et_pb_row][\/et_pb_section][et_pb_section fb_built=\u00bb1&#8243; prev_background_color=\u00bb#f5f3ee\u00bb _builder_version=\u00bb4.27.4&#8243; _module_preset=\u00bbdefault\u00bb background_color=\u00bb#ffa800&#8243; top_divider_style=\u00bbslant2&#8243; global_colors_info=\u00bb{}\u00bb][et_pb_row column_structure=\u00bb1_3,2_3&#8243; _builder_version=\u00bb4.27.4&#8243; _module_preset=\u00bbdefault\u00bb custom_padding=\u00bb0px|||||\u00bb global_colors_info=\u00bb{}\u00bb][et_pb_column type=\u00bb1_3&#8243; _builder_version=\u00bb4.27.4&#8243; _module_preset=\u00bbdefault\u00bb global_colors_info=\u00bb{}\u00bb][et_pb_image src=\u00bbhttps:\/\/unab.edu.co\/donaciones\/wp-content\/uploads\/sites\/6\/2025\/10\/img-donaton-lema.png\u00bb title_text=\u00bbimg-donaton-lema\u00bb _builder_version=\u00bb4.27.4&#8243; _module_preset=\u00bbdefault\u00bb custom_padding=\u00bb40px|||||\u00bb global_colors_info=\u00bb{}\u00bb][\/et_pb_image][\/et_pb_column][et_pb_column type=\u00bb2_3&#8243; _builder_version=\u00bb4.27.4&#8243; _module_preset=\u00bbdefault\u00bb global_colors_info=\u00bb{}\u00bb][et_pb_video src=\u00bbyoutube.com\/watch?v=yFdPgut5qhQ&#038;feature=youtu.be\u00bb _builder_version=\u00bb4.27.4&#8243; _module_preset=\u00bbdefault\u00bb global_colors_info=\u00bb{}\u00bb][\/et_pb_video][\/et_pb_column][\/et_pb_row][\/et_pb_section]<\/p>\n","protected":false},"excerpt":{"rendered":"<p>Queremos transformar m\u00e1s vidas a trav\u00e9s de la educaci\u00f3nNuestra meta es reunir:$77.000.000Contamos contigoOpci\u00f3n exclusiva para empleados de la Universidad que deseen donar y autorizar el descuento por n\u00f3mina.Realiza desde cualquier lugar tu aporte voluntario en l\u00ednea a trav\u00e9s de Nequi, PayPal o Tarjeta de cr\u00e9dito.Con esta opci\u00f3n podr\u00e1s realizar tu donaci\u00f3n a trav\u00e9s de dep\u00f3sito [&hellip;]<\/p>\n","protected":false},"author":1,"featured_media":0,"parent":0,"menu_order":0,"comment_status":"closed","ping_status":"closed","template":"","meta":{"_acf_changed":false,"_et_pb_use_builder":"on","_et_pb_old_content":"","_et_gb_content_width":"","footnotes":""},"class_list":["post-843","page","type-page","status-publish","hentry"],"acf":[],"_links":{"self":[{"href":"https:\/\/unab.edu.co\/donaciones\/wp-json\/wp\/v2\/pages\/843","targetHints":{"allow":["GET"]}}],"collection":[{"href":"https:\/\/unab.edu.co\/donaciones\/wp-json\/wp\/v2\/pages"}],"about":[{"href":"https:\/\/unab.edu.co\/donaciones\/wp-json\/wp\/v2\/types\/page"}],"author":[{"embeddable":true,"href":"https:\/\/unab.edu.co\/donaciones\/wp-json\/wp\/v2\/users\/1"}],"replies":[{"embeddable":true,"href":"https:\/\/unab.edu.co\/donaciones\/wp-json\/wp\/v2\/comments?post=843"}],"version-history":[{"count":25,"href":"https:\/\/unab.edu.co\/donaciones\/wp-json\/wp\/v2\/pages\/843\/revisions"}],"predecessor-version":[{"id":915,"href":"https:\/\/unab.edu.co\/donaciones\/wp-json\/wp\/v2\/pages\/843\/revisions\/915"}],"wp:attachment":[{"href":"https:\/\/unab.edu.co\/donaciones\/wp-json\/wp\/v2\/media?parent=843"}],"curies":[{"name":"wp","href":"https:\/\/api.w.org\/{rel}","templated":true}]}}