{"id":11,"date":"2021-06-23T17:03:22","date_gmt":"2021-06-23T22:03:22","guid":{"rendered":"https:\/\/unab.edu.co\/impulsa\/?page_id=11"},"modified":"2025-09-03T16:47:58","modified_gmt":"2025-09-03T21:47:58","slug":"inicio","status":"publish","type":"page","link":"https:\/\/unab.edu.co\/impulsa\/","title":{"rendered":"Inicio"},"content":{"rendered":"<p>[et_pb_section fb_built=&#8221;1&#8243; _builder_version=&#8221;4.27.0&#8243; _module_preset=&#8221;default&#8221; background_color=&#8221;#7a04ad&#8221; custom_padding=&#8221;0px||0px||true|false&#8221; global_colors_info=&#8221;{}&#8221;][et_pb_row column_structure=&#8221;3_5,2_5&#8243; _builder_version=&#8221;4.16&#8243; _module_preset=&#8221;default&#8221; global_colors_info=&#8221;{}&#8221;][et_pb_column type=&#8221;3_5&#8243; _builder_version=&#8221;4.16&#8243; _module_preset=&#8221;default&#8221; global_colors_info=&#8221;{}&#8221;][et_pb_slider show_pagination=&#8221;off&#8221; _builder_version=&#8221;4.27.0&#8243; _module_preset=&#8221;default&#8221; height=&#8221;360px&#8221; height_tablet=&#8221;335px&#8221; height_phone=&#8221;180px&#8221; height_last_edited=&#8221;on|desktop&#8221; auto=&#8221;on&#8221; auto_speed=&#8221;3000&#8243; border_radii=&#8221;on|7px|7px|7px|7px&#8221; box_shadow_style=&#8221;preset3&#8243; global_colors_info=&#8221;{}&#8221;][et_pb_slide button_text=&#8221;m\u00e1s informaci\u00f3n&#8221; button_link=&#8221;https:\/\/unab-csm.symplicity.com\/&#8221; url_new_window=&#8221;on&#8221; _builder_version=&#8221;4.27.0&#8243; _module_preset=&#8221;default&#8221; background_image=&#8221;https:\/\/unab.edu.co\/impulsa\/wp-content\/uploads\/2023\/11\/car-linkpro.jpg&#8221; background_enable_image=&#8221;on&#8221; custom_button=&#8221;on&#8221; button_text_size=&#8221;16px&#8221; button_bg_color=&#8221;rgba(0,0,0,0.16)&#8221; button_border_width=&#8221;1px&#8221; button_border_color=&#8221;#FFFFFF&#8221; button_font=&#8221;|700|||||||&#8221; button_custom_margin=&#8221;150px||||false|false&#8221; button_custom_margin_tablet=&#8221;140px||||false|false&#8221; button_custom_margin_phone=&#8221;67px||||false|false&#8221; button_custom_margin_last_edited=&#8221;on|phone&#8221; button_custom_padding=&#8221;0.15em||0.15em||true|false&#8221; button_text_size_tablet=&#8221;16px&#8221; button_text_size_phone=&#8221;12px&#8221; button_text_size_last_edited=&#8221;on|phone&#8221; global_colors_info=&#8221;{}&#8221; sticky_transition=&#8221;on&#8221;][\/et_pb_slide][et_pb_slide button_link=&#8221;https:\/\/unab.edu.co\/impulsa\/boletines-generaciones-unab\/&#8221; _builder_version=&#8221;4.27.0&#8243; _module_preset=&#8221;default&#8221; background_image=&#8221;https:\/\/unab.edu.co\/impulsa\/wp-content\/uploads\/2024\/09\/ban-bol-generaciones.png&#8221; background_enable_image=&#8221;on&#8221; link_option_url=&#8221;https:\/\/unab.edu.co\/impulsa\/boletines-generaciones-unab\/&#8221; global_colors_info=&#8221;{}&#8221; sticky_transition=&#8221;on&#8221;][\/et_pb_slide][et_pb_slide button_link=&#8221;https:\/\/unab.edu.co\/impulsa\/boletin-eres-conexion\/&#8221; _builder_version=&#8221;4.27.0&#8243; _module_preset=&#8221;default&#8221; background_image=&#8221;https:\/\/unab.edu.co\/impulsa\/wp-content\/uploads\/2024\/09\/ban-bol-conexion.png&#8221; background_enable_image=&#8221;on&#8221; link_option_url=&#8221;https:\/\/unab.edu.co\/impulsa\/boletin-eres-conexion\/&#8221; global_colors_info=&#8221;{}&#8221; sticky_transition=&#8221;on&#8221;][\/et_pb_slide][et_pb_slide _builder_version=&#8221;4.27.0&#8243; _module_preset=&#8221;default&#8221; background_image=&#8221;https:\/\/unab.edu.co\/impulsa\/wp-content\/uploads\/2023\/11\/car-SIL.jpg&#8221; background_enable_image=&#8221;on&#8221; global_colors_info=&#8221;{}&#8221; sticky_transition=&#8221;on&#8221;][\/et_pb_slide][et_pb_slide _builder_version=&#8221;4.23.1&#8243; _module_preset=&#8221;default&#8221; background_image=&#8221;https:\/\/unab.edu.co\/impulsa\/wp-content\/uploads\/2023\/11\/car-UNABFest.jpg&#8221; background_enable_image=&#8221;on&#8221; global_colors_info=&#8221;{}&#8221; sticky_transition=&#8221;on&#8221;][\/et_pb_slide][et_pb_slide _builder_version=&#8221;4.23.1&#8243; _module_preset=&#8221;default&#8221; background_image=&#8221;https:\/\/unab.edu.co\/impulsa\/wp-content\/uploads\/2023\/11\/car-UNAB-Partner.jpg&#8221; background_enable_image=&#8221;on&#8221; global_colors_info=&#8221;{}&#8221; sticky_transition=&#8221;on&#8221;][\/et_pb_slide][et_pb_slide _builder_version=&#8221;4.23.1&#8243; _module_preset=&#8221;default&#8221; background_image=&#8221;https:\/\/unab.edu.co\/impulsa\/wp-content\/uploads\/2023\/11\/car-Encuentro-graduados-Admon.jpg&#8221; background_enable_image=&#8221;on&#8221; global_colors_info=&#8221;{}&#8221; sticky_transition=&#8221;on&#8221;][\/et_pb_slide][et_pb_slide _builder_version=&#8221;4.23.1&#8243; _module_preset=&#8221;default&#8221; background_image=&#8221;https:\/\/unab.edu.co\/impulsa\/wp-content\/uploads\/2023\/11\/car-Fondo-becas.jpg&#8221; background_enable_image=&#8221;on&#8221; global_colors_info=&#8221;{}&#8221; sticky_transition=&#8221;on&#8221;][\/et_pb_slide][et_pb_slide _builder_version=&#8221;4.27.0&#8243; _module_preset=&#8221;default&#8221; background_image=&#8221;https:\/\/unab.edu.co\/impulsa\/wp-content\/uploads\/2023\/11\/car-Grados2.jpg&#8221; background_enable_image=&#8221;on&#8221; global_colors_info=&#8221;{}&#8221; sticky_transition=&#8221;on&#8221;][\/et_pb_slide][\/et_pb_slider][\/et_pb_column][et_pb_column type=&#8221;2_5&#8243; _builder_version=&#8221;4.16&#8243; _module_preset=&#8221;default&#8221; custom_padding=&#8221;1em||1em||true|false&#8221; global_colors_info=&#8221;{}&#8221;][et_pb_text quote_border_color=&#8221;rgba(177,0,232,0.82)&#8221; _builder_version=&#8221;4.24.2&#8243; _module_preset=&#8221;default&#8221; text_text_color=&#8221;#FFFFFF&#8221; text_font_size=&#8221;19px&#8221; text_line_height=&#8221;1.9em&#8221; global_colors_info=&#8221;{}&#8221;]<\/p>\n<div>\n<blockquote>\n<p>Impulsa Unab es un ente adscrito a la rector\u00eda, creado el 20 de Febrero del 2007 como acci\u00f3n estrat\u00e9gica para identificar y contactar a los graduados, conocer sus experiencias, resolver sus necesidades y medir su impacto en el mercado social, laboral y empresarial.<\/p>\n<\/blockquote>\n<\/div>\n<p>[\/et_pb_text][\/et_pb_column][\/et_pb_row][\/et_pb_section][et_pb_section fb_built=&#8221;1&#8243; _builder_version=&#8221;4.23.1&#8243; _module_preset=&#8221;default&#8221; custom_margin=&#8221;0px||0px||true|false&#8221; custom_padding=&#8221;0px||0px||true|false&#8221; global_colors_info=&#8221;{}&#8221;][et_pb_row column_structure=&#8221;1_2,1_2&#8243; _builder_version=&#8221;4.16&#8243; _module_preset=&#8221;default&#8221; global_colors_info=&#8221;{}&#8221;][et_pb_column type=&#8221;1_2&#8243; _builder_version=&#8221;4.16&#8243; _module_preset=&#8221;default&#8221; global_colors_info=&#8221;{}&#8221;][et_pb_blurb url=&#8221;https:\/\/unab.edu.co\/donaciones\/&#8221; url_new_window=&#8221;on&#8221; image=&#8221;https:\/\/unab.edu.co\/impulsa\/wp-content\/uploads\/2024\/08\/btn-unab-filantropia-bw.png&#8221; alt=&#8221;Donaciones Unab&#8221; _builder_version=&#8221;4.26.1&#8243; _module_preset=&#8221;default&#8221; text_orientation=&#8221;center&#8221; custom_margin=&#8221;0px||0px||true|false&#8221; custom_padding=&#8221;0px||0px||true|false&#8221; border_radii=&#8221;on|7px|7px|7px|7px&#8221; global_colors_info=&#8221;{}&#8221;][\/et_pb_blurb][\/et_pb_column][et_pb_column type=&#8221;1_2&#8243; _builder_version=&#8221;4.16&#8243; _module_preset=&#8221;default&#8221; global_colors_info=&#8221;{}&#8221;][et_pb_blurb url=&#8221;@ET-DC@eyJkeW5hbWljIjp0cnVlLCJjb250ZW50IjoicG9zdF9saW5rX3VybF9wYWdlIiwic2V0dGluZ3MiOnsicG9zdF9pZCI6IjI4In19@&#8221; image=&#8221;https:\/\/unab.edu.co\/impulsa\/wp-content\/uploads\/2021\/07\/logo-umarket-m.jpg&#8221; alt=&#8221;Unab market&#8221; _builder_version=&#8221;4.22.1&#8243; _dynamic_attributes=&#8221;url&#8221; _module_preset=&#8221;default&#8221; text_orientation=&#8221;center&#8221; custom_margin=&#8221;0px||0px||true|false&#8221; custom_padding=&#8221;0px||0px||true|false&#8221; border_radii=&#8221;on|7px|7px|7px|7px&#8221; global_colors_info=&#8221;{}&#8221;][\/et_pb_blurb][\/et_pb_column][\/et_pb_row][et_pb_row _builder_version=&#8221;4.22.2&#8243; _module_preset=&#8221;default&#8221; custom_padding=&#8221;0px||0px||true|false&#8221; global_colors_info=&#8221;{}&#8221;][et_pb_column type=&#8221;4_4&#8243; _builder_version=&#8221;4.16&#8243; _module_preset=&#8221;default&#8221; global_colors_info=&#8221;{}&#8221;][et_pb_toggle title=&#8221;Perfiles profesionales, ocupacionales y laborales&#8221; open_toggle_text_color=&#8221;#780A81&#8243; closed_toggle_text_color=&#8221;#FFFFFF&#8221; closed_toggle_background_color=&#8221;#9E00E2&#8243; icon_color=&#8221;#EFBB00&#8243; open_icon_color=&#8221;#780A81&#8243; _builder_version=&#8221;4.27.4&#8243; _module_preset=&#8221;default&#8221; title_text_align=&#8221;center&#8221; title_font_size=&#8221;20px&#8221; closed_title_font_size=&#8221;20px&#8221; custom_padding=&#8221;0.75em||0.75em||true|false&#8221; hover_enabled=&#8221;0&#8243; border_radii=&#8221;on|3px|3px|3px|3px&#8221; border_color_all=&#8221;#9E00E2&#8243; global_colors_info=&#8221;{}&#8221; sticky_enabled=&#8221;0&#8243;]<\/p>\n<ul>\n<li><a href=\"https:\/\/unab.edu.co\/impulsa\/wp-content\/uploads\/2025\/08\/IDENTIDAD-UNAB_compressed-1.pdf\" target=\"_blank\" rel=\"noopener\">Pregrado: Perfiles profesional, ocupacional y laboral<\/a><\/li>\n<li><a href=\"\/impulsa\/wp-content\/uploads\/2021\/07\/1Perfiles-posgrados-s.pdf\" target=\"_blank\" rel=\"noopener\">Posgrados: Perfil de egreso, ocupacional y competencias de formaci\u00f3n<\/a><\/li>\n<\/ul>\n<p>[\/et_pb_toggle][\/et_pb_column][\/et_pb_row][et_pb_row column_structure=&#8221;1_3,1_3,1_3&#8243; _builder_version=&#8221;4.22.2&#8243; _module_preset=&#8221;default&#8221; global_colors_info=&#8221;{}&#8221;][et_pb_column type=&#8221;1_3&#8243; _builder_version=&#8221;4.16&#8243; _module_preset=&#8221;default&#8221; global_colors_info=&#8221;{}&#8221;][et_pb_button button_url=&#8221;https:\/\/bit.ly\/unabalumni&#8221; url_new_window=&#8221;on&#8221; button_text=&#8221;Actualiza tus datos&#8221; button_alignment=&#8221;center&#8221; _builder_version=&#8221;4.19.5&#8243; _module_preset=&#8221;default&#8221; custom_button=&#8221;on&#8221; button_text_color=&#8221;#FF8100&#8243; button_icon=&#8221;&#x6c;||divi||400&#8243; custom_padding=&#8221;3px||3px||true|true&#8221; custom_css_main_element=&#8221;width:100%;&#8221; global_colors_info=&#8221;{}&#8221;][\/et_pb_button][\/et_pb_column][et_pb_column type=&#8221;1_3&#8243; _builder_version=&#8221;4.16&#8243; _module_preset=&#8221;default&#8221; global_colors_info=&#8221;{}&#8221;][et_pb_button button_url=&#8221;https:\/\/alysa.unab.edu.co\/pqr\/pqr_form.aspx&#8221; url_new_window=&#8221;on&#8221; button_text=&#8221;Cont\u00e1ctanos&#8221; button_alignment=&#8221;center&#8221; _builder_version=&#8221;4.24.0&#8243; _module_preset=&#8221;default&#8221; custom_button=&#8221;on&#8221; button_text_color=&#8221;#9E00E2&#8243; button_icon=&#8221;&#xe010;||divi||400&#8243; custom_padding=&#8221;3px||3px||true|true&#8221; custom_css_main_element=&#8221;width:100%;&#8221; global_colors_info=&#8221;{}&#8221;][\/et_pb_button][\/et_pb_column][et_pb_column type=&#8221;1_3&#8243; _builder_version=&#8221;4.16&#8243; _module_preset=&#8221;default&#8221; global_colors_info=&#8221;{}&#8221;][et_pb_toggle title=&#8221;Boletines y Revistas&#8221; open_toggle_text_color=&#8221;#FF8100&#8243; open_toggle_background_color=&#8221;#FFFFFF&#8221; closed_toggle_text_color=&#8221;#FFFFFF&#8221; closed_toggle_background_color=&#8221;#FF8100&#8243; icon_color=&#8221;#780A81&#8243; open_icon_color=&#8221;#780A81&#8243; _builder_version=&#8221;4.22.2&#8243; _module_preset=&#8221;default&#8221; title_text_align=&#8221;center&#8221; title_font_size=&#8221;20px&#8221; closed_title_font_size=&#8221;20px&#8221; custom_padding=&#8221;0.75em||0.75em||true|false&#8221; border_radii=&#8221;on|3px|3px|3px|3px&#8221; border_color_all=&#8221;#FF8100&#8243; global_colors_info=&#8221;{}&#8221;]<\/p>\n<ul>\n<li><a href=\"\/impulsa\/boletines-generaciones-unab\/\">Boletines Generaciones UNAB\u00a0<\/a><\/li>\n<li><a href=\"\/impulsa\/boletin-eres-conexion\/\">Bolet\u00edn Eres Conexi\u00f3n\u00a0<\/a><\/li>\n<li><a href=\"\/impulsa\/revista-generaciones-unab\/\">Revista Generaciones UNAB<\/a><\/li>\n<\/ul>\n<p>[\/et_pb_toggle][\/et_pb_column][\/et_pb_row][et_pb_row _builder_version=&#8221;4.23.1&#8243; _module_preset=&#8221;default&#8221; z_index=&#8221;999&#8243; width=&#8221;70px&#8221; max_width=&#8221;70px&#8221; module_alignment=&#8221;right&#8221; border_width_all=&#8221;0px&#8221; border_color_all=&#8221;#A7C510&#8243; locked=&#8221;off&#8221; global_colors_info=&#8221;{}&#8221;][et_pb_column type=&#8221;4_4&#8243; _builder_version=&#8221;4.23&#8243; _module_preset=&#8221;default&#8221; global_colors_info=&#8221;{}&#8221;][et_pb_blurb url=&#8221;https:\/\/wa.link\/8o4vgo&#8221; url_new_window=&#8221;on&#8221; use_icon=&#8221;on&#8221; font_icon=&#8221;&#xf232;||fa||400&#8243; icon_color=&#8221;#ffffff&#8221; image_icon_background_color=&#8221;#A7C510&#8243; image_icon_width=&#8221;51px&#8221; content_max_width=&#8221;65px&#8221; _builder_version=&#8221;4.23.1&#8243; _module_preset=&#8221;default&#8221; background_color=&#8221;RGBA(255,255,255,0)&#8221; image_icon_custom_padding=&#8221;5px|12px|8px|8px|false|false&#8221; positioning=&#8221;fixed&#8221; position_origin_f=&#8221;bottom_right&#8221; vertical_offset=&#8221;10%&#8221; horizontal_offset=&#8221;-20px&#8221; z_index=&#8221;999&#8243; width=&#8221;65px&#8221; max_height=&#8221;65px&#8221; custom_margin=&#8221;|15px|||false|false&#8221; custom_margin_tablet=&#8221;|10px|||false|false&#8221; custom_margin_phone=&#8221;|10px|||false|false&#8221; custom_margin_last_edited=&#8221;on|desktop&#8221; animation_style=&#8221;bounce&#8221; animation_speed_curve=&#8221;ease-out&#8221; animation=&#8221;left&#8221; sticky_position=&#8221;top&#8221; sticky_limit_top=&#8221;body&#8221; sticky_limit_bottom=&#8221;body&#8221; sticky_position_tablet=&#8221;bottom&#8221; sticky_position_phone=&#8221;bottom&#8221; sticky_position_last_edited=&#8221;on|desktop&#8221; border_radii=&#8221;on|7px|7px|7px|7px&#8221; border_width_all=&#8221;3px&#8221; border_color_all=&#8221;rgba(255,255,255,0.49)&#8221; box_shadow_style=&#8221;preset1&#8243; locked=&#8221;off&#8221; global_colors_info=&#8221;{}&#8221;][\/et_pb_blurb][\/et_pb_column][\/et_pb_row][\/et_pb_section][et_pb_section fb_built=&#8221;1&#8243; custom_padding_last_edited=&#8221;on|phone&#8221; _builder_version=&#8221;4.22.1&#8243; _module_preset=&#8221;default&#8221; background_image=&#8221;\/wp-content\/uploads\/archivos\/imagenes\/fnd-secc-general-1.jpg&#8221; custom_padding=&#8221;1em||0px||false|false&#8221; custom_padding_tablet=&#8221;1em||0px||false|false&#8221; custom_padding_phone=&#8221;2em||0px||false|false&#8221; box_shadow_style=&#8221;preset6&#8243; locked=&#8221;off&#8221; global_colors_info=&#8221;{}&#8221;][et_pb_row _builder_version=&#8221;4.17.4&#8243; _module_preset=&#8221;default&#8221; custom_margin=&#8221;||||false|false&#8221; custom_padding=&#8221;||0px||false|false&#8221; animation_style=&#8221;slide&#8221; animation_direction=&#8221;top&#8221; global_colors_info=&#8221;{}&#8221;][et_pb_column type=&#8221;4_4&#8243; _builder_version=&#8221;4.16&#8243; _module_preset=&#8221;default&#8221; global_colors_info=&#8221;{}&#8221;][et_pb_text _builder_version=&#8221;4.27.0&#8243; _module_preset=&#8221;default&#8221; header_text_color=&#8221;#FF9900&#8243; header_2_text_color=&#8221;#9E00E2&#8243; border_width_bottom=&#8221;2px&#8221; border_color_bottom=&#8221;#d8d8d8&#8243; border_style_bottom=&#8221;dotted&#8221; global_colors_info=&#8221;{}&#8221;]<\/p>\n<h2>Contenido destacado<\/h2>\n<p>[\/et_pb_text][\/et_pb_column][\/et_pb_row][et_pb_row column_structure=&#8221;2_5,3_5&#8243; _builder_version=&#8221;4.16&#8243; locked=&#8221;off&#8221; global_colors_info=&#8221;{}&#8221;][et_pb_column type=&#8221;2_5&#8243; _builder_version=&#8221;4.16&#8243; global_colors_info=&#8221;{}&#8221;][et_pb_blog posts_number=&#8221;1&#8243; include_categories=&#8221;60,63,64,62,59,61,65&#8243; use_manual_excerpt=&#8221;off&#8221; excerpt_length=&#8221;120&#8243; show_author=&#8221;off&#8221; show_categories=&#8221;off&#8221; show_pagination=&#8221;off&#8221; _builder_version=&#8221;4.27.0&#8243; _module_preset=&#8221;default&#8221; header_font=&#8221;Roboto|500|||||||&#8221; header_text_color=&#8221;#9E00E2&#8243; header_font_size=&#8221;18px&#8221; header_line_height=&#8221;1.2em&#8221; meta_font=&#8221;||||||||&#8221; meta_text_color=&#8221;#444444&#8243; meta_font_size=&#8221;13px&#8221; read_more_font=&#8221;Ubuntu|700|||on||||&#8221; read_more_text_color=&#8221;#985e6d&#8221; pagination_font=&#8221;Ubuntu||||||||&#8221; pagination_text_color=&#8221;#985e6d&#8221; pagination_font_size=&#8221;18px&#8221; pagination_line_height=&#8221;2em&#8221; background_enable_color=&#8221;off&#8221; animation_style=&#8221;slide&#8221; animation_direction=&#8221;right&#8221; border_width_all=&#8221;0px&#8221; border_radii_image=&#8221;on|3px|3px|3px|3px&#8221; border_width_all_image=&#8221;1px&#8221; border_color_all_image=&#8221;#f2f2f2&#8243; box_shadow_style_image=&#8221;preset3&#8243; global_colors_info=&#8221;{}&#8221;][\/et_pb_blog][\/et_pb_column][et_pb_column type=&#8221;3_5&#8243; _builder_version=&#8221;4.16&#8243; global_colors_info=&#8221;{}&#8221;][et_pb_blog posts_number=&#8221;3&#8243; include_categories=&#8221;60,63,64,65,62,59,61&#8243; use_manual_excerpt=&#8221;off&#8221; excerpt_length=&#8221;120&#8243; show_author=&#8221;off&#8221; show_categories=&#8221;off&#8221; show_pagination=&#8221;off&#8221; offset_number=&#8221;1&#8243; disabled_on=&#8221;off|off|off&#8221; module_class=&#8221;left-blog-image&#8221; _builder_version=&#8221;4.27.0&#8243; header_font=&#8221;Roboto|500|||||||&#8221; header_text_color=&#8221;#9E00E2&#8243; header_font_size=&#8221;18px&#8221; header_line_height=&#8221;1.2em&#8221; meta_font=&#8221;||||||||&#8221; meta_text_color=&#8221;#444444&#8243; meta_font_size=&#8221;13px&#8221; read_more_font=&#8221;Ubuntu|700|||on||||&#8221; read_more_text_color=&#8221;#985e6d&#8221; pagination_font=&#8221;Ubuntu||||||||&#8221; pagination_text_color=&#8221;#985e6d&#8221; pagination_font_size=&#8221;18px&#8221; pagination_line_height=&#8221;2em&#8221; background_enable_color=&#8221;off&#8221; animation_style=&#8221;slide&#8221; animation_direction=&#8221;right&#8221; border_width_all=&#8221;0px&#8221; border_radii_image=&#8221;on|3px|3px|3px|3px&#8221; border_width_all_image=&#8221;1px&#8221; border_color_all_image=&#8221;#f2f2f2&#8243; box_shadow_style_image=&#8221;preset3&#8243; locked=&#8221;off&#8221; global_colors_info=&#8221;{}&#8221;][\/et_pb_blog][et_pb_button button_url=&#8221;@ET-DC@eyJkeW5hbWljIjp0cnVlLCJjb250ZW50IjoicG9zdF9saW5rX3VybF9wYWdlIiwic2V0dGluZ3MiOnsicG9zdF9pZCI6IjMzNzEifX0=@&#8221; button_text=&#8221;M\u00e1s contenidos&#8221; button_alignment=&#8221;right&#8221; _builder_version=&#8221;4.27.0&#8243; _dynamic_attributes=&#8221;button_url&#8221; _module_preset=&#8221;default&#8221; custom_button=&#8221;on&#8221; button_text_size=&#8221;15px&#8221; button_text_color=&#8221;#ffffff&#8221; button_bg_color=&#8221;#FF9900&#8243; button_border_color=&#8221;#FF9900&#8243; button_icon=&#8221;&#xf06e;||fa||400&#8243; custom_margin=&#8221;0px||0px||true|false&#8221; animation_style=&#8221;slide&#8221; animation_direction=&#8221;right&#8221; locked=&#8221;off&#8221; global_colors_info=&#8221;{}&#8221; button_text_color__hover=&#8221;#FFFFFF&#8221; button_text_color__hover_enabled=&#8221;on|hover&#8221; button_bg_color__hover=&#8221;#ff9900&#8243; button_bg_color__hover_enabled=&#8221;on|desktop&#8221; background_layout__hover=&#8221;dark&#8221; background_layout__hover_enabled=&#8221;on|desktop&#8221;][\/et_pb_button][et_pb_code _builder_version=&#8221;4.24.2&#8243; _module_preset=&#8221;default&#8221; global_colors_info=&#8221;{}&#8221;]<\/p>\n<style><!-- [et_pb_line_break_holder] -->@media (min-width: 981px) {<!-- [et_pb_line_break_holder] -->.left-blog-image .et_pb_post .entry-featured-image-url {<!-- [et_pb_line_break_holder] -->float: left;<!-- [et_pb_line_break_holder] -->width: 100%;<!-- [et_pb_line_break_holder] -->max-width: 150px;<!-- [et_pb_line_break_holder] -->margin: 0 20px 30px 0;<!-- [et_pb_line_break_holder] -->}<!-- [et_pb_line_break_holder] -->.left-blog-image .et_pb_post {<!-- [et_pb_line_break_holder] -->margin-bottom: 20px !important;<!-- [et_pb_line_break_holder] -->}<!-- [et_pb_line_break_holder] -->}<!-- [et_pb_line_break_holder] --><\/style>\n<p>[\/et_pb_code][\/et_pb_column][\/et_pb_row][\/et_pb_section]<\/p>\n","protected":false},"excerpt":{"rendered":"<p>Impulsa Unab es un ente adscrito a la rector\u00eda, creado el 20 de Febrero del 2007 como acci\u00f3n estrat\u00e9gica para identificar y contactar a los graduados, conocer sus experiencias, resolver [&hellip;]<\/p>\n","protected":false},"author":1,"featured_media":0,"parent":0,"menu_order":0,"comment_status":"closed","ping_status":"closed","template":"","meta":{"_acf_changed":false,"_et_pb_use_builder":"on","_et_pb_old_content":"","_et_gb_content_width":"","pgc_sgb_lightbox_settings":"","footnotes":""},"class_list":["post-11","page","type-page","status-publish","hentry"],"acf":[],"_links":{"self":[{"href":"https:\/\/unab.edu.co\/impulsa\/wp-json\/wp\/v2\/pages\/11","targetHints":{"allow":["GET"]}}],"collection":[{"href":"https:\/\/unab.edu.co\/impulsa\/wp-json\/wp\/v2\/pages"}],"about":[{"href":"https:\/\/unab.edu.co\/impulsa\/wp-json\/wp\/v2\/types\/page"}],"author":[{"embeddable":true,"href":"https:\/\/unab.edu.co\/impulsa\/wp-json\/wp\/v2\/users\/1"}],"replies":[{"embeddable":true,"href":"https:\/\/unab.edu.co\/impulsa\/wp-json\/wp\/v2\/comments?post=11"}],"version-history":[{"count":82,"href":"https:\/\/unab.edu.co\/impulsa\/wp-json\/wp\/v2\/pages\/11\/revisions"}],"predecessor-version":[{"id":5592,"href":"https:\/\/unab.edu.co\/impulsa\/wp-json\/wp\/v2\/pages\/11\/revisions\/5592"}],"wp:attachment":[{"href":"https:\/\/unab.edu.co\/impulsa\/wp-json\/wp\/v2\/media?parent=11"}],"curies":[{"name":"wp","href":"https:\/\/api.w.org\/{rel}","templated":true}]}}