{"id":1139,"date":"2022-04-08T10:11:11","date_gmt":"2022-04-08T15:11:11","guid":{"rendered":"https:\/\/unab.edu.co\/impulsa\/?page_id=1139"},"modified":"2026-01-29T09:35:56","modified_gmt":"2026-01-29T14:35:56","slug":"boletines-generaciones-unab","status":"publish","type":"page","link":"https:\/\/unab.edu.co\/impulsa\/boletines-generaciones-unab\/","title":{"rendered":"Bolet\u00edn Generaciones UNAB"},"content":{"rendered":"<p>[et_pb_section fb_built=&#8221;1&#8243; _builder_version=&#8221;4.16&#8243; _module_preset=&#8221;default&#8221; global_colors_info=&#8221;{}&#8221;][et_pb_row _builder_version=&#8221;4.16&#8243; _module_preset=&#8221;default&#8221; global_colors_info=&#8221;{}&#8221;][et_pb_column type=&#8221;4_4&#8243; _builder_version=&#8221;4.16&#8243; _module_preset=&#8221;default&#8221; global_colors_info=&#8221;{}&#8221;][et_pb_post_title meta=&#8221;off&#8221; featured_image=&#8221;off&#8221; _builder_version=&#8221;4.17.0&#8243; _module_preset=&#8221;default&#8221; title_font=&#8221;Abel||||||||&#8221; title_text_color=&#8221;#780A81&#8243; title_font_size=&#8221;37px&#8221; border_width_bottom=&#8221;1px&#8221; border_color_bottom=&#8221;#EFBB00&#8243; border_style_bottom=&#8221;dashed&#8221; global_colors_info=&#8221;{}&#8221;][\/et_pb_post_title][\/et_pb_column][\/et_pb_row][et_pb_row _builder_version=&#8221;4.16&#8243; _module_preset=&#8221;default&#8221; custom_margin=&#8221;0px||0px||true|false&#8221; custom_padding=&#8221;0px||0px||true|false&#8221; global_colors_info=&#8221;{}&#8221;][et_pb_column type=&#8221;4_4&#8243; _builder_version=&#8221;4.16&#8243; _module_preset=&#8221;default&#8221; global_colors_info=&#8221;{}&#8221;][et_pb_text _builder_version=&#8221;4.27.4&#8243; _module_preset=&#8221;default&#8221; global_colors_info=&#8221;{}&#8221;]<\/p>\n<p>Este Bolet\u00edn es una estrategia de comunicaci\u00f3n con la comunidad de graduados que tiene como finalidad principal enterarlos de la actualidad de la Universidad, los avances acad\u00e9micos, los logros de sus colegas, informaci\u00f3n relacionada con inserci\u00f3n laboral (empleabilidad y emprendimiento), informaci\u00f3n de convocatorias y becas disponibles, entre otros.<\/p>\n<p>\u00a1Si eres graduado UNAB y deseas hacer parte del bolet\u00edn generaciones UNAB, puedes hacerlo! Env\u00eda al correo gradaudos@unab.edu.co :<\/p>\n<ul>\n<li>Un art\u00edculo o texto informativo o acad\u00e9mico sobre una tem\u00e1tica de actualidad en la que seas experto y que sea de inter\u00e9s para la comunidad de graduados UNAB.<\/li>\n<li>La postulaci\u00f3n de la hoja de vida de un colega o la tuya para compartir experiencias y logros profesionales con la comunidad de graduados UNAB.<\/li>\n<\/ul>\n<blockquote>\n<p><a href=\"https:\/\/unab.edu.co\/impulsa\/wp-content\/uploads\/2025\/10\/ParametrosBoletinGeneraciones-rj.pdf\" target=\"_blank\" rel=\"noopener\">Consulta el procedimiento de selecci\u00f3n de perfiles<\/a><\/p>\n<\/blockquote>\n<p>[\/et_pb_text][\/et_pb_column][\/et_pb_row][et_pb_row _builder_version=&#8221;4.16&#8243; _module_preset=&#8221;default&#8221; global_colors_info=&#8221;{}&#8221;][et_pb_column type=&#8221;4_4&#8243; _builder_version=&#8221;4.16&#8243; _module_preset=&#8221;default&#8221; global_colors_info=&#8221;{}&#8221;][et_pb_blog fullwidth=&#8221;off&#8221; posts_number=&#8221;20&#8243; include_categories=&#8221;45&#8243; use_manual_excerpt=&#8221;off&#8221; show_author=&#8221;off&#8221; show_date=&#8221;off&#8221; show_categories=&#8221;off&#8221; show_excerpt=&#8221;off&#8221; masonry_tile_background_color=&#8221;#780A81&#8243; _builder_version=&#8221;4.27.5&#8243; _module_preset=&#8221;default&#8221; header_font=&#8221;Abel|700|||||||&#8221; header_text_align=&#8221;center&#8221; header_text_color=&#8221;#FFFFFF&#8221; hover_enabled=&#8221;0&#8243; border_radii=&#8221;on|7px|7px|7px|7px&#8221; border_width_all=&#8221;0px&#8221; box_shadow_style=&#8221;preset1&#8243; global_colors_info=&#8221;{}&#8221; sticky_enabled=&#8221;0&#8243;][\/et_pb_blog][\/et_pb_column][\/et_pb_row][\/et_pb_section]<\/p>\n","protected":false},"excerpt":{"rendered":"<p>Este Bolet\u00edn es una estrategia de comunicaci\u00f3n con la comunidad de graduados que tiene como finalidad principal enterarlos de la actualidad de la Universidad, los avances acad\u00e9micos, los logros de [&hellip;]<\/p>\n","protected":false},"author":1,"featured_media":0,"parent":0,"menu_order":0,"comment_status":"closed","ping_status":"closed","template":"","meta":{"_acf_changed":false,"_et_pb_use_builder":"on","_et_pb_old_content":"","_et_gb_content_width":"","pgc_sgb_lightbox_settings":"","footnotes":""},"class_list":["post-1139","page","type-page","status-publish","hentry"],"acf":[],"_links":{"self":[{"href":"https:\/\/unab.edu.co\/impulsa\/wp-json\/wp\/v2\/pages\/1139","targetHints":{"allow":["GET"]}}],"collection":[{"href":"https:\/\/unab.edu.co\/impulsa\/wp-json\/wp\/v2\/pages"}],"about":[{"href":"https:\/\/unab.edu.co\/impulsa\/wp-json\/wp\/v2\/types\/page"}],"author":[{"embeddable":true,"href":"https:\/\/unab.edu.co\/impulsa\/wp-json\/wp\/v2\/users\/1"}],"replies":[{"embeddable":true,"href":"https:\/\/unab.edu.co\/impulsa\/wp-json\/wp\/v2\/comments?post=1139"}],"version-history":[{"count":6,"href":"https:\/\/unab.edu.co\/impulsa\/wp-json\/wp\/v2\/pages\/1139\/revisions"}],"predecessor-version":[{"id":6139,"href":"https:\/\/unab.edu.co\/impulsa\/wp-json\/wp\/v2\/pages\/1139\/revisions\/6139"}],"wp:attachment":[{"href":"https:\/\/unab.edu.co\/impulsa\/wp-json\/wp\/v2\/media?parent=1139"}],"curies":[{"name":"wp","href":"https:\/\/api.w.org\/{rel}","templated":true}]}}