{"id":1150,"date":"2022-04-08T10:15:10","date_gmt":"2022-04-08T15:15:10","guid":{"rendered":"https:\/\/unab.edu.co\/impulsa\/?page_id=1150"},"modified":"2023-01-19T12:34:06","modified_gmt":"2023-01-19T17:34:06","slug":"revista-generaciones-unab","status":"publish","type":"page","link":"https:\/\/unab.edu.co\/impulsa\/revista-generaciones-unab\/","title":{"rendered":"Revista Generaciones UNAB"},"content":{"rendered":"<p>[et_pb_section fb_built=&#8221;1&#8243; _builder_version=&#8221;4.17.0&#8243; _module_preset=&#8221;default&#8221; global_colors_info=&#8221;{}&#8221;][et_pb_row _builder_version=&#8221;4.16&#8243; _module_preset=&#8221;default&#8221; global_colors_info=&#8221;{}&#8221;][et_pb_column type=&#8221;4_4&#8243; _builder_version=&#8221;4.16&#8243; _module_preset=&#8221;default&#8221; global_colors_info=&#8221;{}&#8221;][et_pb_post_title meta=&#8221;off&#8221; featured_image=&#8221;off&#8221; _builder_version=&#8221;4.17.0&#8243; _module_preset=&#8221;default&#8221; title_font=&#8221;Abel||||||||&#8221; title_text_color=&#8221;#780A81&#8243; title_font_size=&#8221;37px&#8221; border_width_bottom=&#8221;1px&#8221; border_color_bottom=&#8221;#EFBB00&#8243; border_style_bottom=&#8221;dashed&#8221; global_colors_info=&#8221;{}&#8221;][\/et_pb_post_title][\/et_pb_column][\/et_pb_row][et_pb_row _builder_version=&#8221;4.16&#8243; _module_preset=&#8221;default&#8221; custom_margin=&#8221;0px||0px||true|false&#8221; custom_padding=&#8221;0px||0px||true|false&#8221; global_colors_info=&#8221;{}&#8221; column_structure=&#8221;2_3,1_3&#8243;][et_pb_column type=&#8221;2_3&#8243; _builder_version=&#8221;4.16&#8243; _module_preset=&#8221;default&#8221; global_colors_info=&#8221;{}&#8221;][et_pb_text _builder_version=&#8221;4.17.0&#8243; _module_preset=&#8221;default&#8221; global_colors_info=&#8221;{}&#8221;]<\/p>\n<p>En el primer semestre de 2011 se lanza la revista Generaciones UNAB, como un espacio con el que los graduados pueden contar para publicar art\u00edculos de inter\u00e9s general que quieran compartir con la comunidad de graduados UNAB, producto de actividades acad\u00e9micas, experiencias laborales o de proyectos sociales, adem\u00e1s de ser un espacio en el que se registran las actividades m\u00e1s relevantes que se han desarrollado durante el semestre.<\/p>\n<p>Esta revista era una publicaci\u00f3n de circulaci\u00f3n semestral dirigida a la comunidad de graduados la cual cuenta con registro ISSN. A partir de la edici\u00f3n #5 y hasta el a\u00f1o 2015, que finaliz\u00f3 su circulaci\u00f3n, se desarroll\u00f3 en versi\u00f3n digital<\/p>\n<p>[\/et_pb_text][et_pb_button button_url=&#8221;https:\/\/repository.unab.edu.co\/handle\/20.500.12749\/12429&#8243; url_new_window=&#8221;on&#8221; button_text=&#8221;Consulta la revista&#8221; _builder_version=&#8221;4.19.2&#8243; _module_preset=&#8221;default&#8221; custom_button=&#8221;on&#8221; button_text_size=&#8221;16px&#8221; button_text_color=&#8221;#FFFFFF&#8221; button_bg_color=&#8221;#780A81&#8243; button_border_color=&#8221;#780A81&#8243; button_border_radius=&#8221;6px&#8221; button_icon=&#8221;&#xf518;||fa||900&#8243; global_colors_info=&#8221;{}&#8221;][\/et_pb_button][\/et_pb_column][et_pb_column type=&#8221;1_3&#8243; _builder_version=&#8221;4.16&#8243; _module_preset=&#8221;default&#8221; global_colors_info=&#8221;{}&#8221;][et_pb_image src=&#8221;https:\/\/unab.edu.co\/impulsa\/wp-content\/uploads\/2023\/01\/img-revistageneraciones.jpg&#8221; _builder_version=&#8221;4.19.2&#8243; _module_preset=&#8221;default&#8221; title_text=&#8221;img-revistageneraciones&#8221; hover_enabled=&#8221;0&#8243; sticky_enabled=&#8221;0&#8243; disabled_on=&#8221;off|off|off&#8221;][\/et_pb_image][\/et_pb_column][\/et_pb_row][et_pb_row disabled_on=&#8221;off|off|off&#8221; _builder_version=&#8221;4.16&#8243; _module_preset=&#8221;default&#8221; global_colors_info=&#8221;{}&#8221;][et_pb_column type=&#8221;4_4&#8243; _builder_version=&#8221;4.16&#8243; _module_preset=&#8221;default&#8221; global_colors_info=&#8221;{}&#8221;][et_pb_blog fullwidth=&#8221;off&#8221; include_categories=&#8221;47&#8243; use_manual_excerpt=&#8221;off&#8221; show_author=&#8221;off&#8221; show_date=&#8221;off&#8221; show_categories=&#8221;off&#8221; show_excerpt=&#8221;off&#8221; masonry_tile_background_color=&#8221;#780A81&#8243; disabled_on=&#8221;on|on|on&#8221; _builder_version=&#8221;4.19.2&#8243; _module_preset=&#8221;default&#8221; header_font=&#8221;Abel|700|||||||&#8221; header_text_align=&#8221;center&#8221; header_text_color=&#8221;#FFFFFF&#8221; border_radii=&#8221;on|7px|7px|7px|7px&#8221; border_width_all=&#8221;0px&#8221; box_shadow_style=&#8221;preset1&#8243; disabled=&#8221;on&#8221; global_colors_info=&#8221;{}&#8221;][\/et_pb_blog][\/et_pb_column][\/et_pb_row][\/et_pb_section]<\/p>\n","protected":false},"excerpt":{"rendered":"<p>En el primer semestre de 2011 se lanza la revista Generaciones UNAB, como un espacio con el que los graduados pueden contar para publicar art\u00edculos de inter\u00e9s general que quieran [&hellip;]<\/p>\n","protected":false},"author":1,"featured_media":0,"parent":0,"menu_order":0,"comment_status":"closed","ping_status":"closed","template":"","meta":{"_acf_changed":false,"_et_pb_use_builder":"on","_et_pb_old_content":"","_et_gb_content_width":"","pgc_sgb_lightbox_settings":"","footnotes":""},"class_list":["post-1150","page","type-page","status-publish","hentry"],"acf":[],"_links":{"self":[{"href":"https:\/\/unab.edu.co\/impulsa\/wp-json\/wp\/v2\/pages\/1150","targetHints":{"allow":["GET"]}}],"collection":[{"href":"https:\/\/unab.edu.co\/impulsa\/wp-json\/wp\/v2\/pages"}],"about":[{"href":"https:\/\/unab.edu.co\/impulsa\/wp-json\/wp\/v2\/types\/page"}],"author":[{"embeddable":true,"href":"https:\/\/unab.edu.co\/impulsa\/wp-json\/wp\/v2\/users\/1"}],"replies":[{"embeddable":true,"href":"https:\/\/unab.edu.co\/impulsa\/wp-json\/wp\/v2\/comments?post=1150"}],"version-history":[{"count":9,"href":"https:\/\/unab.edu.co\/impulsa\/wp-json\/wp\/v2\/pages\/1150\/revisions"}],"predecessor-version":[{"id":1866,"href":"https:\/\/unab.edu.co\/impulsa\/wp-json\/wp\/v2\/pages\/1150\/revisions\/1866"}],"wp:attachment":[{"href":"https:\/\/unab.edu.co\/impulsa\/wp-json\/wp\/v2\/media?parent=1150"}],"curies":[{"name":"wp","href":"https:\/\/api.w.org\/{rel}","templated":true}]}}