{"id":28,"date":"2021-06-23T17:30:13","date_gmt":"2021-06-23T22:30:13","guid":{"rendered":"https:\/\/unab.edu.co\/impulsa\/?page_id=28"},"modified":"2025-10-02T12:28:06","modified_gmt":"2025-10-02T17:28:06","slug":"unab-market","status":"publish","type":"page","link":"https:\/\/unab.edu.co\/impulsa\/unab-market\/","title":{"rendered":"Unab Market"},"content":{"rendered":"<p>[et_pb_section fb_built=&#8221;1&#8243; fullwidth=&#8221;on&#8221; _builder_version=&#8221;4.16&#8243; _module_preset=&#8221;default&#8221; global_colors_info=&#8221;{}&#8221;][et_pb_fullwidth_image src=&#8221;https:\/\/unab.edu.co\/impulsa\/wp-content\/uploads\/2021\/07\/banner-um.png&#8221; title_text=&#8221;banner-um&#8221; _builder_version=&#8221;4.16&#8243; _module_preset=&#8221;default&#8221; global_colors_info=&#8221;{}&#8221;][\/et_pb_fullwidth_image][\/et_pb_section][et_pb_section fb_built=&#8221;1&#8243; _builder_version=&#8221;4.16&#8243; _module_preset=&#8221;default&#8221; global_colors_info=&#8221;{}&#8221;][et_pb_row column_structure=&#8221;3_4,1_4&#8243; _builder_version=&#8221;4.16&#8243; _module_preset=&#8221;default&#8221; global_colors_info=&#8221;{}&#8221;][et_pb_column type=&#8221;3_4&#8243; _builder_version=&#8221;4.16&#8243; _module_preset=&#8221;default&#8221; global_colors_info=&#8221;{}&#8221;][et_pb_text _builder_version=&#8221;4.16&#8243; _module_preset=&#8221;default&#8221; global_colors_info=&#8221;{}&#8221;]<\/p>\n<p><span style=\"font-weight: 400;\">UNAB Market es una estrategia dise\u00f1ada para apoyar a los emprendedores que hacen parte de la comunidad UNAB: due\u00f1os, propietarios o socios fundadores de micro, peque\u00f1as y medianas empresas legalmente constituidas con por lo menos un a\u00f1o de creaci\u00f3n, con el fin de establecer un relacionamiento basado en diversas actividades de interacci\u00f3n, visibilidad y promoci\u00f3n de productos y servicios, a trav\u00e9s de una plataforma web.<\/span><\/p>\n<p>[\/et_pb_text][et_pb_button button_url=&#8221;@ET-DC@eyJkeW5hbWljIjp0cnVlLCJjb250ZW50IjoicG9zdF9saW5rX3VybF9wYWdlIiwic2V0dGluZ3MiOnsicG9zdF9pZCI6IjMyOTYifX0=@&#8221; button_text=&#8221;Ir al Directorio de emprendedores&#8221; _builder_version=&#8221;4.24.2&#8243; _dynamic_attributes=&#8221;button_url&#8221; _module_preset=&#8221;default&#8221; custom_button=&#8221;on&#8221; button_text_size=&#8221;16px&#8221; button_text_color=&#8221;#FFFFFF&#8221; button_bg_color=&#8221;#FF8100&#8243; button_border_color=&#8221;#FF8100&#8243; button_icon=&#8221;&#xe026;||divi||400&#8243; global_colors_info=&#8221;{}&#8221;][\/et_pb_button][et_pb_toggle title=&#8221;\u00bfQu\u00e9 beneficio tiene hacer parte de UNAB Market?&#8221; open_toggle_text_color=&#8221;#FF8100&#8243; closed_toggle_background_color=&#8221;#FFFFFF&#8221; icon_color=&#8221;#780A81&#8243; open_icon_color=&#8221;#780A81&#8243; _builder_version=&#8221;4.26.1&#8243; _module_preset=&#8221;default&#8221; title_text_color=&#8221;#780A81&#8243; border_radii=&#8221;on|5px|5px|5px|5px&#8221; border_width_all=&#8221;0px&#8221; box_shadow_style=&#8221;preset1&#8243; box_shadow_color=&#8221;rgba(0,0,0,0.13)&#8221; global_colors_info=&#8221;{}&#8221;]<\/p>\n<p>Relacionamiento entre todos los participantes que permite hacer negocios y fortalecer las empresas.<\/p>\n<p>Las empresas publicadas en UNAB Market tendr\u00e1n gran visibilidad al interior de la comunidad UNAB, pues se har\u00e1 uso de todos los canales de comunicaci\u00f3n de los que dispone la Universidad para promocionar esta estrategia.<\/p>\n<p>Fortalece nuestra comunidad incentivando el comercio con empresas y emprendimientos UNAB. \u00a1Juntos impulsamos el crecimiento de nuestra red!<\/p>\n<p>[\/et_pb_toggle][et_pb_toggle title=&#8221;\u00bfQui\u00e9nes pueden hacer parte de este proyecto?&#8221; open_toggle_text_color=&#8221;#FF8100&#8243; closed_toggle_background_color=&#8221;#FFFFFF&#8221; icon_color=&#8221;#780A81&#8243; open_icon_color=&#8221;#780A81&#8243; _builder_version=&#8221;4.16&#8243; _module_preset=&#8221;default&#8221; title_text_color=&#8221;#780A81&#8243; border_radii=&#8221;on|5px|5px|5px|5px&#8221; border_width_all=&#8221;0px&#8221; box_shadow_style=&#8221;preset1&#8243; box_shadow_color=&#8221;rgba(0,0,0,0.13)&#8221; global_colors_info=&#8221;{}&#8221;]<\/p>\n<p>Podr\u00e1n ofertar sus productos y servicios, los miembros de la comunidad UNAB:<\/p>\n<ul>\n<li>Estudiantes activos de programas de pregrado y posgrado de la UNAB.<\/li>\n<li>Graduados UNAB de programas de pregrado y posgrado.<\/li>\n<li>Graduados Instituto Caldas.<\/li>\n<li>Empleados UNAB \/ Instituto Caldas (docentes, administrativos).\u00a0 Deben contar con vinculaci\u00f3n directa a la Instituci\u00f3n y contrato vigente.<\/li>\n<li>Padres de familia de estudiantes del Instituto Caldas:\n<ul style=\"list-style: circle;\">\n<li>El estudiante debe estar matriculado en la Instituci\u00f3n durante el a\u00f1o lectivo.<\/li>\n<li>El padre de familia debe demostrar participaci\u00f3n proactiva y respetuosa en los procesos de la comunidad educativa.<\/li>\n<li>Demostrar parentesco a trav\u00e9s del Registro Civil de nacimiento.<\/li>\n<\/ul>\n<\/li>\n<\/ul>\n<p>[\/et_pb_toggle][et_pb_toggle title=&#8221;\u00bfQu\u00e9 caracter\u00edsticas deben tener las empresas para que sean publicadas en UNAB Market?&#8221; open_toggle_text_color=&#8221;#FF8100&#8243; closed_toggle_background_color=&#8221;#FFFFFF&#8221; icon_color=&#8221;#780A81&#8243; open_icon_color=&#8221;#780A81&#8243; _builder_version=&#8221;4.16&#8243; _module_preset=&#8221;default&#8221; title_text_color=&#8221;#780A81&#8243; title_line_height=&#8221;1.5em&#8221; border_radii=&#8221;on|5px|5px|5px|5px&#8221; border_width_all=&#8221;0px&#8221; box_shadow_style=&#8221;preset1&#8243; box_shadow_color=&#8221;rgba(0,0,0,0.13)&#8221; global_colors_info=&#8221;{}&#8221;]<\/p>\n<ol>\n<li>Estar legalmente constituidas y tener al menos un a\u00f1o de creaci\u00f3n.<\/li>\n<li>Empresas de car\u00e1cter natural o jur\u00eddico.<\/li>\n<li>Contar con sitio web, canal digital o red social comercial propia.<\/li>\n<li>Contar con logotipo o elemento de identidad gr\u00e1fica.<\/li>\n<li>Pertenecer al sector privado.<\/li>\n<li>Se excluyen empresas creadas para realizar ventas de tipo multinivel o por cat\u00e1logo.<\/li>\n<li>Se excluyen ventas de oportunidad por temporada.<\/li>\n<li>No realizar actividades comerciales consideradas il\u00edcitas seg\u00fan el marco normativo nacional e internacional.<\/li>\n<li>Encontrarse en una de las siguientes categor\u00edas:\n<ul>\n<li>Alimentos y bebidas<\/li>\n<li>Artesan\u00edas y manualidades<\/li>\n<li>Asesor\u00edas jur\u00eddicas<\/li>\n<li>Log\u00edstica, entregas y transporte<\/li>\n<li>Publicidad, arte y cultura<\/li>\n<li>Salud y bienestar<\/li>\n<li>Sector solidario y social<\/li>\n<li>Servicios educativos<\/li>\n<li>Servicios empresariales y financieros<\/li>\n<li>Servicios inform\u00e1ticos<\/li>\n<li>Tecnolog\u00eda<\/li>\n<li>Turismo<\/li>\n<li>Vestuario y calzado<\/li>\n<\/ul>\n<\/li>\n<\/ol>\n<p>[\/et_pb_toggle][et_pb_toggle title=&#8221;\u00bfQu\u00e9 pasos debe seguir un emprendedor UNAB para que su empresa est\u00e9 publicada en UNAB Market?&#8221; open_toggle_text_color=&#8221;#FF8100&#8243; closed_toggle_background_color=&#8221;#FFFFFF&#8221; icon_color=&#8221;#780A81&#8243; open_icon_color=&#8221;#780A81&#8243; _builder_version=&#8221;4.16&#8243; _module_preset=&#8221;default&#8221; title_text_color=&#8221;#780A81&#8243; title_line_height=&#8221;1.5em&#8221; border_radii=&#8221;on|5px|5px|5px|5px&#8221; border_width_all=&#8221;0px&#8221; box_shadow_style=&#8221;preset1&#8243; box_shadow_color=&#8221;rgba(0,0,0,0.13)&#8221; global_colors_info=&#8221;{}&#8221;]<\/p>\n<ol>\n<li>Validar que el propietario o socio fundador de la empresa hace parte de la comunidad UNAB\u00a0 (Ver:<span>\u00a0<\/span><span>\u00bfQui\u00e9nes pueden hacer parte de este proyecto?<\/span>)<\/li>\n<li>Verificar que su empresa cumple con las caracter\u00edsticas requeridas para pertenecer a UNAB Market\u00a0 (Ver<span>\u00a0<\/span><span>\u00bfQu\u00e9 caracter\u00edsticas deben tener las empresas para que sean publicadas en UNAB Market?<\/span>)<\/li>\n<li>Diligenciar el<span>\u00a0<\/span><u><a href=\"https:\/\/pasaporte.unab.edu.co\/index.php\/993455?lang=es-CO\" target=\"_blank\" rel=\"noopener\">formulario<\/a><\/u><span>\u00a0<\/span>de solicitud de ingreso y cargar la documentaci\u00f3n solicitada.<\/li>\n<li>Una vez diligenciado el formulario, los datos y documentos suministrados, ser\u00e1n validados por un funcionario de la UNAB quien le remitir\u00e1 una comunicaci\u00f3n en la que se indica si su solicitud de ingreso al directorio fue aceptada.<\/li>\n<li>La informaci\u00f3n suministrada y aprobada ser\u00e1 publicada.<\/li>\n<li>Anualmente deber\u00e1 actualizar la informaci\u00f3n de la empresa.<\/li>\n<\/ol>\n<p><span style=\"color: #999999;\">** La UNAB no es un intermediario, ni es responsable de las acciones, transacciones o servicios que se susciten con ocasi\u00f3n a la pertenencia al Market.<\/span><\/p>\n<p><span style=\"color: #999999;\">**La UNAB se reserva el derecho de aceptaci\u00f3n del emprendimiento en UNAB Market. Si el emprendimiento, una vez aceptado, desea retirarse del directorio, deber\u00e1 remitir una solicitud en dicho sentido a\u00a0<a href=\"mailto:graduados@unab.edu.co\" style=\"color: #999999;\">graduados@unab.edu.co<\/a>.<\/span><\/p>\n<p>[\/et_pb_toggle][\/et_pb_column][et_pb_column type=&#8221;1_4&#8243; _builder_version=&#8221;4.16&#8243; _module_preset=&#8221;default&#8221; global_colors_info=&#8221;{}&#8221;][et_pb_button button_url=&#8221;https:\/\/pasaporte.unab.edu.co\/index.php\/993455?lang=es-CO&#8221; url_new_window=&#8221;on&#8221; button_text=&#8221;Formulario solicitud de ingreso&#8221; _builder_version=&#8221;4.16&#8243; _module_preset=&#8221;default&#8221; custom_button=&#8221;on&#8221; button_text_size=&#8221;22px&#8221; button_text_color=&#8221;#FFFFFF&#8221; button_bg_color=&#8221;#FF8100&#8243; button_border_color=&#8221;RGBA(0,0,0,0)&#8221; button_icon=&#8221;&#x68;||divi||400&#8243; custom_padding=&#8221;1.5em|1em|1.5em|1em|true|true&#8221; box_shadow_style=&#8221;preset4&#8243; box_shadow_color=&#8221;rgba(0,0,0,0.05)&#8221; global_colors_info=&#8221;{}&#8221; button_bg_color__hover_enabled=&#8221;on|desktop&#8221; button_bg_color__hover=&#8221;#780A81&#8243; button_bg_enable_color__hover=&#8221;on&#8221;][\/et_pb_button][et_pb_button button_url=&#8221;\/impulsa\/wp-content\/uploads\/2021\/10\/Autorizacion-Tratamiento-de-datos-UNAB-Marketvf.pdf&#8221; url_new_window=&#8221;on&#8221; button_text=&#8221;Tratamiento de datos&#8221; _builder_version=&#8221;4.16&#8243; _module_preset=&#8221;default&#8221; custom_button=&#8221;on&#8221; button_text_size=&#8221;20px&#8221; button_text_color=&#8221;#FFFFFF&#8221; button_bg_color=&#8221;#780A81&#8243; button_border_color=&#8221;RGBA(0,0,0,0)&#8221; button_icon=&#8221;&#xe101;||divi||400&#8243; custom_padding=&#8221;0.5em|1em|0.5em|1em|true|true&#8221; custom_css_main_element=&#8221;line-height:1.5em !important;&#8221; box_shadow_style=&#8221;preset4&#8243; box_shadow_color=&#8221;rgba(0,0,0,0.05)&#8221; global_colors_info=&#8221;{}&#8221; button_bg_color__hover_enabled=&#8221;on|hover&#8221; button_bg_color__hover=&#8221;#FF8100&#8243; button_bg_enable_color__hover=&#8221;on&#8221;][\/et_pb_button][et_pb_button button_url=&#8221;https:\/\/unab.edu.co\/impulsa\/wp-content\/uploads\/2025\/10\/Terminos-Condiciones-UNAB-Market.pdf&#8221; url_new_window=&#8221;on&#8221; button_text=&#8221;T\u00e9rminos y condiciones&#8221; _builder_version=&#8221;4.27.4&#8243; _module_preset=&#8221;default&#8221; custom_button=&#8221;on&#8221; button_text_size=&#8221;20px&#8221; button_text_color=&#8221;#FFFFFF&#8221; button_bg_color=&#8221;#780A81&#8243; button_border_color=&#8221;RGBA(0,0,0,0)&#8221; button_icon=&#8221;&#xe101;||divi||400&#8243; custom_padding=&#8221;0.5em|1em|0.5em|1em|true|true&#8221; hover_enabled=&#8221;0&#8243; custom_css_main_element=&#8221;line-height:1.5em !important;&#8221; box_shadow_style=&#8221;preset4&#8243; box_shadow_color=&#8221;rgba(0,0,0,0.05)&#8221; global_colors_info=&#8221;{}&#8221; button_bg_color__hover_enabled=&#8221;on|hover&#8221; button_bg_color__hover=&#8221;#FF8100&#8243; button_bg_enable_color__hover=&#8221;on&#8221; sticky_enabled=&#8221;0&#8243;][\/et_pb_button][\/et_pb_column][\/et_pb_row][\/et_pb_section][et_pb_section fb_built=&#8221;1&#8243; disabled_on=&#8221;on|on|on&#8221; _builder_version=&#8221;4.24.2&#8243; _module_preset=&#8221;default&#8221; custom_margin=&#8221;0px||0px||true|false&#8221; custom_padding=&#8221;0px||0px||true|false&#8221; disabled=&#8221;on&#8221; global_colors_info=&#8221;{}&#8221;][et_pb_row _builder_version=&#8221;4.16&#8243; _module_preset=&#8221;default&#8221; global_colors_info=&#8221;{}&#8221;][et_pb_column type=&#8221;4_4&#8243; _builder_version=&#8221;4.16&#8243; _module_preset=&#8221;default&#8221; global_colors_info=&#8221;{}&#8221;][et_pb_text module_id=&#8221;directorio&#8221; _builder_version=&#8221;4.16&#8243; _module_preset=&#8221;default&#8221; header_font=&#8221;|600|||||||&#8221; header_text_align=&#8221;center&#8221; header_text_color=&#8221;#FF8100&#8243; border_width_bottom=&#8221;1px&#8221; border_color_bottom=&#8221;#EFBB00&#8243; border_style_bottom=&#8221;dotted&#8221; global_colors_info=&#8221;{}&#8221;]<\/p>\n<h1>Directorio de emprendedores<\/h1>\n<p>[\/et_pb_text][\/et_pb_column][\/et_pb_row][et_pb_row column_structure=&#8221;1_4,1_4,1_4,1_4&#8243; _builder_version=&#8221;4.16&#8243; _module_preset=&#8221;default&#8221; custom_padding=&#8221;|0px||0px|false|true&#8221; global_colors_info=&#8221;{}&#8221;][et_pb_column type=&#8221;1_4&#8243; _builder_version=&#8221;4.16&#8243; _module_preset=&#8221;default&#8221; global_colors_info=&#8221;{}&#8221;][et_pb_blurb title=&#8221;Alimentos y Bebidas&#8221; url=&#8221;@ET-DC@eyJkeW5hbWljIjp0cnVlLCJjb250ZW50IjoicG9zdF9saW5rX3VybF9wYWdlIiwic2V0dGluZ3MiOnsicG9zdF9pZCI6IjI2NyJ9fQ==@&#8221; image=&#8221;https:\/\/unab.edu.co\/impulsa\/wp-content\/uploads\/2021\/06\/btn-alimentos.jpg&#8221; _builder_version=&#8221;4.16&#8243; _dynamic_attributes=&#8221;url&#8221; _module_preset=&#8221;default&#8221; header_font=&#8221;Roboto Condensed||||||||&#8221; header_text_align=&#8221;center&#8221; header_text_color=&#8221;#595959&#8243; global_colors_info=&#8221;{}&#8221;][\/et_pb_blurb][\/et_pb_column][et_pb_column type=&#8221;1_4&#8243; _builder_version=&#8221;4.16&#8243; _module_preset=&#8221;default&#8221; global_colors_info=&#8221;{}&#8221;][et_pb_blurb title=&#8221;Artesan\u00edas y Manualidades&#8221; url=&#8221;@ET-DC@eyJkeW5hbWljIjp0cnVlLCJjb250ZW50IjoicG9zdF9saW5rX3VybF9wYWdlIiwic2V0dGluZ3MiOnsicG9zdF9pZCI6IjI5NSJ9fQ==@&#8221; image=&#8221;https:\/\/unab.edu.co\/impulsa\/wp-content\/uploads\/2021\/06\/btn-artesanias.jpg&#8221; _builder_version=&#8221;4.16&#8243; _dynamic_attributes=&#8221;url&#8221; _module_preset=&#8221;default&#8221; header_font=&#8221;Roboto Condensed||||||||&#8221; header_text_align=&#8221;center&#8221; header_text_color=&#8221;#595959&#8243; global_colors_info=&#8221;{}&#8221;][\/et_pb_blurb][\/et_pb_column][et_pb_column type=&#8221;1_4&#8243; _builder_version=&#8221;4.16&#8243; _module_preset=&#8221;default&#8221; global_colors_info=&#8221;{}&#8221;][et_pb_blurb title=&#8221;Asesor\u00edas Jur\u00eddicas&#8221; url=&#8221;@ET-DC@eyJkeW5hbWljIjp0cnVlLCJjb250ZW50IjoicG9zdF9saW5rX3VybF9wYWdlIiwic2V0dGluZ3MiOnsicG9zdF9pZCI6IjI5OCJ9fQ==@&#8221; image=&#8221;https:\/\/unab.edu.co\/impulsa\/wp-content\/uploads\/2021\/06\/btn-asesorJuridica.jpg&#8221; _builder_version=&#8221;4.16&#8243; _dynamic_attributes=&#8221;url&#8221; _module_preset=&#8221;default&#8221; header_font=&#8221;Roboto Condensed||||||||&#8221; header_text_align=&#8221;center&#8221; header_text_color=&#8221;#595959&#8243; global_colors_info=&#8221;{}&#8221;][\/et_pb_blurb][\/et_pb_column][et_pb_column type=&#8221;1_4&#8243; _builder_version=&#8221;4.16&#8243; _module_preset=&#8221;default&#8221; global_colors_info=&#8221;{}&#8221;][et_pb_blurb title=&#8221;Log\u00edstica, Entregas y Transporte&#8221; url=&#8221;@ET-DC@eyJkeW5hbWljIjp0cnVlLCJjb250ZW50IjoicG9zdF9saW5rX3VybF9wYWdlIiwic2V0dGluZ3MiOnsicG9zdF9pZCI6IjMwMSJ9fQ==@&#8221; image=&#8221;https:\/\/unab.edu.co\/impulsa\/wp-content\/uploads\/2021\/06\/btn-logistica.jpg&#8221; _builder_version=&#8221;4.16&#8243; _dynamic_attributes=&#8221;url&#8221; _module_preset=&#8221;default&#8221; header_font=&#8221;Roboto Condensed||||||||&#8221; header_text_align=&#8221;center&#8221; header_text_color=&#8221;#595959&#8243; global_colors_info=&#8221;{}&#8221;][\/et_pb_blurb][\/et_pb_column][\/et_pb_row][et_pb_row column_structure=&#8221;1_4,1_4,1_4,1_4&#8243; _builder_version=&#8221;4.16&#8243; _module_preset=&#8221;default&#8221; custom_padding=&#8221;|0px||0px|false|true&#8221; global_colors_info=&#8221;{}&#8221;][et_pb_column type=&#8221;1_4&#8243; _builder_version=&#8221;4.16&#8243; _module_preset=&#8221;default&#8221; global_colors_info=&#8221;{}&#8221;][et_pb_blurb title=&#8221;Publicidad, Arte y Cultura&#8221; url=&#8221;@ET-DC@eyJkeW5hbWljIjp0cnVlLCJjb250ZW50IjoicG9zdF9saW5rX3VybF9wYWdlIiwic2V0dGluZ3MiOnsicG9zdF9pZCI6IjMwNCJ9fQ==@&#8221; image=&#8221;https:\/\/unab.edu.co\/impulsa\/wp-content\/uploads\/2021\/06\/btn-publiArte.jpg&#8221; _builder_version=&#8221;4.16&#8243; _dynamic_attributes=&#8221;url&#8221; _module_preset=&#8221;default&#8221; header_font=&#8221;Roboto Condensed||||||||&#8221; header_text_align=&#8221;center&#8221; header_text_color=&#8221;#595959&#8243; global_colors_info=&#8221;{}&#8221;][\/et_pb_blurb][\/et_pb_column][et_pb_column type=&#8221;1_4&#8243; _builder_version=&#8221;4.16&#8243; _module_preset=&#8221;default&#8221; global_colors_info=&#8221;{}&#8221;][et_pb_blurb title=&#8221;Salud y Bienestar&#8221; url=&#8221;@ET-DC@eyJkeW5hbWljIjp0cnVlLCJjb250ZW50IjoicG9zdF9saW5rX3VybF9wYWdlIiwic2V0dGluZ3MiOnsicG9zdF9pZCI6IjMwNyJ9fQ==@&#8221; image=&#8221;https:\/\/unab.edu.co\/impulsa\/wp-content\/uploads\/2021\/07\/btn-saludBien.jpg&#8221; _builder_version=&#8221;4.16&#8243; _dynamic_attributes=&#8221;url&#8221; _module_preset=&#8221;default&#8221; header_font=&#8221;Roboto Condensed||||||||&#8221; header_text_align=&#8221;center&#8221; header_text_color=&#8221;#595959&#8243; global_colors_info=&#8221;{}&#8221;][\/et_pb_blurb][\/et_pb_column][et_pb_column type=&#8221;1_4&#8243; _builder_version=&#8221;4.16&#8243; _module_preset=&#8221;default&#8221; global_colors_info=&#8221;{}&#8221;][et_pb_blurb title=&#8221;Sector Solidario y Social&#8221; url=&#8221;@ET-DC@eyJkeW5hbWljIjp0cnVlLCJjb250ZW50IjoicG9zdF9saW5rX3VybF9wYWdlIiwic2V0dGluZ3MiOnsicG9zdF9pZCI6IjMxMSJ9fQ==@&#8221; image=&#8221;https:\/\/unab.edu.co\/impulsa\/wp-content\/uploads\/2021\/06\/btn-aposolidario.jpg&#8221; _builder_version=&#8221;4.16&#8243; _dynamic_attributes=&#8221;url&#8221; _module_preset=&#8221;default&#8221; header_font=&#8221;Roboto Condensed||||||||&#8221; header_text_align=&#8221;center&#8221; header_text_color=&#8221;#595959&#8243; global_colors_info=&#8221;{}&#8221;][\/et_pb_blurb][\/et_pb_column][et_pb_column type=&#8221;1_4&#8243; _builder_version=&#8221;4.16&#8243; _module_preset=&#8221;default&#8221; global_colors_info=&#8221;{}&#8221;][et_pb_blurb title=&#8221;Servicios Educativos&#8221; url=&#8221;@ET-DC@eyJkeW5hbWljIjp0cnVlLCJjb250ZW50IjoicG9zdF9saW5rX3VybF9wYWdlIiwic2V0dGluZ3MiOnsicG9zdF9pZCI6IjMxNCJ9fQ==@&#8221; image=&#8221;https:\/\/unab.edu.co\/impulsa\/wp-content\/uploads\/2021\/06\/btn-educativos.jpg&#8221; _builder_version=&#8221;4.16&#8243; _dynamic_attributes=&#8221;url&#8221; _module_preset=&#8221;default&#8221; header_font=&#8221;Roboto Condensed||||||||&#8221; header_text_align=&#8221;center&#8221; header_text_color=&#8221;#595959&#8243; global_colors_info=&#8221;{}&#8221;][\/et_pb_blurb][\/et_pb_column][\/et_pb_row][et_pb_row column_structure=&#8221;1_4,1_4,1_4,1_4&#8243; _builder_version=&#8221;4.16&#8243; _module_preset=&#8221;default&#8221; custom_padding=&#8221;|0px||0px|false|true&#8221; global_colors_info=&#8221;{}&#8221;][et_pb_column type=&#8221;1_4&#8243; _builder_version=&#8221;4.16&#8243; _module_preset=&#8221;default&#8221; global_colors_info=&#8221;{}&#8221;][et_pb_blurb title=&#8221;Servicios Empresariales y Financieros&#8221; url=&#8221;@ET-DC@eyJkeW5hbWljIjp0cnVlLCJjb250ZW50IjoicG9zdF9saW5rX3VybF9wYWdlIiwic2V0dGluZ3MiOnsicG9zdF9pZCI6IjMxNyJ9fQ==@&#8221; image=&#8221;https:\/\/unab.edu.co\/impulsa\/wp-content\/uploads\/2021\/06\/btn-empreFinanza.jpg&#8221; _builder_version=&#8221;4.16&#8243; _dynamic_attributes=&#8221;url&#8221; _module_preset=&#8221;default&#8221; header_font=&#8221;Roboto Condensed||||||||&#8221; header_text_align=&#8221;center&#8221; header_text_color=&#8221;#595959&#8243; global_colors_info=&#8221;{}&#8221;][\/et_pb_blurb][\/et_pb_column][et_pb_column type=&#8221;1_4&#8243; _builder_version=&#8221;4.16&#8243; _module_preset=&#8221;default&#8221; global_colors_info=&#8221;{}&#8221;][et_pb_blurb title=&#8221;Servicios inform\u00e1ticos&#8221; url=&#8221;@ET-DC@eyJkeW5hbWljIjp0cnVlLCJjb250ZW50IjoicG9zdF9saW5rX3VybF9wYWdlIiwic2V0dGluZ3MiOnsicG9zdF9pZCI6IjMyMCJ9fQ==@&#8221; image=&#8221;https:\/\/unab.edu.co\/impulsa\/wp-content\/uploads\/2021\/06\/btn-informaticos.jpg&#8221; _builder_version=&#8221;4.16&#8243; _dynamic_attributes=&#8221;url&#8221; _module_preset=&#8221;default&#8221; header_font=&#8221;Roboto Condensed||||||||&#8221; header_text_align=&#8221;center&#8221; header_text_color=&#8221;#595959&#8243; global_colors_info=&#8221;{}&#8221;][\/et_pb_blurb][\/et_pb_column][et_pb_column type=&#8221;1_4&#8243; _builder_version=&#8221;4.16&#8243; _module_preset=&#8221;default&#8221; global_colors_info=&#8221;{}&#8221;][et_pb_blurb title=&#8221;Tecnolog\u00eda&#8221; url=&#8221;@ET-DC@eyJkeW5hbWljIjp0cnVlLCJjb250ZW50IjoicG9zdF9saW5rX3VybF9wYWdlIiwic2V0dGluZ3MiOnsicG9zdF9pZCI6IjMyMyJ9fQ==@&#8221; image=&#8221;https:\/\/unab.edu.co\/impulsa\/wp-content\/uploads\/2021\/06\/btn-tecnologia.jpg&#8221; _builder_version=&#8221;4.16&#8243; _dynamic_attributes=&#8221;url&#8221; _module_preset=&#8221;default&#8221; header_font=&#8221;Roboto Condensed||||||||&#8221; header_text_align=&#8221;center&#8221; header_text_color=&#8221;#595959&#8243; global_colors_info=&#8221;{}&#8221;][\/et_pb_blurb][\/et_pb_column][et_pb_column type=&#8221;1_4&#8243; _builder_version=&#8221;4.16&#8243; _module_preset=&#8221;default&#8221; global_colors_info=&#8221;{}&#8221;][et_pb_blurb title=&#8221;Turismo&#8221; url=&#8221;@ET-DC@eyJkeW5hbWljIjp0cnVlLCJjb250ZW50IjoicG9zdF9saW5rX3VybF9wYWdlIiwic2V0dGluZ3MiOnsicG9zdF9pZCI6IjMyNyJ9fQ==@&#8221; image=&#8221;https:\/\/unab.edu.co\/impulsa\/wp-content\/uploads\/2021\/06\/btn-turismo.jpg&#8221; _builder_version=&#8221;4.16&#8243; _dynamic_attributes=&#8221;url&#8221; _module_preset=&#8221;default&#8221; header_font=&#8221;Roboto Condensed||||||||&#8221; header_text_align=&#8221;center&#8221; header_text_color=&#8221;#595959&#8243; global_colors_info=&#8221;{}&#8221;][\/et_pb_blurb][\/et_pb_column][\/et_pb_row][et_pb_row column_structure=&#8221;1_4,1_4,1_4,1_4&#8243; _builder_version=&#8221;4.16&#8243; _module_preset=&#8221;default&#8221; global_colors_info=&#8221;{}&#8221;][et_pb_column type=&#8221;1_4&#8243; _builder_version=&#8221;4.16&#8243; _module_preset=&#8221;default&#8221; global_colors_info=&#8221;{}&#8221;][et_pb_blurb title=&#8221;Vestuario y Calzado&#8221; url=&#8221;@ET-DC@eyJkeW5hbWljIjp0cnVlLCJjb250ZW50IjoicG9zdF9saW5rX3VybF9wYWdlIiwic2V0dGluZ3MiOnsicG9zdF9pZCI6IjMzMSJ9fQ==@&#8221; image=&#8221;https:\/\/unab.edu.co\/impulsa\/wp-content\/uploads\/2021\/06\/btn-vestCalza.jpg&#8221; _builder_version=&#8221;4.16&#8243; _dynamic_attributes=&#8221;url&#8221; _module_preset=&#8221;default&#8221; header_font=&#8221;Roboto Condensed||||||||&#8221; header_text_align=&#8221;center&#8221; header_text_color=&#8221;#595959&#8243; global_colors_info=&#8221;{}&#8221;][\/et_pb_blurb][\/et_pb_column][et_pb_column type=&#8221;1_4&#8243; _builder_version=&#8221;4.16&#8243; _module_preset=&#8221;default&#8221; global_colors_info=&#8221;{}&#8221;][\/et_pb_column][et_pb_column type=&#8221;1_4&#8243; _builder_version=&#8221;4.16&#8243; _module_preset=&#8221;default&#8221; global_colors_info=&#8221;{}&#8221;][\/et_pb_column][et_pb_column type=&#8221;1_4&#8243; _builder_version=&#8221;4.16&#8243; _module_preset=&#8221;default&#8221; global_colors_info=&#8221;{}&#8221;][\/et_pb_column][\/et_pb_row][\/et_pb_section]<\/p>\n","protected":false},"excerpt":{"rendered":"<p>UNAB Market es una estrategia dise\u00f1ada para apoyar a los emprendedores que hacen parte de la comunidad UNAB: due\u00f1os, propietarios o socios fundadores de micro, peque\u00f1as y medianas empresas legalmente [&hellip;]<\/p>\n","protected":false},"author":1,"featured_media":0,"parent":0,"menu_order":0,"comment_status":"closed","ping_status":"closed","template":"","meta":{"_acf_changed":false,"_et_pb_use_builder":"on","_et_pb_old_content":"","_et_gb_content_width":"","pgc_sgb_lightbox_settings":"","footnotes":""},"class_list":["post-28","page","type-page","status-publish","hentry"],"acf":[],"_links":{"self":[{"href":"https:\/\/unab.edu.co\/impulsa\/wp-json\/wp\/v2\/pages\/28","targetHints":{"allow":["GET"]}}],"collection":[{"href":"https:\/\/unab.edu.co\/impulsa\/wp-json\/wp\/v2\/pages"}],"about":[{"href":"https:\/\/unab.edu.co\/impulsa\/wp-json\/wp\/v2\/types\/page"}],"author":[{"embeddable":true,"href":"https:\/\/unab.edu.co\/impulsa\/wp-json\/wp\/v2\/users\/1"}],"replies":[{"embeddable":true,"href":"https:\/\/unab.edu.co\/impulsa\/wp-json\/wp\/v2\/comments?post=28"}],"version-history":[{"count":38,"href":"https:\/\/unab.edu.co\/impulsa\/wp-json\/wp\/v2\/pages\/28\/revisions"}],"predecessor-version":[{"id":5725,"href":"https:\/\/unab.edu.co\/impulsa\/wp-json\/wp\/v2\/pages\/28\/revisions\/5725"}],"wp:attachment":[{"href":"https:\/\/unab.edu.co\/impulsa\/wp-json\/wp\/v2\/media?parent=28"}],"curies":[{"name":"wp","href":"https:\/\/api.w.org\/{rel}","templated":true}]}}