{"id":4702,"date":"2024-11-19T19:10:00","date_gmt":"2024-11-20T00:10:00","guid":{"rendered":"https:\/\/unab.edu.co\/impulsa\/?page_id=4702"},"modified":"2024-11-19T19:12:51","modified_gmt":"2024-11-20T00:12:51","slug":"portafolio-conexiones","status":"publish","type":"page","link":"https:\/\/unab.edu.co\/impulsa\/portafolio-conexiones\/","title":{"rendered":"Portafolio conexiones"},"content":{"rendered":"<p>[et_pb_section fb_built=&#8221;1&#8243; _builder_version=&#8221;4.23.1&#8243; _module_preset=&#8221;default&#8221; background_color=&#8221;#780A81&#8243; custom_padding=&#8221;0px||0px||true|false&#8221; locked=&#8221;off&#8221; global_colors_info=&#8221;{}&#8221;][et_pb_row _builder_version=&#8221;4.23.1&#8243; _module_preset=&#8221;default&#8221; custom_padding=&#8221;|||1em|false|false&#8221; border_style_all=&#8221;dotted&#8221; border_width_left=&#8221;2px&#8221; border_color_left=&#8221;#FF8100&#8243; global_colors_info=&#8221;{}&#8221;][et_pb_column type=&#8221;4_4&#8243; _builder_version=&#8221;4.16&#8243; _module_preset=&#8221;default&#8221; global_colors_info=&#8221;{}&#8221;][et_pb_post_title meta=&#8221;off&#8221; featured_image=&#8221;off&#8221; _builder_version=&#8221;4.23.1&#8243; _module_preset=&#8221;default&#8221; title_font=&#8221;Abel||||||||&#8221; title_text_color=&#8221;#FFFFFF&#8221; title_font_size=&#8221;37px&#8221; global_colors_info=&#8221;{}&#8221;][\/et_pb_post_title][\/et_pb_column][\/et_pb_row][\/et_pb_section][et_pb_section fb_built=&#8221;1&#8243; _builder_version=&#8221;4.27.3&#8243; _module_preset=&#8221;default&#8221; custom_padding=&#8221;0px||3em||false|false&#8221; global_colors_info=&#8221;{}&#8221;][et_pb_row _builder_version=&#8221;4.27.3&#8243; _module_preset=&#8221;default&#8221; global_colors_info=&#8221;{}&#8221;][et_pb_column type=&#8221;4_4&#8243; _builder_version=&#8221;4.27.3&#8243; _module_preset=&#8221;default&#8221; global_colors_info=&#8221;{}&#8221;][et_pb_text _builder_version=&#8221;4.27.3&#8243; _module_preset=&#8221;default&#8221; header_3_text_color=&#8221;#FF8100&#8243; header_3_line_height=&#8221;1.2em&#8221; global_colors_info=&#8221;{}&#8221;]<\/p>\n<h3>Opciones de conexi\u00f3n<\/h3>\n<p>El portafolio de posibilidades de conexi\u00f3n del graduado con el ecosistema misional UNAB es un conjunto de oportunidades que te permite seguir vinculado con la universidad, aportando tu experiencia y conocimientos en diversas \u00e1reas de la instituci\u00f3n. A trav\u00e9s de tu participaci\u00f3n en estas iniciativas, no solo contribuyes al crecimiento de la comunidad UNAB, sino que tambi\u00e9n te beneficias con visibilidad, reconocimiento y desarrollo profesional, manteni\u00e9ndote siempre conectado con tu alma mater.<\/p>\n<p>[\/et_pb_text][\/et_pb_column][\/et_pb_row][et_pb_row column_structure=&#8221;1_3,1_3,1_3&#8243; use_custom_gutter=&#8221;on&#8221; gutter_width=&#8221;2&#8243; make_equal=&#8221;on&#8221; _builder_version=&#8221;4.20.2&#8243; _module_preset=&#8221;default&#8221; width=&#8221;90%&#8221; module_alignment=&#8221;center&#8221; height=&#8221;100%&#8221; global_colors_info=&#8221;{}&#8221;][et_pb_column type=&#8221;1_3&#8243; _builder_version=&#8221;4.20.2&#8243; _module_preset=&#8221;default&#8221; global_colors_info=&#8221;{}&#8221;][et_pb_blurb title=&#8221;Educaci\u00f3n Continua&#8221; use_icon=&#8221;on&#8221; font_icon=&#8221;&#xf5da;||fa||900&#8243; icon_color=&#8221;#FF8100&#8243; image_icon_width=&#8221;47px&#8221; module_class=&#8221;popmake-4736&#8243; _builder_version=&#8221;4.27.3&#8243; _module_preset=&#8221;default&#8221; header_font=&#8221;|600|||||||&#8221; header_text_color=&#8221;#780A81&#8243; header_font_size=&#8221;19px&#8221; background_color=&#8221;#eeceef&#8221; use_background_color_gradient=&#8221;on&#8221; background_color_gradient_stops=&#8221;#f8f8f8 0%|#fbedff 100%&#8221; image_icon_custom_margin=&#8221;||-10px||false|false&#8221; image_icon_custom_padding=&#8221;||||false|false&#8221; text_orientation=&#8221;center&#8221; height=&#8221;100%&#8221; custom_padding=&#8221;1em|0.1em|1em|0.1em|true|true&#8221; border_radii=&#8221;on|9px|9px|9px|9px&#8221; border_width_all=&#8221;2px&#8221; border_color_all=&#8221;#FFFFFF&#8221; box_shadow_style=&#8221;preset3&#8243; global_colors_info=&#8221;{}&#8221;][\/et_pb_blurb][\/et_pb_column][et_pb_column type=&#8221;1_3&#8243; _builder_version=&#8221;4.20.2&#8243; _module_preset=&#8221;default&#8221; global_colors_info=&#8221;{}&#8221;][et_pb_blurb title=&#8221;Programas acad\u00e9micos&#8221; use_icon=&#8221;on&#8221; font_icon=&#8221;&#xf51c;||fa||900&#8243; icon_color=&#8221;#FF8100&#8243; image_icon_width=&#8221;47px&#8221; module_class=&#8221;popmake-4741&#8243; _builder_version=&#8221;4.27.3&#8243; _module_preset=&#8221;default&#8221; header_font=&#8221;|600|||||||&#8221; header_text_color=&#8221;#780A81&#8243; header_font_size=&#8221;19px&#8221; background_color=&#8221;#eeceef&#8221; use_background_color_gradient=&#8221;on&#8221; background_color_gradient_stops=&#8221;#f8f8f8 0%|#fbedff 100%&#8221; image_icon_custom_margin=&#8221;||-10px||false|false&#8221; image_icon_custom_padding=&#8221;||||false|false&#8221; text_orientation=&#8221;center&#8221; height=&#8221;100%&#8221; custom_padding=&#8221;1em|0.1em|1em|0.1em|true|true&#8221; border_radii=&#8221;on|9px|9px|9px|9px&#8221; border_width_all=&#8221;2px&#8221; border_color_all=&#8221;#FFFFFF&#8221; box_shadow_style=&#8221;preset3&#8243; global_colors_info=&#8221;{}&#8221;][\/et_pb_blurb][\/et_pb_column][et_pb_column type=&#8221;1_3&#8243; _builder_version=&#8221;4.20.2&#8243; _module_preset=&#8221;default&#8221; global_colors_info=&#8221;{}&#8221;][et_pb_blurb title=&#8221;Centro de Desarrollo Empresarial&#8221; use_icon=&#8221;on&#8221; font_icon=&#8221;&#xe038;||divi||400&#8243; icon_color=&#8221;#FF8100&#8243; image_icon_width=&#8221;47px&#8221; module_class=&#8221;popmake-4747&#8243; _builder_version=&#8221;4.27.3&#8243; _module_preset=&#8221;default&#8221; header_font=&#8221;|600|||||||&#8221; header_text_color=&#8221;#780A81&#8243; header_font_size=&#8221;19px&#8221; background_color=&#8221;#eeceef&#8221; use_background_color_gradient=&#8221;on&#8221; background_color_gradient_stops=&#8221;#f8f8f8 0%|#fbedff 100%&#8221; image_icon_custom_margin=&#8221;||-10px||false|false&#8221; image_icon_custom_padding=&#8221;||||false|false&#8221; text_orientation=&#8221;center&#8221; height=&#8221;100%&#8221; custom_padding=&#8221;1em|0.1em|1em|0.1em|true|true&#8221; border_radii=&#8221;on|9px|9px|9px|9px&#8221; border_width_all=&#8221;2px&#8221; border_color_all=&#8221;#FFFFFF&#8221; box_shadow_style=&#8221;preset3&#8243; global_colors_info=&#8221;{}&#8221;][\/et_pb_blurb][\/et_pb_column][\/et_pb_row][et_pb_row column_structure=&#8221;1_3,1_3,1_3&#8243; use_custom_gutter=&#8221;on&#8221; gutter_width=&#8221;2&#8243; make_equal=&#8221;on&#8221; _builder_version=&#8221;4.20.2&#8243; _module_preset=&#8221;default&#8221; width=&#8221;90%&#8221; module_alignment=&#8221;center&#8221; height=&#8221;100%&#8221; global_colors_info=&#8221;{}&#8221;][et_pb_column type=&#8221;1_3&#8243; _builder_version=&#8221;4.20.2&#8243; _module_preset=&#8221;default&#8221; global_colors_info=&#8221;{}&#8221;][et_pb_blurb title=&#8221;Investigaci\u00f3n&#8221; use_icon=&#8221;on&#8221; font_icon=&#8221;&#xe101;||divi||400&#8243; icon_color=&#8221;#FF8100&#8243; image_icon_width=&#8221;47px&#8221; module_class=&#8221;popmake-4750&#8243; _builder_version=&#8221;4.27.3&#8243; _module_preset=&#8221;default&#8221; header_font=&#8221;|600|||||||&#8221; header_text_color=&#8221;#780A81&#8243; header_font_size=&#8221;19px&#8221; background_color=&#8221;#eeceef&#8221; use_background_color_gradient=&#8221;on&#8221; background_color_gradient_stops=&#8221;#f8f8f8 0%|#fbedff 100%&#8221; image_icon_custom_margin=&#8221;||-10px||false|false&#8221; image_icon_custom_padding=&#8221;||||false|false&#8221; text_orientation=&#8221;center&#8221; height=&#8221;100%&#8221; custom_padding=&#8221;1em|0.1em|1em|0.1em|true|true&#8221; border_radii=&#8221;on|9px|9px|9px|9px&#8221; border_width_all=&#8221;2px&#8221; border_color_all=&#8221;#FFFFFF&#8221; box_shadow_style=&#8221;preset3&#8243; global_colors_info=&#8221;{}&#8221;][\/et_pb_blurb][\/et_pb_column][et_pb_column type=&#8221;1_3&#8243; _builder_version=&#8221;4.20.2&#8243; _module_preset=&#8221;default&#8221; global_colors_info=&#8221;{}&#8221;][et_pb_blurb title=&#8221;Transformaci\u00f3n Social&#8221; use_icon=&#8221;on&#8221; font_icon=&#8221;&#xe068;||fa||900&#8243; icon_color=&#8221;#FF8100&#8243; image_icon_width=&#8221;47px&#8221; module_class=&#8221;popmake-4753&#8243; _builder_version=&#8221;4.27.3&#8243; _module_preset=&#8221;default&#8221; header_font=&#8221;|600|||||||&#8221; header_text_color=&#8221;#780A81&#8243; header_font_size=&#8221;19px&#8221; background_color=&#8221;#eeceef&#8221; use_background_color_gradient=&#8221;on&#8221; background_color_gradient_stops=&#8221;#f8f8f8 0%|#fbedff 100%&#8221; image_icon_custom_margin=&#8221;||-10px||false|false&#8221; image_icon_custom_padding=&#8221;||||false|false&#8221; text_orientation=&#8221;center&#8221; height=&#8221;100%&#8221; custom_padding=&#8221;1em|0.1em|1em|0.1em|true|true&#8221; border_radii=&#8221;on|9px|9px|9px|9px&#8221; border_width_all=&#8221;2px&#8221; border_color_all=&#8221;#FFFFFF&#8221; box_shadow_style=&#8221;preset3&#8243; global_colors_info=&#8221;{}&#8221;][\/et_pb_blurb][\/et_pb_column][et_pb_column type=&#8221;1_3&#8243; _builder_version=&#8221;4.20.2&#8243; _module_preset=&#8221;default&#8221; global_colors_info=&#8221;{}&#8221;][et_pb_blurb title=&#8221;Agenciamiento de recursos&#8221; use_icon=&#8221;on&#8221; font_icon=&#8221;&#xf074;||fa||900&#8243; icon_color=&#8221;#FF8100&#8243; image_icon_width=&#8221;47px&#8221; module_class=&#8221;popmake-4758&#8243; _builder_version=&#8221;4.27.3&#8243; _module_preset=&#8221;default&#8221; header_font=&#8221;|600|||||||&#8221; header_text_color=&#8221;#780A81&#8243; header_font_size=&#8221;19px&#8221; background_color=&#8221;#eeceef&#8221; use_background_color_gradient=&#8221;on&#8221; background_color_gradient_stops=&#8221;#f8f8f8 0%|#fbedff 100%&#8221; image_icon_custom_margin=&#8221;||-10px||false|false&#8221; image_icon_custom_padding=&#8221;||||false|false&#8221; text_orientation=&#8221;center&#8221; height=&#8221;100%&#8221; custom_padding=&#8221;1em|0.1em|1em|0.1em|true|true&#8221; border_radii=&#8221;on|9px|9px|9px|9px&#8221; border_width_all=&#8221;2px&#8221; border_color_all=&#8221;#FFFFFF&#8221; box_shadow_style=&#8221;preset3&#8243; global_colors_info=&#8221;{}&#8221;][\/et_pb_blurb][\/et_pb_column][\/et_pb_row][et_pb_row _builder_version=&#8221;4.20.2&#8243; _module_preset=&#8221;default&#8221; global_colors_info=&#8221;{}&#8221; locked=&#8221;off&#8221;][et_pb_column type=&#8221;4_4&#8243; _builder_version=&#8221;4.20.2&#8243; _module_preset=&#8221;default&#8221; global_colors_info=&#8221;{}&#8221;][et_pb_code _builder_version=&#8221;4.20.2&#8243; _module_preset=&#8221;default&#8221; global_colors_info=&#8221;{}&#8221;]<\/p>\n<style><!-- [et_pb_line_break_holder] -->ol#vinetas li {<!-- [et_pb_line_break_holder] -->    padding: 0.15em;<!-- [et_pb_line_break_holder] -->    margin: auto 1.5em;<!-- [et_pb_line_break_holder] -->}<!-- [et_pb_line_break_holder] -->ul#vinetas li {<!-- [et_pb_line_break_holder] -->    padding: 0.15em;<!-- [et_pb_line_break_holder] -->    margin: auto 1.5em;<!-- [et_pb_line_break_holder] -->}<!-- [et_pb_line_break_holder] -->ol#vinetas, ul#vinetas {<!-- [et_pb_line_break_holder] -->    list-style: initial;<!-- [et_pb_line_break_holder] -->}<!-- [et_pb_line_break_holder] -->  ul#vinetas li::marker {<!-- [et_pb_line_break_holder] -->    color: #f60;<!-- [et_pb_line_break_holder] -->}<!-- [et_pb_line_break_holder] -->    ol#vinetas li::marker {<!-- [et_pb_line_break_holder] -->    color: #f60;<!-- [et_pb_line_break_holder] -->}<!-- [et_pb_line_break_holder] -->  h3.ea-header a {<!-- [et_pb_line_break_holder] -->    color: #681584 !important;<!-- [et_pb_line_break_holder] -->}<!-- [et_pb_line_break_holder] -->  h3.ea-header {<!-- [et_pb_line_break_holder] -->    background-color: #fcf6ff;<!-- [et_pb_line_break_holder] -->}<!-- [et_pb_line_break_holder] --><\/style>\n<p>[\/et_pb_code][\/et_pb_column][\/et_pb_row][\/et_pb_section]<\/p>\n","protected":false},"excerpt":{"rendered":"<p>Opciones de conexi\u00f3n El portafolio de posibilidades de conexi\u00f3n del graduado con el ecosistema misional UNAB es un conjunto de oportunidades que te permite seguir vinculado con la universidad, aportando [&hellip;]<\/p>\n","protected":false},"author":1,"featured_media":0,"parent":0,"menu_order":0,"comment_status":"closed","ping_status":"closed","template":"","meta":{"_acf_changed":false,"_et_pb_use_builder":"on","_et_pb_old_content":"","_et_gb_content_width":"","pgc_sgb_lightbox_settings":"","footnotes":""},"class_list":["post-4702","page","type-page","status-publish","hentry"],"acf":[],"_links":{"self":[{"href":"https:\/\/unab.edu.co\/impulsa\/wp-json\/wp\/v2\/pages\/4702","targetHints":{"allow":["GET"]}}],"collection":[{"href":"https:\/\/unab.edu.co\/impulsa\/wp-json\/wp\/v2\/pages"}],"about":[{"href":"https:\/\/unab.edu.co\/impulsa\/wp-json\/wp\/v2\/types\/page"}],"author":[{"embeddable":true,"href":"https:\/\/unab.edu.co\/impulsa\/wp-json\/wp\/v2\/users\/1"}],"replies":[{"embeddable":true,"href":"https:\/\/unab.edu.co\/impulsa\/wp-json\/wp\/v2\/comments?post=4702"}],"version-history":[{"count":5,"href":"https:\/\/unab.edu.co\/impulsa\/wp-json\/wp\/v2\/pages\/4702\/revisions"}],"predecessor-version":[{"id":4764,"href":"https:\/\/unab.edu.co\/impulsa\/wp-json\/wp\/v2\/pages\/4702\/revisions\/4764"}],"wp:attachment":[{"href":"https:\/\/unab.edu.co\/impulsa\/wp-json\/wp\/v2\/media?parent=4702"}],"curies":[{"name":"wp","href":"https:\/\/api.w.org\/{rel}","templated":true}]}}