{"id":551,"date":"2021-07-09T11:44:11","date_gmt":"2021-07-09T16:44:11","guid":{"rendered":"https:\/\/unab.edu.co\/impulsa\/?page_id=551"},"modified":"2023-06-15T18:52:15","modified_gmt":"2023-06-15T23:52:15","slug":"solicitudes-y-tramites","status":"publish","type":"page","link":"https:\/\/unab.edu.co\/impulsa\/solicitudes-y-tramites\/","title":{"rendered":"Solicitudes y tr\u00e1mites"},"content":{"rendered":"<p>[et_pb_section fb_built=&#8221;1&#8243; _builder_version=&#8221;4.20.2&#8243; _module_preset=&#8221;default&#8221; hover_enabled=&#8221;0&#8243; global_colors_info=&#8221;{}&#8221; custom_padding=&#8221;||0px||false|false&#8221; sticky_enabled=&#8221;0&#8243;][et_pb_row _builder_version=&#8221;4.16&#8243; _module_preset=&#8221;default&#8221; global_colors_info=&#8221;{}&#8221;][et_pb_column type=&#8221;4_4&#8243; _builder_version=&#8221;4.16&#8243; _module_preset=&#8221;default&#8221; global_colors_info=&#8221;{}&#8221;][et_pb_post_title meta=&#8221;off&#8221; featured_image=&#8221;off&#8221; _builder_version=&#8221;4.16&#8243; _module_preset=&#8221;default&#8221; title_font=&#8221;Abel||||||||&#8221; title_text_color=&#8221;#780A81&#8243; title_font_size=&#8221;37px&#8221; border_width_bottom=&#8221;1px&#8221; border_color_bottom=&#8221;#EFBB00&#8243; border_style_bottom=&#8221;dashed&#8221; global_colors_info=&#8221;{}&#8221;][\/et_pb_post_title][\/et_pb_column][\/et_pb_row][\/et_pb_section][et_pb_section fb_built=&#8221;1&#8243; theme_builder_area=&#8221;post_content&#8221; _builder_version=&#8221;4.20.2&#8243; _module_preset=&#8221;default&#8221; custom_padding=&#8221;0px||0px||false|false&#8221; hover_enabled=&#8221;0&#8243; sticky_enabled=&#8221;0&#8243;][et_pb_row _builder_version=&#8221;4.20.2&#8243; _module_preset=&#8221;default&#8221; column_structure=&#8221;1_5,1_5,1_5,1_5,1_5&#8243; theme_builder_area=&#8221;post_content&#8221; make_equal=&#8221;on&#8221; use_custom_gutter=&#8221;on&#8221; gutter_width=&#8221;2&#8243; hover_enabled=&#8221;0&#8243; sticky_enabled=&#8221;0&#8243; height=&#8221;100%&#8221; width=&#8221;90%&#8221; module_alignment=&#8221;center&#8221;][et_pb_column _builder_version=&#8221;4.20.2&#8243; _module_preset=&#8221;default&#8221; type=&#8221;1_5&#8243; theme_builder_area=&#8221;post_content&#8221; hover_enabled=&#8221;0&#8243; sticky_enabled=&#8221;0&#8243;][et_pb_blurb title=&#8221;Certificados acad\u00e9micos&#8221; _builder_version=&#8221;4.20.2&#8243; _module_preset=&#8221;default&#8221; theme_builder_area=&#8221;post_content&#8221; use_icon=&#8221;on&#8221; font_icon=&#8221;&#x68;||divi||400&#8243; text_orientation=&#8221;center&#8221; custom_padding=&#8221;1em|0.1em|1em|0.1em|true|true&#8221; border_radii=&#8221;on|9px|9px|9px|9px&#8221; box_shadow_style=&#8221;preset3&#8243; header_font=&#8221;|600|||||||&#8221; sticky_enabled=&#8221;0&#8243; border_width_all=&#8221;2px&#8221; border_color_all=&#8221;#FFFFFF&#8221; image_icon_width=&#8221;47px&#8221; image_icon_custom_margin=&#8221;||-10px||false|false&#8221; image_icon_custom_padding=&#8221;||||false|false&#8221; icon_color=&#8221;#FF8100&#8243; header_text_color=&#8221;#780A81&#8243; header_font_size=&#8221;19px&#8221; background_color=&#8221;#eeceef&#8221; use_background_color_gradient=&#8221;on&#8221; background_color_gradient_stops=&#8221;#f8f8f8 0%|#fbedff 100%&#8221; height=&#8221;100%&#8221; hover_enabled=&#8221;0&#8243; module_class=&#8221;popmake-2348&#8243;][\/et_pb_blurb][\/et_pb_column][et_pb_column _builder_version=&#8221;4.20.2&#8243; _module_preset=&#8221;default&#8221; type=&#8221;1_5&#8243; theme_builder_area=&#8221;post_content&#8221;][et_pb_blurb title=&#8221;Duplicado de t\u00edtulos profesionales &#8221; _builder_version=&#8221;4.20.2&#8243; _module_preset=&#8221;default&#8221; theme_builder_area=&#8221;post_content&#8221; use_icon=&#8221;on&#8221; font_icon=&#8221;&#x69;||divi||400&#8243; text_orientation=&#8221;center&#8221; border_radii=&#8221;on|9px|9px|9px|9px&#8221; box_shadow_style=&#8221;preset3&#8243; header_font=&#8221;|600|||||||&#8221; sticky_enabled=&#8221;0&#8243; border_width_all=&#8221;2px&#8221; border_color_all=&#8221;#FFFFFF&#8221; image_icon_width=&#8221;47px&#8221; image_icon_custom_margin=&#8221;||-10px||false|false&#8221; image_icon_custom_padding=&#8221;||||false|false&#8221; icon_color=&#8221;#FF8100&#8243; header_text_color=&#8221;#780A81&#8243; header_font_size=&#8221;19px&#8221; custom_padding=&#8221;1em|0.1em|1em|0.1em|true|true&#8221; background_color=&#8221;#eeceef&#8221; use_background_color_gradient=&#8221;on&#8221; background_color_gradient_stops=&#8221;#f8f8f8 0%|#fbedff 100%&#8221; height=&#8221;100%&#8221; hover_enabled=&#8221;0&#8243; module_class=&#8221;popmake-2366&#8243;][\/et_pb_blurb][\/et_pb_column][et_pb_column _builder_version=&#8221;4.20.2&#8243; _module_preset=&#8221;default&#8221; type=&#8221;1_5&#8243; theme_builder_area=&#8221;post_content&#8221;][et_pb_blurb title=&#8221;Duplicado de actas de grado &#8221; _builder_version=&#8221;4.20.2&#8243; _module_preset=&#8221;default&#8221; theme_builder_area=&#8221;post_content&#8221; use_icon=&#8221;on&#8221; font_icon=&#8221;&#xe059;||divi||400&#8243; text_orientation=&#8221;center&#8221; custom_padding=&#8221;1em|0.5em|1em|0.5em|true|true&#8221; border_radii=&#8221;on|9px|9px|9px|9px&#8221; box_shadow_style=&#8221;preset3&#8243; header_font=&#8221;|600|||||||&#8221; sticky_enabled=&#8221;0&#8243; border_width_all=&#8221;2px&#8221; border_color_all=&#8221;#FFFFFF&#8221; image_icon_width=&#8221;47px&#8221; image_icon_custom_margin=&#8221;||-10px||false|false&#8221; image_icon_custom_padding=&#8221;||||false|false&#8221; icon_color=&#8221;#FF8100&#8243; header_text_color=&#8221;#780A81&#8243; header_font_size=&#8221;19px&#8221; background_color=&#8221;#eeceef&#8221; use_background_color_gradient=&#8221;on&#8221; background_color_gradient_stops=&#8221;#f8f8f8 0%|#fbedff 100%&#8221; height=&#8221;100%&#8221; hover_enabled=&#8221;0&#8243; module_class=&#8221;popmake-2370&#8243;][\/et_pb_blurb][\/et_pb_column][et_pb_column _builder_version=&#8221;4.20.2&#8243; _module_preset=&#8221;default&#8221; type=&#8221;1_5&#8243; theme_builder_area=&#8221;post_content&#8221;][et_pb_blurb title=&#8221;Certificado de validaci\u00f3n de t\u00edtulo&#8221; _builder_version=&#8221;4.20.2&#8243; _module_preset=&#8221;default&#8221; theme_builder_area=&#8221;post_content&#8221; use_icon=&#8221;on&#8221; font_icon=&#8221;&#xe101;||divi||400&#8243; text_orientation=&#8221;center&#8221; custom_padding=&#8221;1em|0.5em|1em|0.5em|true|true&#8221; border_radii=&#8221;on|9px|9px|9px|9px&#8221; box_shadow_style=&#8221;preset3&#8243; header_font=&#8221;|600|||||||&#8221; sticky_enabled=&#8221;0&#8243; border_width_all=&#8221;2px&#8221; border_color_all=&#8221;#FFFFFF&#8221; image_icon_width=&#8221;47px&#8221; image_icon_custom_margin=&#8221;||-10px||false|false&#8221; image_icon_custom_padding=&#8221;||||false|false&#8221; icon_color=&#8221;#FF8100&#8243; header_text_color=&#8221;#780A81&#8243; header_font_size=&#8221;19px&#8221; background_color=&#8221;#eeceef&#8221; use_background_color_gradient=&#8221;on&#8221; background_color_gradient_stops=&#8221;#f8f8f8 0%|#fbedff 100%&#8221; height=&#8221;100%&#8221; hover_enabled=&#8221;0&#8243; module_class=&#8221;popmake-2377&#8243;][\/et_pb_blurb][\/et_pb_column][et_pb_column _builder_version=&#8221;4.20.2&#8243; _module_preset=&#8221;default&#8221; type=&#8221;1_5&#8243; theme_builder_area=&#8221;post_content&#8221;][et_pb_blurb title=&#8221;\u00a0Carn\u00e9 digital de graduados&#8221; _builder_version=&#8221;4.20.2&#8243; _module_preset=&#8221;default&#8221; theme_builder_area=&#8221;post_content&#8221; use_icon=&#8221;on&#8221; font_icon=&#8221;&#xf2bb;||fa||400&#8243; text_orientation=&#8221;center&#8221; custom_padding=&#8221;1em|0.1em|1em|0.1em|true|true&#8221; border_radii=&#8221;on|9px|9px|9px|9px&#8221; box_shadow_style=&#8221;preset3&#8243; header_font=&#8221;|600|||||||&#8221; sticky_enabled=&#8221;0&#8243; border_width_all=&#8221;2px&#8221; border_color_all=&#8221;#FFFFFF&#8221; image_icon_width=&#8221;47px&#8221; image_icon_custom_margin=&#8221;||-10px||false|false&#8221; image_icon_custom_padding=&#8221;||||false|false&#8221; icon_color=&#8221;#FF8100&#8243; header_text_color=&#8221;#780A81&#8243; header_font_size=&#8221;19px&#8221; background_color=&#8221;#eeceef&#8221; use_background_color_gradient=&#8221;on&#8221; background_color_gradient_stops=&#8221;#f8f8f8 0%|#fbedff 100%&#8221; height=&#8221;100%&#8221; hover_enabled=&#8221;0&#8243; url=&#8221;https:\/\/pasaporte.unab.edu.co\/index.php\/678382?lang=es-CO&#8221; url_new_window=&#8221;on&#8221;][\/et_pb_blurb][\/et_pb_column][\/et_pb_row][et_pb_row _builder_version=&#8221;4.20.2&#8243; _module_preset=&#8221;default&#8221; column_structure=&#8221;1_2,1_2&#8243; theme_builder_area=&#8221;post_content&#8221;][et_pb_column _builder_version=&#8221;4.20.2&#8243; _module_preset=&#8221;default&#8221; type=&#8221;1_2&#8243; theme_builder_area=&#8221;post_content&#8221;][et_pb_toggle title=&#8221;Verificaci\u00f3n de t\u00edtulos&#8221; open_toggle_text_color=&#8221;#FF8100&#8243; closed_toggle_background_color=&#8221;#FFFFFF&#8221; icon_color=&#8221;#780A81&#8243; open_icon_color=&#8221;#780A81&#8243; _builder_version=&#8221;4.20.0&#8243; _module_preset=&#8221;default&#8221; title_text_color=&#8221;#780A81&#8243; border_radii=&#8221;on|5px|5px|5px|5px&#8221; border_width_all=&#8221;0px&#8221; box_shadow_style=&#8221;preset1&#8243; box_shadow_color=&#8221;rgba(0,0,0,0.13)&#8221; global_colors_info=&#8221;{}&#8221; theme_builder_area=&#8221;post_content&#8221;]Este servicio permite a graduados y empleadores validar de manera inmediata, la autenticidad de un t\u00edtulo de pregrado o posgrado expedido por la UNAB,<\/p>\n<p><a class=\"et_pb_button et_pb_custom_button_icon et_pb_button_1 et_pb_bg_layout_light\" href=\"https:\/\/miportalu.unab.edu.co\/modulos\/wwwunab\/gradosUnab.php\" target=\"_blank\" data-icon=\"\ue101\" style=\"border: dotted 1px; font-size:1em\" rel=\"noopener\"> Realiza aqu\u00ed la validaci\u00f3n de t\u00edtulos acad\u00e9micos\u00a0<\/a>[\/et_pb_toggle][\/et_pb_column][et_pb_column _builder_version=&#8221;4.20.2&#8243; _module_preset=&#8221;default&#8221; type=&#8221;1_2&#8243; theme_builder_area=&#8221;post_content&#8221;][et_pb_toggle title=&#8221;Tarjetas profesionales&#8221; open_toggle_text_color=&#8221;#FF8100&#8243; closed_toggle_background_color=&#8221;#FFFFFF&#8221; icon_color=&#8221;#780A81&#8243; open_icon_color=&#8221;#780A81&#8243; _builder_version=&#8221;4.16&#8243; _module_preset=&#8221;default&#8221; title_text_color=&#8221;#780A81&#8243; border_radii=&#8221;on|5px|5px|5px|5px&#8221; border_width_all=&#8221;0px&#8221; box_shadow_style=&#8221;preset1&#8243; box_shadow_color=&#8221;rgba(0,0,0,0.13)&#8221; global_colors_info=&#8221;{}&#8221; theme_builder_area=&#8221;post_content&#8221;]<\/p>\n<p><span style=\"font-weight: 400;\">La tarjeta profesional es un documento p\u00fablico que acredita la formaci\u00f3n acad\u00e9mica e idoneidad profesional de un individuo en un \u00e1rea espec\u00edfica del conocimiento. Para obtener el documento es necesario presentar el t\u00edtulo respectivo y dar cumplimiento de las dem\u00e1s disposiciones de Ley ante la autoridad competente.<\/span><\/p>\n<p><span style=\"font-weight: 400;\">En Colombia la tarjeta profesional es requisito indispensable para ejercer las profesiones que implican un riesgo social. En la actualidad cerca de 60 profesiones se encuentran reglamentadas por el Consejo Nacional de Acreditaci\u00f3n con este requisito.<\/span><\/p>\n<p><span style=\"font-weight: 400;\">Las siguientes son las entidades en donde puedes tramitar tu tarjeta profesional:<\/span><\/p>\n<ul>\n<li><a href=\"http:\/\/www.colpsic.org.co\/\"><span style=\"font-weight: 400;\">COLPSIC<\/span><\/a><span style=\"font-weight: 400;\"> &#8211; Colegio Nacional de Psic\u00f3logos<\/span><\/li>\n<li><a href=\"http:\/\/www.conalpe.gov.co\/v2\/\"><span style=\"font-weight: 400;\">CONALPE<\/span><\/a><span style=\"font-weight: 400;\"> &#8211; Consejo Nacional de Profesionales en Econom\u00ed\u00ada<\/span><\/li>\n<li><a href=\"http:\/\/www.cpae.gov.co\/\"><span style=\"font-weight: 400;\">CPAE<\/span><\/a><span style=\"font-weight: 400;\"> &#8211; Consejo Profesional de Administraci\u00f3n de Empresas<\/span><\/li>\n<li><a href=\"https:\/\/www.copnia.gov.co\/\" target=\"_blank\" rel=\"noopener\"><span style=\"font-weight: 400;\">CO<\/span><span style=\"font-weight: 400;\">P<\/span><span style=\"font-weight: 400;\">NIA<\/span><\/a><span style=\"font-weight: 400;\">\u00a0 &#8211; Consejo Profesional Nacional de Ingenier\u00eda<\/span><\/li>\n<li><a href=\"http:\/\/www.ramajudicial.gov.co\/web\/registro-nacional-de-abogados\/tarjetas-profesionales-de-abogados\"><span style=\"font-weight: 400;\">Consejo Superior de la Judicatura<\/span><\/a><span style=\"font-weight: 400;\"> (palabra enlazada al sitio) &#8211; Abogados<\/span><\/li>\n<li><a href=\"https:\/\/www.jcc.gov.co\/\"><span style=\"font-weight: 400;\">JCC<\/span><\/a><span style=\"font-weight: 400;\"> &#8211; Junta Central de Contadores<\/span><\/li>\n<li><a href=\"https:\/\/www.oceinfo.org.co\/\"><span style=\"font-weight: 400;\">OCE\u00a0<\/span><\/a><span style=\"font-weight: 400;\"> &#8211;<\/span> <span style=\"font-weight: 400;\">Organizaci\u00f3n Colegial de Enfermer\u00eda.<\/span><\/li>\n<li><a href=\"http:\/\/tramites.minsalud.gov.co\/TramitesServicios\/tarjetaMedico\"><span style=\"font-weight: 400;\">Ministerio de Salud y protecci\u00f3n social<\/span><\/a><span style=\"font-weight: 400;\">\u00a0 &#8211; M\u00e9dicos<\/span><\/li>\n<li><a href=\"https:\/\/unab.edu.co\/impulsa\/wp-content\/uploads\/2022\/02\/ConsejoNacionaldeProfesionesInternacionalesyAfines-CONPIA.pd_.pdf\" target=\"_blank\" rel=\"noopener\"><span style=\"font-weight: 400;\">CONPIA<\/span><\/a><span style=\"font-weight: 400;\"> &#8211; Consejo Nacional de Profesiones Internacionales y Afines para los profesionales en Negocios Internacionales<\/span><\/li>\n<\/ul>\n<p><span style=\"font-weight: 400;\">Para los programas de Comunicaci\u00f3n Social, Estudios Literarios, Artes Audiovisuales, Licenciatura en Educaci\u00f3n Preescolar y M\u00fasica a\u00fan no se requiere tarjeta profesional.<\/span><\/p>\n<p>[\/et_pb_toggle][\/et_pb_column][\/et_pb_row][et_pb_row _builder_version=&#8221;4.20.2&#8243; _module_preset=&#8221;default&#8221; theme_builder_area=&#8221;post_content&#8221;][et_pb_column _builder_version=&#8221;4.20.2&#8243; _module_preset=&#8221;default&#8221; type=&#8221;4_4&#8243; theme_builder_area=&#8221;post_content&#8221;][et_pb_code _builder_version=&#8221;4.20.2&#8243; _module_preset=&#8221;default&#8221; theme_builder_area=&#8221;post_content&#8221; hover_enabled=&#8221;0&#8243; sticky_enabled=&#8221;0&#8243;]<\/p>\n<style><!-- [et_pb_line_break_holder] -->ol#vinetas li {<!-- [et_pb_line_break_holder] -->    padding: 0.15em;<!-- [et_pb_line_break_holder] -->    margin: auto 1.5em;<!-- [et_pb_line_break_holder] -->}<!-- [et_pb_line_break_holder] -->ul#vinetas li {<!-- [et_pb_line_break_holder] -->    padding: 0.15em;<!-- [et_pb_line_break_holder] -->    margin: auto 1.5em;<!-- [et_pb_line_break_holder] -->}<!-- [et_pb_line_break_holder] -->ol#vinetas, ul#vinetas {<!-- [et_pb_line_break_holder] -->    list-style: initial;<!-- [et_pb_line_break_holder] -->}<!-- [et_pb_line_break_holder] -->  ul#vinetas li::marker {<!-- [et_pb_line_break_holder] -->    color: #f60;<!-- [et_pb_line_break_holder] -->}<!-- [et_pb_line_break_holder] -->    ol#vinetas li::marker {<!-- [et_pb_line_break_holder] -->    color: #f60;<!-- [et_pb_line_break_holder] -->}<!-- [et_pb_line_break_holder] -->  h3.ea-header a {<!-- [et_pb_line_break_holder] -->    color: #681584 !important;<!-- [et_pb_line_break_holder] -->}<!-- [et_pb_line_break_holder] -->  h3.ea-header {<!-- [et_pb_line_break_holder] -->    background-color: #fcf6ff;<!-- [et_pb_line_break_holder] -->}<!-- [et_pb_line_break_holder] --><\/style>\n<p>[\/et_pb_code][\/et_pb_column][\/et_pb_row][et_pb_row column_structure=&#8221;2_3,1_3&#8243; _builder_version=&#8221;4.16&#8243; _module_preset=&#8221;default&#8221; global_colors_info=&#8221;{}&#8221; disabled_on=&#8221;on|on|on&#8221; disabled=&#8221;on&#8221; theme_builder_area=&#8221;post_content&#8221;][et_pb_column type=&#8221;2_3&#8243; _builder_version=&#8221;4.16&#8243; _module_preset=&#8221;default&#8221; global_colors_info=&#8221;{}&#8221; theme_builder_area=&#8221;post_content&#8221;][et_pb_toggle title=&#8221;Solicitudes&#8221; open_toggle_text_color=&#8221;#FF8100&#8243; closed_toggle_background_color=&#8221;#FFFFFF&#8221; icon_color=&#8221;#780A81&#8243; open_icon_color=&#8221;#780A81&#8243; _builder_version=&#8221;4.20.0&#8243; _module_preset=&#8221;default&#8221; title_text_color=&#8221;#780A81&#8243; border_radii=&#8221;on|5px|5px|5px|5px&#8221; border_width_all=&#8221;0px&#8221; box_shadow_style=&#8221;preset1&#8243; box_shadow_color=&#8221;rgba(0,0,0,0.13)&#8221; global_colors_info=&#8221;{}&#8221; theme_builder_area=&#8221;post_content&#8221;]<\/p>\n<ul>\n<li><a href=\"https:\/\/unab.edu.co\/estudiantes\/#tramites\" target=\"_blank\" rel=\"noopener\"><span style=\"font-weight: 400;\">Solicitud de certificados acad\u00e9micos<\/span><\/a><\/li>\n<li><a href=\"https:\/\/unab.edu.co\/impulsa\/wp-content\/uploads\/2023\/02\/Tramite-Duplicado-de-diploma.pdf\" target=\"_blank\" rel=\"noopener\"><span style=\"font-weight: 400;\">Solicitud de duplicado de t\u00edtulos profesionales\u00a0<\/span><\/a><\/li>\n<li><a href=\"https:\/\/unab.edu.co\/impulsa\/wp-content\/uploads\/2023\/01\/Acta-de-Grado.pdf\" rel=\"attachment noopener wp-att-557\" target=\"_blank\">Solicitud de duplicado de actas de grado\u00a0<\/a><\/li>\n<li><a href=\"https:\/\/unab.edu.co\/impulsa\/wp-content\/uploads\/2023\/01\/Validacion-de-titulo.pdf\" rel=\"attachment noopener wp-att-556\" target=\"_blank\">Solicitud de certificado de validaci\u00f3n de t\u00edtulo<\/a><\/li>\n<li><a href=\"https:\/\/pasaporte.unab.edu.co\/index.php\/678382?lang=es-CO\" target=\"_blank\" rel=\"noopener\">Solicitud de carn\u00e9 digital de graduados<\/a><\/li>\n<\/ul>\n<p>[\/et_pb_toggle][\/et_pb_column][et_pb_column type=&#8221;1_3&#8243; _builder_version=&#8221;4.16&#8243; _module_preset=&#8221;default&#8221; global_colors_info=&#8221;{}&#8221; theme_builder_area=&#8221;post_content&#8221;][et_pb_image src=&#8221;https:\/\/unab.edu.co\/impulsa\/wp-content\/uploads\/2021\/08\/img-tramites.jpg&#8221; title_text=&#8221;img-tramites&#8221; align=&#8221;center&#8221; _builder_version=&#8221;4.16&#8243; _module_preset=&#8221;default&#8221; border_radii=&#8221;on|7px|7px|7px|7px&#8221; global_colors_info=&#8221;{}&#8221; theme_builder_area=&#8221;post_content&#8221;][\/et_pb_image][\/et_pb_column][\/et_pb_row][\/et_pb_section]<\/p>\n","protected":false},"excerpt":{"rendered":"<p>Este servicio permite a graduados y empleadores validar de manera inmediata, la autenticidad de un t\u00edtulo de pregrado o posgrado expedido por la UNAB, Realiza aqu\u00ed la validaci\u00f3n de t\u00edtulos [&hellip;]<\/p>\n","protected":false},"author":1,"featured_media":0,"parent":0,"menu_order":0,"comment_status":"closed","ping_status":"closed","template":"","meta":{"_acf_changed":false,"_et_pb_use_builder":"on","_et_pb_old_content":"","_et_gb_content_width":"","pgc_sgb_lightbox_settings":"","footnotes":""},"class_list":["post-551","page","type-page","status-publish","hentry"],"acf":[],"_links":{"self":[{"href":"https:\/\/unab.edu.co\/impulsa\/wp-json\/wp\/v2\/pages\/551","targetHints":{"allow":["GET"]}}],"collection":[{"href":"https:\/\/unab.edu.co\/impulsa\/wp-json\/wp\/v2\/pages"}],"about":[{"href":"https:\/\/unab.edu.co\/impulsa\/wp-json\/wp\/v2\/types\/page"}],"author":[{"embeddable":true,"href":"https:\/\/unab.edu.co\/impulsa\/wp-json\/wp\/v2\/users\/1"}],"replies":[{"embeddable":true,"href":"https:\/\/unab.edu.co\/impulsa\/wp-json\/wp\/v2\/comments?post=551"}],"version-history":[{"count":31,"href":"https:\/\/unab.edu.co\/impulsa\/wp-json\/wp\/v2\/pages\/551\/revisions"}],"predecessor-version":[{"id":2384,"href":"https:\/\/unab.edu.co\/impulsa\/wp-json\/wp\/v2\/pages\/551\/revisions\/2384"}],"wp:attachment":[{"href":"https:\/\/unab.edu.co\/impulsa\/wp-json\/wp\/v2\/media?parent=551"}],"curies":[{"name":"wp","href":"https:\/\/api.w.org\/{rel}","templated":true}]}}