{"id":580,"date":"2021-07-09T15:26:57","date_gmt":"2021-07-09T20:26:57","guid":{"rendered":"https:\/\/unab.edu.co\/impulsa\/?page_id=580"},"modified":"2025-09-08T16:27:05","modified_gmt":"2025-09-08T21:27:05","slug":"beneficios","status":"publish","type":"page","link":"https:\/\/unab.edu.co\/impulsa\/beneficios\/","title":{"rendered":"Beneficios"},"content":{"rendered":"<p>[et_pb_section fb_built=&#8221;1&#8243; _builder_version=&#8221;4.23.1&#8243; _module_preset=&#8221;default&#8221; background_color=&#8221;#780A81&#8243; custom_padding=&#8221;0px||0px||true|false&#8221; global_colors_info=&#8221;{}&#8221;][et_pb_row _builder_version=&#8221;4.23.1&#8243; _module_preset=&#8221;default&#8221; custom_padding=&#8221;|||1em|false|false&#8221; border_style_all=&#8221;dotted&#8221; border_width_left=&#8221;2px&#8221; border_color_left=&#8221;#FF8100&#8243; global_colors_info=&#8221;{}&#8221;][et_pb_column type=&#8221;4_4&#8243; _builder_version=&#8221;4.16&#8243; _module_preset=&#8221;default&#8221; global_colors_info=&#8221;{}&#8221;][et_pb_post_title meta=&#8221;off&#8221; featured_image=&#8221;off&#8221; _builder_version=&#8221;4.23.1&#8243; _module_preset=&#8221;default&#8221; title_font=&#8221;Abel||||||||&#8221; title_text_color=&#8221;#FFFFFF&#8221; title_font_size=&#8221;37px&#8221; global_colors_info=&#8221;{}&#8221;][\/et_pb_post_title][\/et_pb_column][\/et_pb_row][\/et_pb_section][et_pb_section fb_built=&#8221;1&#8243; _builder_version=&#8221;4.27.4&#8243; _module_preset=&#8221;default&#8221; background_color=&#8221;#9e00e2&#8243; background_pattern_width=&#8221;17px&#8221; custom_padding=&#8221;0px||0px||true|false&#8221; hover_enabled=&#8221;0&#8243; box_shadow_style=&#8221;preset6&#8243; global_colors_info=&#8221;{}&#8221; sticky_enabled=&#8221;0&#8243;][et_pb_row _builder_version=&#8221;4.23.1&#8243; _module_preset=&#8221;default&#8221; custom_padding=&#8221;0px||0px||true|false&#8221; global_colors_info=&#8221;{}&#8221;][et_pb_column type=&#8221;4_4&#8243; _builder_version=&#8221;4.23.1&#8243; _module_preset=&#8221;default&#8221; global_colors_info=&#8221;{}&#8221;][et_pb_image src=&#8221;https:\/\/unab.edu.co\/impulsa\/wp-content\/uploads\/2025\/09\/BeneficiosCarne_1280x400.png&#8221; title_text=&#8221;BeneficiosCarne_1280x400&#8243; url=&#8221;https:\/\/pasaporte.unab.edu.co\/index.php\/413796?lang=es-CO&#8221; url_new_window=&#8221;on&#8221; _builder_version=&#8221;4.27.4&#8243; _module_preset=&#8221;default&#8221; global_colors_info=&#8221;{}&#8221;][\/et_pb_image][\/et_pb_column][\/et_pb_row][\/et_pb_section][et_pb_section fb_built=&#8221;1&#8243; _builder_version=&#8221;4.27.4&#8243; _module_preset=&#8221;default&#8221; background_color=&#8221;#780a81&#8243; background_enable_pattern_style=&#8221;on&#8221; background_pattern_color=&#8221;rgba(0,0,0,0.12)&#8221; background_pattern_size=&#8221;custom&#8221; background_pattern_width=&#8221;6px&#8221; custom_padding=&#8221;1em||1em||true|false&#8221; global_colors_info=&#8221;{}&#8221;][et_pb_row column_structure=&#8221;1_5,1_5,1_5,1_5,1_5&#8243; use_custom_gutter=&#8221;on&#8221; gutter_width=&#8221;2&#8243; make_equal=&#8221;on&#8221; _builder_version=&#8221;4.24.0&#8243; _module_preset=&#8221;default&#8221; global_colors_info=&#8221;{}&#8221;][et_pb_column type=&#8221;1_5&#8243; _builder_version=&#8221;4.24.0&#8243; _module_preset=&#8221;default&#8221; global_colors_info=&#8221;{}&#8221;][et_pb_button button_url=&#8221;https:\/\/unab.edu.co\/becas\/pregrado#posgrado&#8221; url_new_window=&#8221;on&#8221; button_text=&#8221;Becas y descuentos posgrado &#8221; _builder_version=&#8221;4.27.4&#8243; _module_preset=&#8221;default&#8221; custom_button=&#8221;on&#8221; button_text_color=&#8221;#FFFFFF&#8221; button_bg_color=&#8221;RGBA(255,255,255,0)&#8221; button_border_color=&#8221;RGBA(255,255,255,0)&#8221; button_font=&#8221;Poppins||||||||&#8221; button_icon=&#8221;&#x3d;||divi||400&#8243; button_icon_color=&#8221;#EFBB00&#8243; button_on_hover=&#8221;off&#8221; custom_css_free_form=&#8221;a {line-height: 1em}&#8221; global_colors_info=&#8221;{}&#8221;][\/et_pb_button][\/et_pb_column][et_pb_column type=&#8221;1_5&#8243; _builder_version=&#8221;4.24.0&#8243; _module_preset=&#8221;default&#8221; global_colors_info=&#8221;{}&#8221;][et_pb_button button_url=&#8221;https:\/\/unab.edu.co\/becas\/pregrado&#8221; url_new_window=&#8221;on&#8221; button_text=&#8221;Becas y descuentos pregrado&#8221; _builder_version=&#8221;4.24.0&#8243; _module_preset=&#8221;default&#8221; custom_button=&#8221;on&#8221; button_text_color=&#8221;#FFFFFF&#8221; button_bg_color=&#8221;RGBA(255,255,255,0)&#8221; button_border_color=&#8221;RGBA(255,255,255,0)&#8221; button_font=&#8221;Poppins||||||||&#8221; button_icon=&#8221;&#x3d;||divi||400&#8243; button_icon_color=&#8221;#EFBB00&#8243; button_on_hover=&#8221;off&#8221; custom_css_free_form=&#8221;a {line-height: 1em}&#8221; global_colors_info=&#8221;{}&#8221;][\/et_pb_button][\/et_pb_column][et_pb_column type=&#8221;1_5&#8243; _builder_version=&#8221;4.24.0&#8243; _module_preset=&#8221;default&#8221; global_colors_info=&#8221;{}&#8221;][et_pb_button button_url=&#8221;https:\/\/unab.edu.co\/posgrado\/&#8221; url_new_window=&#8221;on&#8221; button_text=&#8221;Oferta Posgrados&#8221; _builder_version=&#8221;4.24.0&#8243; _module_preset=&#8221;default&#8221; custom_button=&#8221;on&#8221; button_text_color=&#8221;#FFFFFF&#8221; button_bg_color=&#8221;RGBA(255,255,255,0)&#8221; button_border_color=&#8221;RGBA(255,255,255,0)&#8221; button_font=&#8221;Poppins||||||||&#8221; button_icon=&#8221;&#x3d;||divi||400&#8243; button_icon_color=&#8221;#EFBB00&#8243; button_on_hover=&#8221;off&#8221; custom_css_free_form=&#8221;a {line-height: 1em}&#8221; global_colors_info=&#8221;{}&#8221;][\/et_pb_button][\/et_pb_column][et_pb_column type=&#8221;1_5&#8243; _builder_version=&#8221;4.24.0&#8243; _module_preset=&#8221;default&#8221; global_colors_info=&#8221;{}&#8221;][et_pb_button button_url=&#8221;https:\/\/unab.edu.co\/educacion-continua\/%20&#8243; url_new_window=&#8221;on&#8221; button_text=&#8221;Educaci\u00f3n continua&#8221; _builder_version=&#8221;4.24.0&#8243; _module_preset=&#8221;default&#8221; custom_button=&#8221;on&#8221; button_text_color=&#8221;#FFFFFF&#8221; button_bg_color=&#8221;RGBA(255,255,255,0)&#8221; button_border_color=&#8221;RGBA(255,255,255,0)&#8221; button_font=&#8221;Poppins||||||||&#8221; button_icon=&#8221;&#x3d;||divi||400&#8243; button_icon_color=&#8221;#EFBB00&#8243; button_on_hover=&#8221;off&#8221; custom_css_free_form=&#8221;a {line-height: 1em}&#8221; global_colors_info=&#8221;{}&#8221;][\/et_pb_button][\/et_pb_column][et_pb_column type=&#8221;1_5&#8243; _builder_version=&#8221;4.24.0&#8243; _module_preset=&#8221;default&#8221; global_colors_info=&#8221;{}&#8221;][et_pb_button button_url=&#8221;https:\/\/unab.edu.co\/eventos-unab&#8221; url_new_window=&#8221;on&#8221; button_text=&#8221;Eventos universitarios &#8221; _builder_version=&#8221;4.24.0&#8243; _module_preset=&#8221;default&#8221; custom_button=&#8221;on&#8221; button_text_color=&#8221;#FFFFFF&#8221; button_bg_color=&#8221;RGBA(255,255,255,0)&#8221; button_border_color=&#8221;RGBA(255,255,255,0)&#8221; button_font=&#8221;Poppins||||||||&#8221; button_icon=&#8221;&#x3d;||divi||400&#8243; button_icon_color=&#8221;#EFBB00&#8243; button_on_hover=&#8221;off&#8221; custom_css_free_form=&#8221;a {line-height: 1em}&#8221; global_colors_info=&#8221;{}&#8221;][\/et_pb_button][\/et_pb_column][\/et_pb_row][\/et_pb_section][et_pb_section fb_built=&#8221;1&#8243; _builder_version=&#8221;4.23.1&#8243; _module_preset=&#8221;default&#8221; custom_padding=&#8221;2em||2em||true|false&#8221; global_colors_info=&#8221;{}&#8221;][et_pb_row column_structure=&#8221;1_3,1_3,1_3&#8243; use_custom_gutter=&#8221;on&#8221; gutter_width=&#8221;2&#8243; make_equal=&#8221;on&#8221; _builder_version=&#8221;4.23.1&#8243; _module_preset=&#8221;default&#8221; global_colors_info=&#8221;{}&#8221;][et_pb_column type=&#8221;1_3&#8243; _builder_version=&#8221;4.23.1&#8243; _module_preset=&#8221;default&#8221; global_colors_info=&#8221;{}&#8221;][et_pb_blurb title=&#8221;Desarrollo personal y salud integral &#8221; use_icon=&#8221;on&#8221; font_icon=&#8221;&#xf29a;||fa||900&#8243; icon_placement=&#8221;left&#8221; image_icon_width=&#8221;37px&#8221; module_class=&#8221;popmake-2965&#8243; _builder_version=&#8221;4.23.1&#8243; _module_preset=&#8221;default&#8221; header_level=&#8221;h3&#8243; header_font=&#8221;Roboto||||||||&#8221; header_text_color=&#8221;#780A81&#8243; header_line_height=&#8221;1.2em&#8221; background_color=&#8221;#f2f2f2&#8243; height=&#8221;100%&#8221; max_height=&#8221;100%&#8221; custom_padding=&#8221;2em|1em|1em|2em|false|false&#8221; border_radii=&#8221;on|6px|6px|6px|6px&#8221; border_width_all=&#8221;1px&#8221; border_color_all=&#8221;RGBA(255,255,255,0)&#8221; global_colors_info=&#8221;{}&#8221; border_color_all__hover_enabled=&#8221;on|hover&#8221; border_color_all__hover=&#8221;#780A81&#8243;][\/et_pb_blurb][\/et_pb_column][et_pb_column type=&#8221;1_3&#8243; _builder_version=&#8221;4.23.1&#8243; _module_preset=&#8221;default&#8221; global_colors_info=&#8221;{}&#8221;][et_pb_blurb title=&#8221;Deporte y recreaci\u00f3n (CSU) &#8221; use_icon=&#8221;on&#8221; font_icon=&#8221;&#xf45d;||fa||900&#8243; icon_placement=&#8221;left&#8221; image_icon_width=&#8221;37px&#8221; module_class=&#8221;popmake-2968&#8243; _builder_version=&#8221;4.23.1&#8243; _module_preset=&#8221;default&#8221; header_level=&#8221;h3&#8243; header_font=&#8221;Roboto||||||||&#8221; header_text_color=&#8221;#780A81&#8243; header_line_height=&#8221;1.2em&#8221; background_color=&#8221;#f2f2f2&#8243; height=&#8221;100%&#8221; max_height=&#8221;100%&#8221; custom_padding=&#8221;2em|1em|1em|2em|false|false&#8221; border_radii=&#8221;on|6px|6px|6px|6px&#8221; border_width_all=&#8221;1px&#8221; border_color_all=&#8221;RGBA(255,255,255,0)&#8221; global_colors_info=&#8221;{}&#8221; border_color_all__hover_enabled=&#8221;on|hover&#8221; border_color_all__hover=&#8221;#780A81&#8243;][\/et_pb_blurb][\/et_pb_column][et_pb_column type=&#8221;1_3&#8243; _builder_version=&#8221;4.23.1&#8243; _module_preset=&#8221;default&#8221; global_colors_info=&#8221;{}&#8221;][et_pb_blurb title=&#8221;Expresiones culturales y art\u00edsticas&#8221; use_icon=&#8221;on&#8221; font_icon=&#8221;&#xf630;||fa||900&#8243; icon_placement=&#8221;left&#8221; image_icon_width=&#8221;37px&#8221; module_class=&#8221;popmake-2973&#8243; _builder_version=&#8221;4.23.1&#8243; _module_preset=&#8221;default&#8221; header_level=&#8221;h3&#8243; header_font=&#8221;Roboto||||||||&#8221; header_text_color=&#8221;#780A81&#8243; header_line_height=&#8221;1.2em&#8221; background_color=&#8221;#f2f2f2&#8243; height=&#8221;100%&#8221; max_height=&#8221;100%&#8221; custom_padding=&#8221;2em|1em|1em|2em|false|false&#8221; border_radii=&#8221;on|6px|6px|6px|6px&#8221; border_width_all=&#8221;1px&#8221; border_color_all=&#8221;RGBA(255,255,255,0)&#8221; global_colors_info=&#8221;{}&#8221; border_color_all__hover_enabled=&#8221;on|hover&#8221; border_color_all__hover=&#8221;#780A81&#8243;][\/et_pb_blurb][\/et_pb_column][\/et_pb_row][et_pb_row column_structure=&#8221;1_3,1_3,1_3&#8243; use_custom_gutter=&#8221;on&#8221; gutter_width=&#8221;2&#8243; make_equal=&#8221;on&#8221; _builder_version=&#8221;4.23.1&#8243; _module_preset=&#8221;default&#8221; global_colors_info=&#8221;{}&#8221;][et_pb_column type=&#8221;1_3&#8243; _builder_version=&#8221;4.23.1&#8243; _module_preset=&#8221;default&#8221; global_colors_info=&#8221;{}&#8221;][et_pb_blurb title=&#8221;Espacios acad\u00e9micos Campus El Jard\u00edn &#8221; use_icon=&#8221;on&#8221; font_icon=&#8221;&#xf51c;||fa||900&#8243; icon_placement=&#8221;left&#8221; image_icon_width=&#8221;37px&#8221; module_class=&#8221;popmake-2975&#8243; _builder_version=&#8221;4.23.1&#8243; _module_preset=&#8221;default&#8221; header_level=&#8221;h3&#8243; header_font=&#8221;Roboto||||||||&#8221; header_text_color=&#8221;#780A81&#8243; header_line_height=&#8221;1.2em&#8221; background_color=&#8221;#f2f2f2&#8243; height=&#8221;100%&#8221; max_height=&#8221;100%&#8221; custom_padding=&#8221;2em|1em|1em|2em|false|false&#8221; border_radii=&#8221;on|6px|6px|6px|6px&#8221; border_width_all=&#8221;1px&#8221; border_color_all=&#8221;RGBA(255,255,255,0)&#8221; global_colors_info=&#8221;{}&#8221; border_color_all__hover_enabled=&#8221;on|hover&#8221; border_color_all__hover=&#8221;#780A81&#8243;][\/et_pb_blurb][\/et_pb_column][et_pb_column type=&#8221;1_3&#8243; _builder_version=&#8221;4.23.1&#8243; _module_preset=&#8221;default&#8221; global_colors_info=&#8221;{}&#8221;][et_pb_blurb title=&#8221;Biblioteca &#8221; use_icon=&#8221;on&#8221; font_icon=&#8221;&#xf5da;||fa||900&#8243; icon_placement=&#8221;left&#8221; image_icon_width=&#8221;37px&#8221; module_class=&#8221;popmake-2971&#8243; _builder_version=&#8221;4.23.1&#8243; _module_preset=&#8221;default&#8221; header_level=&#8221;h3&#8243; header_font=&#8221;Roboto||||||||&#8221; header_text_color=&#8221;#780A81&#8243; header_line_height=&#8221;1.2em&#8221; background_color=&#8221;#f2f2f2&#8243; height=&#8221;100%&#8221; max_height=&#8221;100%&#8221; custom_padding=&#8221;2em|1em|1em|2em|false|false&#8221; border_radii=&#8221;on|6px|6px|6px|6px&#8221; border_width_all=&#8221;1px&#8221; border_color_all=&#8221;RGBA(255,255,255,0)&#8221; global_colors_info=&#8221;{}&#8221; border_color_all__hover_enabled=&#8221;on|hover&#8221; border_color_all__hover=&#8221;#780A81&#8243;][\/et_pb_blurb][\/et_pb_column][et_pb_column type=&#8221;1_3&#8243; _builder_version=&#8221;4.23.1&#8243; _module_preset=&#8221;default&#8221; global_colors_info=&#8221;{}&#8221;][et_pb_blurb title=&#8221;Repositorio UNAB &#8221; use_icon=&#8221;on&#8221; font_icon=&#8221;&#xf5fd;||fa||900&#8243; icon_placement=&#8221;left&#8221; image_icon_width=&#8221;37px&#8221; module_class=&#8221;popmake-2977&#8243; _builder_version=&#8221;4.23.1&#8243; _module_preset=&#8221;default&#8221; header_level=&#8221;h3&#8243; header_font=&#8221;Roboto||||||||&#8221; header_text_color=&#8221;#780A81&#8243; header_line_height=&#8221;1.2em&#8221; background_color=&#8221;#f2f2f2&#8243; height=&#8221;100%&#8221; max_height=&#8221;100%&#8221; custom_padding=&#8221;2em|1em|1em|2em|false|false&#8221; border_radii=&#8221;on|6px|6px|6px|6px&#8221; border_width_all=&#8221;1px&#8221; border_color_all=&#8221;RGBA(255,255,255,0)&#8221; global_colors_info=&#8221;{}&#8221; border_color_all__hover_enabled=&#8221;on|hover&#8221; border_color_all__hover=&#8221;#780A81&#8243;][\/et_pb_blurb][\/et_pb_column][\/et_pb_row][et_pb_row column_structure=&#8221;1_3,1_3,1_3&#8243; use_custom_gutter=&#8221;on&#8221; gutter_width=&#8221;2&#8243; make_equal=&#8221;on&#8221; _builder_version=&#8221;4.23.1&#8243; _module_preset=&#8221;default&#8221; global_colors_info=&#8221;{}&#8221;][et_pb_column type=&#8221;1_3&#8243; _builder_version=&#8221;4.23.1&#8243; _module_preset=&#8221;default&#8221; global_colors_info=&#8221;{}&#8221;][et_pb_blurb title=&#8221;Apoyo al emprendimiento &#8221; use_icon=&#8221;on&#8221; font_icon=&#8221;&#xf2b5;||fa||400&#8243; icon_placement=&#8221;left&#8221; image_icon_width=&#8221;37px&#8221; module_class=&#8221;popmake-2979&#8243; _builder_version=&#8221;4.23.1&#8243; _module_preset=&#8221;default&#8221; header_level=&#8221;h3&#8243; header_font=&#8221;Roboto||||||||&#8221; header_text_color=&#8221;#780A81&#8243; header_line_height=&#8221;1.2em&#8221; background_color=&#8221;#f2f2f2&#8243; height=&#8221;100%&#8221; max_height=&#8221;100%&#8221; custom_padding=&#8221;2em|1em|1em|2em|false|false&#8221; border_radii=&#8221;on|6px|6px|6px|6px&#8221; border_width_all=&#8221;1px&#8221; border_color_all=&#8221;RGBA(255,255,255,0)&#8221; global_colors_info=&#8221;{}&#8221; border_color_all__hover_enabled=&#8221;on|hover&#8221; border_color_all__hover=&#8221;#780A81&#8243;][\/et_pb_blurb][\/et_pb_column][et_pb_column type=&#8221;1_3&#8243; _builder_version=&#8221;4.23.1&#8243; _module_preset=&#8221;default&#8221; global_colors_info=&#8221;{}&#8221;][et_pb_blurb title=&#8221;Orientaci\u00f3n profesional&#8221; use_icon=&#8221;on&#8221; font_icon=&#8221;&#xe01c;||divi||400&#8243; icon_placement=&#8221;left&#8221; image_icon_width=&#8221;37px&#8221; module_class=&#8221;popmake-3165&#8243; _builder_version=&#8221;4.24.0&#8243; _module_preset=&#8221;default&#8221; header_level=&#8221;h3&#8243; header_font=&#8221;Roboto||||||||&#8221; header_text_color=&#8221;#780A81&#8243; header_line_height=&#8221;1.2em&#8221; background_color=&#8221;#f2f2f2&#8243; height=&#8221;100%&#8221; max_height=&#8221;100%&#8221; custom_padding=&#8221;2em|1em|1em|2em|false|false&#8221; border_radii=&#8221;on|6px|6px|6px|6px&#8221; border_width_all=&#8221;1px&#8221; border_color_all=&#8221;RGBA(255,255,255,0)&#8221; global_colors_info=&#8221;{}&#8221; border_color_all__hover_enabled=&#8221;on|hover&#8221; border_color_all__hover=&#8221;#780A81&#8243;][\/et_pb_blurb][\/et_pb_column][et_pb_column type=&#8221;1_3&#8243; _builder_version=&#8221;4.23.1&#8243; _module_preset=&#8221;default&#8221; global_colors_info=&#8221;{}&#8221;][et_pb_code _builder_version=&#8221;4.24.0&#8243; _module_preset=&#8221;default&#8221; global_colors_info=&#8221;{}&#8221;]<\/p>\n<style type=\"text\/css\"><!-- [et_pb_line_break_holder] -->  div.pum-content.popmake-content ul {<!-- [et_pb_line_break_holder] -->    list-style: disc;<!-- [et_pb_line_break_holder] -->}<!-- [et_pb_line_break_holder] --><!-- [et_pb_line_break_holder] -->div.pum-content.popmake-content ul li {<!-- [et_pb_line_break_holder] -->    padding: .1em .25em;<!-- [et_pb_line_break_holder] -->    margin: auto auto auto 1em;<!-- [et_pb_line_break_holder] -->}<!-- [et_pb_line_break_holder] --><!-- [et_pb_line_break_holder] -->div.pum-content.popmake-content ul li::marker{<!-- [et_pb_line_break_holder] -->  color: orange<!-- [et_pb_line_break_holder] -->}<!-- [et_pb_line_break_holder] --><!-- [et_pb_line_break_holder] --><\/style>\n<p>[\/et_pb_code][\/et_pb_column][\/et_pb_row][\/et_pb_section][et_pb_section fb_built=&#8221;1&#8243; _builder_version=&#8221;4.24.0&#8243; _module_preset=&#8221;default&#8221; background_color=&#8221;#f2f2f2&#8243; background_enable_pattern_style=&#8221;on&#8221; background_pattern_color=&#8221;rgba(0,0,0,0.12)&#8221; background_pattern_size=&#8221;custom&#8221; background_pattern_width=&#8221;6px&#8221; custom_padding=&#8221;1em||1em||true|false&#8221; box_shadow_style=&#8221;preset6&#8243; global_colors_info=&#8221;{}&#8221;][et_pb_row _builder_version=&#8221;4.23.1&#8243; _module_preset=&#8221;default&#8221; global_colors_info=&#8221;{}&#8221;][et_pb_column type=&#8221;4_4&#8243; _builder_version=&#8221;4.23.1&#8243; _module_preset=&#8221;default&#8221; global_colors_info=&#8221;{}&#8221;][et_pb_text _builder_version=&#8221;4.18.0&#8243; _module_preset=&#8221;default&#8221; header_3_text_color=&#8221;#FF8100&#8243; header_3_line_height=&#8221;1.2em&#8221; global_colors_info=&#8221;{}&#8221;]<\/p>\n<h3><span style=\"font-weight: 400;\">Lineamientos para el uso del carn\u00e9 de graduado UNAB<\/span><\/h3>\n<p>[\/et_pb_text][et_pb_accordion open_toggle_text_color=&#8221;#FF8100&#8243; open_toggle_background_color=&#8221;#FFFFFF&#8221; closed_toggle_background_color=&#8221;#FFFFFF&#8221; icon_color=&#8221;#780A81&#8243; use_icon_font_size=&#8221;on&#8221; module_class=&#8221;my_accordion&#8221; _builder_version=&#8221;4.24.0&#8243; _module_preset=&#8221;default&#8221; toggle_text_color=&#8221;#780A81&#8243; toggle_font_size=&#8221;19px&#8221; toggle_line_height=&#8221;1.2em&#8221; border_radii=&#8221;on|5px|5px|5px|5px&#8221; border_width_all=&#8221;0px&#8221; box_shadow_style=&#8221;preset1&#8243; box_shadow_color=&#8221;rgba(0,0,0,0.13)&#8221; global_colors_info=&#8221;{}&#8221; icon_color__hover_enabled=&#8221;on|desktop&#8221; icon_color__hover=&#8221;#FF8100&#8243;][et_pb_accordion_item title=&#8221;.&#8221; open=&#8221;on&#8221; _builder_version=&#8221;4.23.1&#8243; _module_preset=&#8221;default&#8221; custom_css_main_element=&#8221;display:none;&#8221; global_colors_info=&#8221;{}&#8221;]<\/p>\n<p>.<\/p>\n<p>[\/et_pb_accordion_item][et_pb_accordion_item title=&#8221;Sobre emisi\u00f3n&#8221; _builder_version=&#8221;4.24.0&#8243; _module_preset=&#8221;default&#8221; global_colors_info=&#8221;{}&#8221; open=&#8221;off&#8221;]<\/p>\n<ul>\n<li>Este documento ser\u00e1 expedido a quien haya cursado un programa de pregrado o de posgrado de la UNAB y haya obtenido el t\u00edtulo correspondiente.\u200b<\/li>\n<li>El carn\u00e9 de graduado se emite sin costo por primera vez.\u200b<\/li>\n<li>Antes del a\u00f1o 2022 el carn\u00e9 de graduado se entreg\u00f3 de manera impresa. A partir de enero de este a\u00f1o, se implement\u00f3 el carn\u00e9 digital Si no tienes a\u00fan tu carn\u00e9 digital de graduado, puedes solicitarlo diligenciando el siguiente <a href=\"https:\/\/pasaporte.unab.edu.co\/index.php\/678382?lang=es-CO\" target=\"_blank\" rel=\"noopener\">formulario.<\/a><\/li>\n<\/ul>\n<p>[\/et_pb_accordion_item][et_pb_accordion_item title=&#8221;Sobre uso&#8221; _builder_version=&#8221;4.24.0&#8243; _module_preset=&#8221;default&#8221; global_colors_info=&#8221;{}&#8221; open=&#8221;off&#8221;]<\/p>\n<ul>\n<li>El carn\u00e9 de graduado (f\u00edsico o digital) es personal e intransferible y todas las acciones realizadas con este se entienden como efectuadas por su titular.\u200b<\/li>\n<li>El carn\u00e9 (f\u00edsico o digital) siempre deber\u00e1 estar acompa\u00f1ado por el documento de identidad del titular para ser utilizado como medio de identificaci\u00f3n dentro y fuera de la universidad.\u200b<\/li>\n<li>El personal de seguridad de la Universidad est\u00e1 autorizado para verificar que quien porte el carn\u00e9 sea su titular. En caso de que los datos no coincidan, este personal podr\u00e1 retener el carn\u00e9 en f\u00edsico o impedir el acceso a las instalaciones de la universidad a las personas con carn\u00e9 digital cuyos datos no coincidan.\u200b<\/li>\n<li>En caso de que el graduado preste el carn\u00e9 a un tercero, este ser\u00e1 retenido por la Universidad hasta que el propietario se presente a la instituci\u00f3n a retirarlo. La tercera persona no podr\u00e1 acceder a los servicios de la universidad de ninguna manera.\u200b<\/li>\n<li>Para la entrega del carn\u00e9 retenido el graduado deber\u00e1 comunicarse con la dependencia de Impulsa UNAB de la Universidad.\u200b<\/li>\n<li>Cualquier violaci\u00f3n a las pol\u00edticas de uso del carn\u00e9 de graduado puede dar lugar a la retenci\u00f3n del carn\u00e9 y\/o a la inactivaci\u00f3n y la consecuente suspensi\u00f3n temporal o definitiva del acceso a todos los servicios y beneficios con los que cuenta.<\/li>\n<\/ul>\n<p>[\/et_pb_accordion_item][et_pb_accordion_item title=&#8221;Sobre beneficios presentando el carn\u00e9 f\u00edsico o digital&#8221; _builder_version=&#8221;4.24.0&#8243; _module_preset=&#8221;default&#8221; global_colors_info=&#8221;{}&#8221; open=&#8221;off&#8221;]<\/p>\n<ul>\n<li>Acceso a servicios, talleres y ferias de orientaci\u00f3n y promoci\u00f3n laboral.\u200b<\/li>\n<li>Acceso a convocatorias laborales realizadas en los campus de la UNAB.\u200b<\/li>\n<li>Acceso a consulta de materiales impresos y audiovisuales en todas las salas de lectura del sistema de bibliotecas UNAB.\u200b<\/li>\n<li>Acceso a redes bibliotecarias de acuerdo con los convenios vigentes.\u200b<\/li>\n<li>Acceso al Centro de Servicios Universitarios (CSU) para disfrutar de todos los beneficios deportivos.\u200b<\/li>\n<li>Acceso al programa de emprendimiento y desarrollo empresarial.\u200b<\/li>\n<li>Acceso a la orientaci\u00f3n en servicios de movilidad nacional e internacional.\u200b<\/li>\n<li>Descuentos para posgrados, cursos, talleres o seminarios.\u200b<\/li>\n<li>Al ingresar al campus de la universidad, el graduado est\u00e1 sujeto y acepta las disposiciones institucionales que regulan las condiciones de ingreso y circulaci\u00f3n por el campus.<\/li>\n<\/ul>\n<p>[\/et_pb_accordion_item][et_pb_accordion_item title=&#8221;Particularidades y contacto&#8221; _builder_version=&#8221;4.24.0&#8243; _module_preset=&#8221;default&#8221; global_colors_info=&#8221;{}&#8221; open=&#8221;off&#8221;]<\/p>\n<ul>\n<li>Si el graduado olvida el carn\u00e9, podr\u00e1 acudir o comunicarse con la oficina de graduados en horarios de oficina para ser convalidado en cualquiera de los beneficios que tiene la Universidad.\u200b<\/li>\n<li>Impulsa UNAB confirmar\u00e1 los datos para avalar la consulta.\u200b<\/li>\n<li>Un graduado con carn\u00e9 f\u00edsico puede hacer la solicitud para generar carn\u00e9 digital por medio de la actualizaci\u00f3n de sus datos\u00a0<a href=\"https:\/\/bit.ly\/unabalumni\" target=\"_blank\" rel=\"noopener\">aqu\u00ed<\/a><strong>.<\/strong><\/li>\n<li>Si tienes dudas sobre este procedimiento, por favor escribe a graduados@unab.edu.co. \u200b<\/li>\n<li>Si se trata de p\u00e9rdida o robo puedes contactarnos al tel\u00e9fono 6436111. Extensi\u00f3n 254 o escribirnos a graduados@unab.edu.co.\u200b<\/li>\n<\/ul>\n<p>[\/et_pb_accordion_item][\/et_pb_accordion][\/et_pb_column][\/et_pb_row][\/et_pb_section]<\/p>\n","protected":false},"excerpt":{"rendered":"<p>Lineamientos para el uso del carn\u00e9 de graduado UNAB. Este documento ser\u00e1 expedido a quien haya cursado un programa de pregrado o de posgrado de la UNAB y haya obtenido [&hellip;]<\/p>\n","protected":false},"author":1,"featured_media":0,"parent":0,"menu_order":0,"comment_status":"closed","ping_status":"closed","template":"","meta":{"_acf_changed":false,"_et_pb_use_builder":"on","_et_pb_old_content":"","_et_gb_content_width":"","pgc_sgb_lightbox_settings":"","footnotes":""},"class_list":["post-580","page","type-page","status-publish","hentry"],"acf":[],"_links":{"self":[{"href":"https:\/\/unab.edu.co\/impulsa\/wp-json\/wp\/v2\/pages\/580","targetHints":{"allow":["GET"]}}],"collection":[{"href":"https:\/\/unab.edu.co\/impulsa\/wp-json\/wp\/v2\/pages"}],"about":[{"href":"https:\/\/unab.edu.co\/impulsa\/wp-json\/wp\/v2\/types\/page"}],"author":[{"embeddable":true,"href":"https:\/\/unab.edu.co\/impulsa\/wp-json\/wp\/v2\/users\/1"}],"replies":[{"embeddable":true,"href":"https:\/\/unab.edu.co\/impulsa\/wp-json\/wp\/v2\/comments?post=580"}],"version-history":[{"count":45,"href":"https:\/\/unab.edu.co\/impulsa\/wp-json\/wp\/v2\/pages\/580\/revisions"}],"predecessor-version":[{"id":5598,"href":"https:\/\/unab.edu.co\/impulsa\/wp-json\/wp\/v2\/pages\/580\/revisions\/5598"}],"wp:attachment":[{"href":"https:\/\/unab.edu.co\/impulsa\/wp-json\/wp\/v2\/media?parent=580"}],"curies":[{"name":"wp","href":"https:\/\/api.w.org\/{rel}","templated":true}]}}