{"id":745,"date":"2021-08-05T15:15:46","date_gmt":"2021-08-05T20:15:46","guid":{"rendered":"https:\/\/unab.edu.co\/impulsa\/?page_id=745"},"modified":"2024-01-25T10:36:05","modified_gmt":"2024-01-25T15:36:05","slug":"red-de-apoyo-profesional","status":"publish","type":"page","link":"https:\/\/unab.edu.co\/impulsa\/red-de-apoyo-profesional\/","title":{"rendered":"Red de Apoyo Profesional"},"content":{"rendered":"<p>[et_pb_section fb_built=&#8221;1&#8243; _builder_version=&#8221;4.23.1&#8243; _module_preset=&#8221;default&#8221; background_color=&#8221;#780A81&#8243; custom_padding=&#8221;0px||0px||true|false&#8221; global_colors_info=&#8221;{}&#8221;][et_pb_row _builder_version=&#8221;4.23.1&#8243; _module_preset=&#8221;default&#8221; custom_padding=&#8221;|||1em|false|false&#8221; border_style_all=&#8221;dotted&#8221; border_width_left=&#8221;2px&#8221; border_color_left=&#8221;#FF8100&#8243; global_colors_info=&#8221;{}&#8221;][et_pb_column type=&#8221;4_4&#8243; _builder_version=&#8221;4.16&#8243; _module_preset=&#8221;default&#8221; global_colors_info=&#8221;{}&#8221;][et_pb_post_title meta=&#8221;off&#8221; featured_image=&#8221;off&#8221; _builder_version=&#8221;4.23.1&#8243; _module_preset=&#8221;default&#8221; title_font=&#8221;Abel||||||||&#8221; title_text_color=&#8221;#FFFFFF&#8221; title_font_size=&#8221;37px&#8221; global_colors_info=&#8221;{}&#8221;][\/et_pb_post_title][\/et_pb_column][\/et_pb_row][\/et_pb_section][et_pb_section fb_built=&#8221;1&#8243; module_id=&#8221;proposito&#8221; _builder_version=&#8221;4.24.0&#8243; _module_preset=&#8221;default&#8221; background_image=&#8221;https:\/\/unab.edu.co\/impulsa\/wp-content\/uploads\/2024\/01\/img-impulsa-redapoyo.jpg&#8221; custom_padding=&#8221;1em||1em||true|false&#8221; hover_enabled=&#8221;0&#8243; locked=&#8221;off&#8221; global_colors_info=&#8221;{}&#8221; title_text=&#8221;img-impulsa-redapoyo&#8221; sticky_enabled=&#8221;0&#8243;][et_pb_row _builder_version=&#8221;4.23.1&#8243; _module_preset=&#8221;default&#8221; custom_padding=&#8221;1em||1em||true|false&#8221; border_color_all=&#8221;rgba(170,44,156,0.57)&#8221; global_colors_info=&#8221;{}&#8221;][et_pb_column type=&#8221;4_4&#8243; _builder_version=&#8221;4.23.1&#8243; _module_preset=&#8221;default&#8221; custom_padding=&#8221;1em|3em|1em|3em|true|true&#8221; global_colors_info=&#8221;{}&#8221;][et_pb_text quote_border_color=&#8221;RGBA(255,255,255,0)&#8221; _builder_version=&#8221;4.23.1&#8243; _module_preset=&#8221;default&#8221; text_text_color=&#8221;#FFFFFF&#8221; link_text_color=&#8221;#FF8100&#8243; quote_text_align=&#8221;center&#8221; quote_text_color=&#8221;#FFFFFF&#8221; quote_font_size=&#8221;20px&#8221; quote_line_height=&#8221;1.9em&#8221; header_2_text_color=&#8221;#EFBB00&#8243; header_3_text_align=&#8221;center&#8221; header_3_text_color=&#8221;#FFFFFF&#8221; header_3_line_height=&#8221;1.6em&#8221; header_4_text_color=&#8221;#FF8100&#8243; text_orientation=&#8221;center&#8221; global_colors_info=&#8221;{}&#8221;]<\/p>\n<h3><span style=\"font-weight: 400;\"><\/span>Esta red tiene como objetivo apoyar la inserci\u00f3n laboral de estudiantes y graduados de la UNAB. Lo que busca es vincular a toda la comunidad de graduados para que donen su conocimiento y experiencia participando como ponentes de charlas, talleres y otras actividades que preparen a los estudiantes y graduados para la b\u00fasqueda de empleo.<\/h3>\n<p>[\/et_pb_text][\/et_pb_column][\/et_pb_row][\/et_pb_section][et_pb_section fb_built=&#8221;1&#8243; _builder_version=&#8221;4.16&#8243; _module_preset=&#8221;default&#8221; global_colors_info=&#8221;{}&#8221; disabled_on=&#8221;on|on|on&#8221; disabled=&#8221;on&#8221;][et_pb_row column_structure=&#8221;2_3,1_3&#8243; _builder_version=&#8221;4.16&#8243; _module_preset=&#8221;default&#8221; global_colors_info=&#8221;{}&#8221;][et_pb_column type=&#8221;2_3&#8243; _builder_version=&#8221;4.16&#8243; _module_preset=&#8221;default&#8221; global_colors_info=&#8221;{}&#8221;][et_pb_text _builder_version=&#8221;4.16&#8243; _module_preset=&#8221;default&#8221; global_colors_info=&#8221;{}&#8221;]<\/p>\n<p>Esta Red se une a las estrategias que se emplean desde la Instituci\u00f3n, a trav\u00e9s\u00a0 Impulsa UNAB: Centro de Desarrollo Profesional, para apoyar la inserci\u00f3n en el mercado laboral de estudiantes, practicantes y graduados. Las estrategias planteadas permiten, tanto aportar en el mejoramiento de la empleabilidad como fortalecer lazos de cooperaci\u00f3n entre la comunidad de graduados, y en este caso, la conformaci\u00f3n de redes de apoyo laboral entre miembros de la misma comunidad.<\/p>\n<p>Seg\u00fan Impulsa UNAB, los graduados que hagan parte de la Red de Apoyo Profesional aportar\u00e1n a la transformaci\u00f3n de las competencias laborales de la comunidad universitaria de la UNAB, contribuyendo con un proyecto colaborativo en donde el apoyo de los profesionales de la Universidad es fundamental para potenciar las competencias de las nuevas generaciones.<\/p>\n<p>Por otra parte, Impulsa UNAB ofrece talleres de orientaci\u00f3n ocupacional para el fortalecimiento de competencias laborales, habilidades blandas y emprendimiento, as\u00ed como la prestaci\u00f3n gratuita del servicio de intermediaci\u00f3n laboral que se hace a trav\u00e9s de la Bolsa de empleo UNAB, punto del Servicio P\u00fablico de Empleo, autorizado por el Ministerio de Trabajo.<\/p>\n<p>Los graduados de la Universidad que est\u00e9n interesados en formar parte de esta Red de Apoyo Profesional, se pueden inscribir\u00a0aqu\u00ed:<\/p>\n<p>[\/et_pb_text][\/et_pb_column][et_pb_column type=&#8221;1_3&#8243; _builder_version=&#8221;4.16&#8243; _module_preset=&#8221;default&#8221; global_colors_info=&#8221;{}&#8221;][et_pb_image src=&#8221;https:\/\/unab.edu.co\/impulsa\/wp-content\/uploads\/2021\/08\/img-redap.jpg&#8221; title_text=&#8221;img-redap&#8221; _builder_version=&#8221;4.16&#8243; _module_preset=&#8221;default&#8221; border_radii=&#8221;on|10px|10px|10px|10px&#8221; global_colors_info=&#8221;{}&#8221;][\/et_pb_image][\/et_pb_column][\/et_pb_row][\/et_pb_section][et_pb_section fb_built=&#8221;1&#8243; _builder_version=&#8221;4.23.1&#8243; _module_preset=&#8221;default&#8221; background_color=&#8221;#f2f2f2&#8243; background_enable_pattern_style=&#8221;on&#8221; background_pattern_style=&#8221;crosses&#8221; background_pattern_color=&#8221;rgba(0,0,0,0.04)&#8221; background_pattern_size=&#8221;custom&#8221; background_pattern_width=&#8221;15px&#8221; box_shadow_style=&#8221;preset6&#8243; box_shadow_color=&#8221;rgba(0,0,0,0.07)&#8221; locked=&#8221;off&#8221; global_colors_info=&#8221;{}&#8221;][et_pb_row column_structure=&#8221;1_3,1_3,1_3&#8243; _builder_version=&#8221;4.23.1&#8243; _module_preset=&#8221;default&#8221; global_colors_info=&#8221;{}&#8221;][et_pb_column type=&#8221;1_3&#8243; _builder_version=&#8221;4.23.1&#8243; _module_preset=&#8221;default&#8221; global_colors_info=&#8221;{}&#8221;][et_pb_blurb title=&#8221;Fomenta la inserci\u00f3n laboral &#8221; use_icon=&#8221;on&#8221; font_icon=&#8221;&#xf508;||fa||900&#8243; _builder_version=&#8221;4.23.1&#8243; _module_preset=&#8221;default&#8221; header_font=&#8221;|700|||||||&#8221; header_text_align=&#8221;center&#8221; header_text_color=&#8221;#FF8100&#8243; body_text_align=&#8221;center&#8221; global_colors_info=&#8221;{}&#8221;]<\/p>\n<p>De estudiantes, practicantes y otros graduados.<\/p>\n<p>[\/et_pb_blurb][\/et_pb_column][et_pb_column type=&#8221;1_3&#8243; _builder_version=&#8221;4.23.1&#8243; _module_preset=&#8221;default&#8221; global_colors_info=&#8221;{}&#8221;][et_pb_blurb title=&#8221;Conforma redes de apoyo &#8221; use_icon=&#8221;on&#8221; font_icon=&#8221;&#xf542;||fa||900&#8243; _builder_version=&#8221;4.23.1&#8243; _module_preset=&#8221;default&#8221; header_font=&#8221;|700|||||||&#8221; header_text_align=&#8221;center&#8221; header_text_color=&#8221;#FF8100&#8243; body_text_align=&#8221;center&#8221; global_colors_info=&#8221;{}&#8221;]<\/p>\n<p>Entre miembros de la misma comunidad.\u200b<\/p>\n<p>[\/et_pb_blurb][\/et_pb_column][et_pb_column type=&#8221;1_3&#8243; _builder_version=&#8221;4.23.1&#8243; _module_preset=&#8221;default&#8221; global_colors_info=&#8221;{}&#8221;][et_pb_blurb title=&#8221;Contribuye al crecimiento&#8221; use_icon=&#8221;on&#8221; font_icon=&#8221;&#xe08b;||divi||400&#8243; _builder_version=&#8221;4.23.1&#8243; _module_preset=&#8221;default&#8221; header_font=&#8221;|700|||||||&#8221; header_text_align=&#8221;center&#8221; header_text_color=&#8221;#FF8100&#8243; body_text_align=&#8221;center&#8221; global_colors_info=&#8221;{}&#8221;]<\/p>\n<p>\u200b\u200bProfesional de las nuevas generaciones.<\/p>\n<p>[\/et_pb_blurb][\/et_pb_column][\/et_pb_row][\/et_pb_section][et_pb_section fb_built=&#8221;1&#8243; _builder_version=&#8221;4.23.1&#8243; _module_preset=&#8221;default&#8221; custom_padding=&#8221;1em||2em||false|false&#8221; global_colors_info=&#8221;{}&#8221;][et_pb_row module_id=&#8221;informesg&#8221; _builder_version=&#8221;4.23.1&#8243; _module_preset=&#8221;default&#8221; global_colors_info=&#8221;{}&#8221;][et_pb_column type=&#8221;4_4&#8243; _builder_version=&#8221;4.16&#8243; _module_preset=&#8221;default&#8221; global_colors_info=&#8221;{}&#8221;][et_pb_text _builder_version=&#8221;4.23.1&#8243; _module_preset=&#8221;default&#8221; header_font=&#8221;Abel||||||||&#8221; header_text_color=&#8221;#FF8100&#8243; border_width_bottom=&#8221;1px&#8221; border_color_bottom=&#8221;#AA2C9C&#8221; border_style_bottom=&#8221;dashed&#8221; locked=&#8221;off&#8221; global_colors_info=&#8221;{}&#8221;]<\/p>\n<h1>Accede a los servicios de Impulsa UNAB\u200b<\/h1>\n<p>[\/et_pb_text][et_pb_text _builder_version=&#8221;4.23.1&#8243; _module_preset=&#8221;default&#8221; global_colors_info=&#8221;{}&#8221;]<\/p>\n<ul>\n<li>Talleres de orientaci\u00f3n ocupacional para el fortalecimiento de: \u200b<\/li>\n<li>Competencias laborales.\u200b<\/li>\n<li>Habilidades blandas.\u200b<\/li>\n<li>Emprendimiento.\u200b<\/li>\n<li>Acceso a la Bolsa de Empleo UNAB, autorizada por el Ministerio del trabajo.<\/li>\n<\/ul>\n<p>[\/et_pb_text][\/et_pb_column][\/et_pb_row][et_pb_row _builder_version=&#8221;4.23.1&#8243; _module_preset=&#8221;default&#8221; global_colors_info=&#8221;{}&#8221;][et_pb_column type=&#8221;4_4&#8243; _builder_version=&#8221;4.23.1&#8243; _module_preset=&#8221;default&#8221; global_colors_info=&#8221;{}&#8221;][et_pb_button button_url=&#8221;https:\/\/docs.google.com\/forms\/d\/e\/1FAIpQLScdNqt2pNIAQpVflwis8KjJB098rqa2ylfLxr2-c80FCp47eQ\/viewform&#8221; url_new_window=&#8221;on&#8221; button_text=&#8221;Inscripci\u00f3n Red de Apoyo Profesional&#8221; button_alignment=&#8221;center&#8221; _builder_version=&#8221;4.16&#8243; _module_preset=&#8221;default&#8221; custom_button=&#8221;on&#8221; button_text_color=&#8221;#FF8100&#8243; button_icon=&#8221;&#xe106;||divi||400&#8243; custom_padding=&#8221;3px||3px||true|true&#8221; custom_css_main_element=&#8221;width:100%;&#8221; global_colors_info=&#8221;{}&#8221;][\/et_pb_button][\/et_pb_column][\/et_pb_row][\/et_pb_section]<\/p>\n","protected":false},"excerpt":{"rendered":"<p>Esta red tiene como objetivo apoyar la inserci\u00f3n laboral de estudiantes y graduados de la UNAB. Lo que busca es vincular a toda la comunidad de graduados para que donen [&hellip;]<\/p>\n","protected":false},"author":1,"featured_media":0,"parent":0,"menu_order":0,"comment_status":"closed","ping_status":"closed","template":"","meta":{"_acf_changed":false,"_et_pb_use_builder":"on","_et_pb_old_content":"","_et_gb_content_width":"","pgc_sgb_lightbox_settings":"","footnotes":""},"class_list":["post-745","page","type-page","status-publish","hentry"],"acf":[],"_links":{"self":[{"href":"https:\/\/unab.edu.co\/impulsa\/wp-json\/wp\/v2\/pages\/745","targetHints":{"allow":["GET"]}}],"collection":[{"href":"https:\/\/unab.edu.co\/impulsa\/wp-json\/wp\/v2\/pages"}],"about":[{"href":"https:\/\/unab.edu.co\/impulsa\/wp-json\/wp\/v2\/types\/page"}],"author":[{"embeddable":true,"href":"https:\/\/unab.edu.co\/impulsa\/wp-json\/wp\/v2\/users\/1"}],"replies":[{"embeddable":true,"href":"https:\/\/unab.edu.co\/impulsa\/wp-json\/wp\/v2\/comments?post=745"}],"version-history":[{"count":10,"href":"https:\/\/unab.edu.co\/impulsa\/wp-json\/wp\/v2\/pages\/745\/revisions"}],"predecessor-version":[{"id":3076,"href":"https:\/\/unab.edu.co\/impulsa\/wp-json\/wp\/v2\/pages\/745\/revisions\/3076"}],"wp:attachment":[{"href":"https:\/\/unab.edu.co\/impulsa\/wp-json\/wp\/v2\/media?parent=745"}],"curies":[{"name":"wp","href":"https:\/\/api.w.org\/{rel}","templated":true}]}}