{"id":14,"date":"2021-09-30T20:55:09","date_gmt":"2021-10-01T01:55:09","guid":{"rendered":"https:\/\/unab.edu.co\/sentirunabconstruirpais\/?page_id=14"},"modified":"2021-10-08T15:42:27","modified_gmt":"2021-10-08T20:42:27","slug":"ejes-tematicos","status":"publish","type":"page","link":"https:\/\/unab.edu.co\/sentirunabconstruirpais\/ejes-tematicos\/","title":{"rendered":"Ejes tem\u00e1ticos"},"content":{"rendered":"<p>[et_pb_section fb_built=\u00bb1&#8243; _builder_version=\u00bb4.11.0&#8243; _module_preset=\u00bbdefault\u00bb background_image=\u00bbhttps:\/\/unab.edu.co\/sentirunabconstruirpais\/wp-content\/uploads\/2021\/10\/fnd-top1.jpg\u00bb parallax=\u00bbon\u00bb custom_padding=\u00bb1em||1em||true|false\u00bb global_colors_info=\u00bb{}\u00bb][et_pb_row _builder_version=\u00bb4.11.0&#8243; _module_preset=\u00bbdefault\u00bb global_colors_info=\u00bb{}\u00bb][et_pb_column type=\u00bb4_4&#8243; _builder_version=\u00bb4.11.0&#8243; _module_preset=\u00bbdefault\u00bb global_colors_info=\u00bb{}\u00bb][et_pb_post_title meta=\u00bboff\u00bb featured_image=\u00bboff\u00bb _builder_version=\u00bb4.11.0&#8243; _module_preset=\u00bbdefault\u00bb title_text_color=\u00bb#fcd200&#8243; title_font_size=\u00bb44px\u00bb text_orientation=\u00bbcenter\u00bb global_colors_info=\u00bb{}\u00bb][\/et_pb_post_title][\/et_pb_column][\/et_pb_row][\/et_pb_section][et_pb_section fb_built=\u00bb1&#8243; _builder_version=\u00bb4.11.0&#8243; _module_preset=\u00bbdefault\u00bb background_image=\u00bbhttps:\/\/unab.edu.co\/sentirunabconstruirpais\/wp-content\/uploads\/2021\/10\/fnd-inter-1.png\u00bb parallax=\u00bbon\u00bb parallax_method=\u00bboff\u00bb global_colors_info=\u00bb{}\u00bb][et_pb_row column_structure=\u00bb2_3,1_3&#8243; _builder_version=\u00bb4.11.2&#8243; _module_preset=\u00bbdefault\u00bb hover_enabled=\u00bb0&#8243; global_colors_info=\u00bb{}\u00bb animation_style=\u00bbslide\u00bb animation_direction=\u00bbtop\u00bb sticky_enabled=\u00bb0&#8243;][et_pb_column type=\u00bb2_3&#8243; _builder_version=\u00bb4.11.0&#8243; _module_preset=\u00bbdefault\u00bb global_colors_info=\u00bb{}\u00bb][et_pb_text _builder_version=\u00bb4.11.0&#8243; _module_preset=\u00bbdefault\u00bb global_colors_info=\u00bb{}\u00bb]<\/p>\n<p style=\"text-align: justify;\"><span style=\"font-weight: 400;\"><\/span><\/p>\n<p style=\"text-align: justify;\"><span style=\"font-weight: 400;\"><\/span><\/p>\n<p style=\"text-align: justify;\"><span style=\"font-weight: 400;\">Abordar toda la realidad de una sociedad como la nuestra precisa organizarla en distintos frentes de intervenci\u00f3n, s\u00f3lo de esta manera se da forma a los pasos que queremos dar para impulsar los cambios que esperamos alcanzar, y para los cuales cada uno de nosotros tiene algo valioso que aportar.\u00a0\u00a0<\/span><\/p>\n<p style=\"text-align: justify;\"><span style=\"font-weight: 400;\">Los siguientes son tres bloques tem\u00e1ticos iniciales, los retos iniciales que se despliegan, y algunos de los frentes de argumentaci\u00f3n, desde los cuales <strong>SENTIR UNAB, CONSTRUIR PA\u00cdS<\/strong>\u00a0invita a docentes, estudiantes de pregrado y posgrado a pensar soluciones pertinentes, aplicables y de impacto.<\/span><\/p>\n<p>[\/et_pb_text][\/et_pb_column][et_pb_column type=\u00bb1_3&#8243; _builder_version=\u00bb4.11.0&#8243; _module_preset=\u00bbdefault\u00bb global_colors_info=\u00bb{}\u00bb][et_pb_image src=\u00bbhttps:\/\/unab.edu.co\/sentirunabconstruirpais\/wp-content\/uploads\/2021\/10\/Apertura-votaciones-UNAB-34-scaled.jpg\u00bb title_text=\u00bbApertura votaciones UNAB 34&#8243; _builder_version=\u00bb4.11.0&#8243; _module_preset=\u00bbdefault\u00bb border_radii=\u00bboff|10px||10px|\u00bb border_width_all=\u00bb2px\u00bb border_color_all=\u00bbrgba(247,206,0,0.84)\u00bb box_shadow_style=\u00bbpreset2&#8243; global_colors_info=\u00bb{}\u00bb][\/et_pb_image][\/et_pb_column][\/et_pb_row][et_pb_row _builder_version=\u00bb4.11.2&#8243; _module_preset=\u00bbdefault\u00bb hover_enabled=\u00bb0&#8243; global_colors_info=\u00bb{}\u00bb animation_style=\u00bbfade\u00bb sticky_enabled=\u00bb0&#8243;][et_pb_column type=\u00bb4_4&#8243; _builder_version=\u00bb4.11.0&#8243; _module_preset=\u00bbdefault\u00bb global_colors_info=\u00bb{}\u00bb][et_pb_text _builder_version=\u00bb4.11.0&#8243; _module_preset=\u00bbdefault\u00bb global_colors_info=\u00bb{}\u00bb]<\/p>\n<table style=\"height: 839px; width: 1070px;\">\n<tbody>\n<tr style=\"height: 24px;\">\n<td style=\"width: 204.734px; text-align: center; height: 24px;\"><span style=\"color: #e09900;\"><strong>TEMA<\/strong><\/span><\/td>\n<td style=\"width: 201px; text-align: center; height: 24px;\"><span style=\"color: #e09900;\"><strong>RETOS<\/strong><\/span><\/td>\n<td style=\"width: 587.266px; text-align: center; height: 24px;\"><span style=\"color: #e09900;\"><strong>CONTEXTO<\/strong><\/span><\/td>\n<\/tr>\n<tr style=\"height: 48px;\">\n<td rowspan=\"7\" style=\"height: 360px; width: 204.734px;\"><span style=\"color: #0c71c3;\"><b>1.\u00a0 Econom\u00eda y sociedad<\/b><\/span><\/td>\n<td style=\"width: 201px; text-align: justify; height: 360px;\" rowspan=\"7\">\n<ul>\n<li style=\"font-weight: 400; text-align: left;\" aria-level=\"1\"><span style=\"font-weight: 400;\">\u00bfC\u00f3mo generar mejores niveles de vida en Colombia despu\u00e9s de la pandemia del Coronavirus?<\/span><\/li>\n<li style=\"font-weight: 400; text-align: left;\" aria-level=\"1\"><span style=\"font-weight: 400;\">\u00bfCu\u00e1les narrativas podr\u00edan construir equidad social?<\/span><\/li>\n<\/ul>\n<\/td>\n<td style=\"text-align: justify; height: 48px; width: 587.266px;\"><span style=\"font-weight: 400;\">&#8211; El modelo neoliberal de desarrollo: crisis y alternativas de soluci\u00f3n.\u00a0\u00a0<\/span><\/td>\n<\/tr>\n<tr style=\"height: 48px;\">\n<td style=\"text-align: justify; height: 48px; width: 587.266px;\"><span style=\"font-weight: 400;\">&#8211; Equidad social y lucha contra la pobreza: un problema de \u00e9tica del desarrollo.\u00a0<\/span><\/td>\n<\/tr>\n<tr style=\"height: 48px;\">\n<td style=\"text-align: justify; height: 48px; width: 587.266px;\"><span style=\"font-weight: 400;\">&#8211; \u00c9tica del medio ambiente: las nuevas reivindicaciones pol\u00edticas de la ecolog\u00eda.\u00a0<\/span><\/td>\n<\/tr>\n<tr style=\"height: 72px;\">\n<td style=\"text-align: justify; height: 72px; width: 587.266px;\"><span style=\"font-weight: 400;\">&#8211; Reactivaci\u00f3n econ\u00f3mica: di\u00e1logo sobre el rol social de los empresarios y la importancia de la empresa privada en el desarrollo y la generaci\u00f3n de empleo.\u00a0\u00a0<\/span><\/td>\n<\/tr>\n<tr style=\"height: 48px;\">\n<td style=\"text-align: justify; height: 48px; width: 587.266px;\"><span style=\"font-weight: 400;\">&#8211; Reforma al sistema de salud: \u00bfcu\u00e1les son los problemas del sistema actual y cu\u00e1les las alternativas para solucionarlos?\u00a0<\/span><\/td>\n<\/tr>\n<tr style=\"height: 48px;\">\n<td style=\"text-align: justify; height: 48px; width: 587.266px;\"><span style=\"font-weight: 400;\">&#8211; Impuestos: an\u00e1lisis de los distintos modelos posibles de reforma tributaria.\u00a0<\/span><\/td>\n<\/tr>\n<tr style=\"height: 48px;\">\n<td style=\"text-align: justify; height: 48px; width: 587.266px;\"><span style=\"font-weight: 400;\">&#8211; \u00bfC\u00f3mo es el pa\u00eds que sue\u00f1an los j\u00f3venes?: visiones plurales de los futuros deseados.<\/span><\/td>\n<\/tr>\n<tr style=\"height: 24px;\">\n<td rowspan=\"6\" style=\"height: 215px; width: 204.734px;\"><span style=\"color: #0c71c3;\"><b>2. Sistema pol\u00edtico y debate electoral<\/b><\/span><\/td>\n<td style=\"width: 201px; text-align: justify; height: 215px;\" rowspan=\"6\">\n<ul>\n<li style=\"font-weight: 400; text-align: left;\" aria-level=\"1\"><span style=\"font-weight: 400;\">\u00bfC\u00f3mo reducir la abstenci\u00f3n y fortalecer la democracia en las pr\u00f3ximas elecciones?<\/span><\/li>\n<li style=\"font-weight: 400; text-align: left;\" aria-level=\"1\"><span style=\"font-weight: 400;\">\u00bfC\u00f3mo podemos contribuir al di\u00e1logo sin profundizar la polarizaci\u00f3n?<\/span><\/li>\n<\/ul>\n<\/td>\n<td style=\"text-align: justify; height: 24px; width: 587.266px;\"><span style=\"font-weight: 400;\">&#8211; Proteger la democracia: riesgos de la radicalizaci\u00f3n y la violencia.<\/span><\/td>\n<\/tr>\n<tr style=\"height: 48px;\">\n<td style=\"text-align: justify; height: 48px; width: 587.266px;\"><span style=\"font-weight: 400;\">&#8211; Crisis de legitimidad de las instituciones p\u00fablicas: \u00bfcu\u00e1les son sus causas y c\u00f3mo solucionarla?\u00a0<\/span><\/td>\n<\/tr>\n<tr style=\"height: 37px;\">\n<td style=\"text-align: justify; height: 37px; width: 587.266px;\"><span style=\"font-weight: 400;\">&#8211; Equilibrio de poderes: \u00bfexiste realmente en Colombia?\u00a0<\/span><\/td>\n<\/tr>\n<tr style=\"height: 10px;\">\n<td style=\"text-align: justify; height: 10px; width: 587.266px;\"><span style=\"font-weight: 400;\">&#8211; Clientelismo: \u00bfen qu\u00e9 consiste y cu\u00e1nto da\u00f1o nos hace?\u00a0<\/span><\/td>\n<\/tr>\n<tr style=\"height: 48px;\">\n<td style=\"height: 48px; width: 587.266px; text-align: justify;\"><span style=\"font-weight: 400;\">&#8211; El sistema presidencialista al banquillo: \u00bfle convendr\u00eda a Colombia otro sistema pol\u00edtico?\u00a0<\/span><\/td>\n<\/tr>\n<tr style=\"height: 48px;\">\n<td style=\"height: 48px; width: 587.266px; text-align: justify;\"><span style=\"font-weight: 400;\">&#8211; Medios de comunicaci\u00f3n: \u00bfC\u00f3mo pueden contribuir al di\u00e1logo social sin profundizar la polarizaci\u00f3n?<\/span><\/td>\n<\/tr>\n<tr style=\"height: 24px;\">\n<td rowspan=\"7\" style=\"height: 240px; width: 204.734px;\"><span style=\"color: #0c71c3;\"><b>3. Violencia y derechos humanos<\/b><\/span><\/td>\n<td style=\"width: 201px; text-align: justify; height: 240px;\" rowspan=\"7\">\n<ul>\n<li style=\"font-weight: 400; text-align: left;\" aria-level=\"1\"><span style=\"font-weight: 400;\">\u00bfDe qu\u00e9 manera la sociedad puede contribuir a evitar el exceso del uso de la fuerza por parte de algunos miembros de la Polic\u00eda y del Ej\u00e9rcito?<\/span><\/li>\n<li style=\"font-weight: 400; text-align: left;\" aria-level=\"1\"><span style=\"font-weight: 400;\">\u00bfCu\u00e1les respuestas se pueden construir desde la academia, para mejorar la calidad de vida de las comunidades v\u00edctimas del conflicto armado?<\/span><\/li>\n<\/ul>\n<\/td>\n<td style=\"height: 24px; width: 587.266px; text-align: justify;\"><span style=\"font-weight: 400;\">&#8211; Memoria hist\u00f3rica: lecciones para el futuro de Colombia.<\/span><\/td>\n<\/tr>\n<tr style=\"height: 48px;\">\n<td style=\"height: 48px; width: 587.266px; text-align: justify;\"><span style=\"font-weight: 400;\">&#8211; Derechos humanos y libertades fundamentales: un debate sobre los l\u00edmites de la protesta social.\u00a0\u00a0<\/span><\/td>\n<\/tr>\n<tr style=\"height: 24px;\">\n<td style=\"height: 24px; width: 587.266px; text-align: justify;\"><span style=\"font-weight: 400;\">&#8211; Emociones pol\u00edticas: el reto de la empat\u00eda.\u00a0<\/span><\/td>\n<\/tr>\n<tr style=\"height: 24px;\">\n<td style=\"height: 24px; width: 587.266px; text-align: justify;\"><span style=\"font-weight: 400;\">&#8211; Acuerdos de paz: An\u00e1lisis de los problemas de implementaci\u00f3n.<\/span><\/td>\n<\/tr>\n<tr style=\"height: 24px;\">\n<td style=\"height: 24px; width: 587.266px; text-align: justify;\"><span style=\"font-weight: 400;\">&#8211; L\u00edderes sociales: \u00bfQu\u00e9 es lo que realmente est\u00e1 pasando con ellos?\u00a0<\/span><\/td>\n<\/tr>\n<tr style=\"height: 48px;\">\n<td style=\"height: 48px; width: 587.266px; text-align: justify;\"><span style=\"font-weight: 400;\">&#8211; Comisi\u00f3n Interamericana de Derechos Humanos: debate sobre sus recomendaciones a Colombia.\u00a0<\/span><\/td>\n<\/tr>\n<tr style=\"height: 48px;\">\n<td style=\"height: 48px; width: 587.266px; text-align: justify;\"><span style=\"font-weight: 400;\">&#8211; Fuerza p\u00fablica: debate sobre su rol en la sociedad y las posibilidades de reforma.\u00a0<\/span><\/td>\n<\/tr>\n<\/tbody>\n<\/table>\n<p>&nbsp;<\/p>\n<p>[\/et_pb_text][\/et_pb_column][\/et_pb_row][\/et_pb_section]<\/p>\n","protected":false},"excerpt":{"rendered":"<p>Abordar toda la realidad de una sociedad como la nuestra precisa organizarla en distintos frentes de intervenci\u00f3n, s\u00f3lo de esta manera se da forma a los pasos que queremos dar para impulsar los cambios que esperamos alcanzar, y para los cuales cada uno de nosotros tiene algo valioso que aportar.\u00a0\u00a0 Los siguientes son tres bloques [&hellip;]<\/p>\n","protected":false},"author":1,"featured_media":0,"parent":0,"menu_order":0,"comment_status":"closed","ping_status":"closed","template":"","meta":{"_et_pb_use_builder":"on","_et_pb_old_content":"","_et_gb_content_width":"","footnotes":""},"class_list":["post-14","page","type-page","status-publish","hentry"],"_links":{"self":[{"href":"https:\/\/unab.edu.co\/sentirunabconstruirpais\/wp-json\/wp\/v2\/pages\/14","targetHints":{"allow":["GET"]}}],"collection":[{"href":"https:\/\/unab.edu.co\/sentirunabconstruirpais\/wp-json\/wp\/v2\/pages"}],"about":[{"href":"https:\/\/unab.edu.co\/sentirunabconstruirpais\/wp-json\/wp\/v2\/types\/page"}],"author":[{"embeddable":true,"href":"https:\/\/unab.edu.co\/sentirunabconstruirpais\/wp-json\/wp\/v2\/users\/1"}],"replies":[{"embeddable":true,"href":"https:\/\/unab.edu.co\/sentirunabconstruirpais\/wp-json\/wp\/v2\/comments?post=14"}],"version-history":[{"count":0,"href":"https:\/\/unab.edu.co\/sentirunabconstruirpais\/wp-json\/wp\/v2\/pages\/14\/revisions"}],"wp:attachment":[{"href":"https:\/\/unab.edu.co\/sentirunabconstruirpais\/wp-json\/wp\/v2\/media?parent=14"}],"curies":[{"name":"wp","href":"https:\/\/api.w.org\/{rel}","templated":true}]}}