{"id":17,"date":"2021-09-30T20:56:17","date_gmt":"2021-10-01T01:56:17","guid":{"rendered":"https:\/\/unab.edu.co\/sentirunabconstruirpais\/?page_id=17"},"modified":"2021-11-16T14:22:41","modified_gmt":"2021-11-16T19:22:41","slug":"como-participar","status":"publish","type":"page","link":"https:\/\/unab.edu.co\/sentirunabconstruirpais\/como-participar\/","title":{"rendered":"C\u00f3mo participar"},"content":{"rendered":"<p>[et_pb_section fb_built=\u00bb1&#8243; _builder_version=\u00bb4.11.0&#8243; _module_preset=\u00bbdefault\u00bb background_image=\u00bbhttps:\/\/unab.edu.co\/sentirunabconstruirpais\/wp-content\/uploads\/2021\/10\/fnd-top2.jpg\u00bb parallax=\u00bbon\u00bb custom_padding=\u00bb1em||1em||true|false\u00bb global_colors_info=\u00bb{}\u00bb][et_pb_row _builder_version=\u00bb4.11.0&#8243; _module_preset=\u00bbdefault\u00bb global_colors_info=\u00bb{}\u00bb][et_pb_column type=\u00bb4_4&#8243; _builder_version=\u00bb4.11.0&#8243; _module_preset=\u00bbdefault\u00bb global_colors_info=\u00bb{}\u00bb][et_pb_post_title meta=\u00bboff\u00bb featured_image=\u00bboff\u00bb _builder_version=\u00bb4.11.0&#8243; _module_preset=\u00bbdefault\u00bb title_text_color=\u00bb#045893&#8243; title_font_size=\u00bb44px\u00bb text_orientation=\u00bbcenter\u00bb global_colors_info=\u00bb{}\u00bb][\/et_pb_post_title][\/et_pb_column][\/et_pb_row][\/et_pb_section][et_pb_section fb_built=\u00bb1&#8243; _builder_version=\u00bb4.11.0&#8243; _module_preset=\u00bbdefault\u00bb background_image=\u00bbhttps:\/\/unab.edu.co\/sentirunabconstruirpais\/wp-content\/uploads\/2021\/10\/fnd-inter-1.png\u00bb parallax=\u00bbon\u00bb parallax_method=\u00bboff\u00bb global_colors_info=\u00bb{}\u00bb][et_pb_row column_structure=\u00bb1_2,1_2&#8243; _builder_version=\u00bb4.11.2&#8243; _module_preset=\u00bbdefault\u00bb animation_style=\u00bbslide\u00bb animation_direction=\u00bbleft\u00bb global_colors_info=\u00bb{}\u00bb][et_pb_column type=\u00bb1_2&#8243; _builder_version=\u00bb4.11.0&#8243; _module_preset=\u00bbdefault\u00bb global_colors_info=\u00bb{}\u00bb][et_pb_text _builder_version=\u00bb4.11.0&#8243; _module_preset=\u00bbdefault\u00bb global_colors_info=\u00bb{}\u00bb]<\/p>\n<p style=\"text-align: justify;\"><span style=\"font-weight: 400;\"><strong>SENTIR UNAB, CONSTRUIR PA\u00cdS <\/strong>ha orientado su acci\u00f3n en dos frentes de participaci\u00f3n.\u00a0 Por un lado est\u00e1n las experiencias que permiten profundizar en cada uno de los bloques tem\u00e1ticos a trav\u00e9s de diferentes formatos en los que la premisa fundamental es el di\u00e1logo y la generaci\u00f3n de soluciones para avanzar, estos son foros, debates y conversatorios, entre otros, que brinden contexto para la propuesta de soluciones. <strong>All\u00ed la asistencia, <\/strong><\/span><strong>la participaci\u00f3n en su planeaci\u00f3n y desarrollo como protagonistas de esta iniciativa, es fundamental.\u00a0<\/strong><\/p>\n<p>[\/et_pb_text][\/et_pb_column][et_pb_column type=\u00bb1_2&#8243; _builder_version=\u00bb4.11.0&#8243; _module_preset=\u00bbdefault\u00bb global_colors_info=\u00bb{}\u00bb][et_pb_text _builder_version=\u00bb4.11.0&#8243; _module_preset=\u00bbdefault\u00bb global_colors_info=\u00bb{}\u00bb]<\/p>\n<p style=\"text-align: justify;\"><span style=\"font-weight: 400;\">Y simult\u00e1neamente est\u00e1 el reto de formular propuestas, es decir, soluciones a retos de cambio y transformaci\u00f3n en alguno de los temas relacionados en los bloques tem\u00e1ticos. De esta manera podr\u00e1n ser entregables art\u00edculos acad\u00e9micos, ensayos de reflexi\u00f3n, reportajes, entrevistas de profundidad, obras de arte, performances, videos, producciones audiovisuales, posters, podcasts, entre otros. En este aspecto, <\/span><b>damos nombre y alcance a las soluciones, detallamos su cobertura e impacto, exponemos su pertinencia y aplicabilidad<\/b><span style=\"font-weight: 400;\">.\u00a0<\/span><\/p>\n<p>[\/et_pb_text][\/et_pb_column][\/et_pb_row][et_pb_row _builder_version=\u00bb4.11.2&#8243; _module_preset=\u00bbdefault\u00bb animation_style=\u00bbslide\u00bb global_colors_info=\u00bb{}\u00bb][et_pb_column type=\u00bb4_4&#8243; _builder_version=\u00bb4.11.0&#8243; _module_preset=\u00bbdefault\u00bb global_colors_info=\u00bb{}\u00bb][et_pb_image src=\u00bbhttps:\/\/unab.edu.co\/sentirunabconstruirpais\/wp-content\/uploads\/2021\/10\/Co\u0301mo-participar.png\u00bb title_text=\u00bbCo\u0301mo participar\u00bb align=\u00bbcenter\u00bb _builder_version=\u00bb4.11.0&#8243; _module_preset=\u00bbdefault\u00bb global_colors_info=\u00bb{}\u00bb][\/et_pb_image][et_pb_text _builder_version=\u00bb4.12.0&#8243; _module_preset=\u00bbdefault\u00bb hover_enabled=\u00bb0&#8243; global_colors_info=\u00bb{}\u00bb sticky_enabled=\u00bb0&#8243;]<\/p>\n<p style=\"text-align: justify;\" bis_size=\"{&quot;x&quot;:10,&quot;y&quot;:15,&quot;w&quot;:664,&quot;h&quot;:116,&quot;abs_x&quot;:840,&quot;abs_y&quot;:373}\"><span style=\"font-weight: 400;\" bis_size=\"{&quot;x&quot;:10,&quot;y&quot;:18,&quot;w&quot;:664,&quot;h&quot;:41,&quot;abs_x&quot;:840,&quot;abs_y&quot;:376}\">Las soluciones propuestas se pueden enviar al correo <a href=\"mailto:sentirunabconstruirpais@unab.edu.co\" bis_size=\"{&quot;x&quot;:391,&quot;y&quot;:18,&quot;w&quot;:271,&quot;h&quot;:17,&quot;abs_x&quot;:1221,&quot;abs_y&quot;:376}\">sentirunabconstruirpais@unab.edu.co<\/a> o registrarse en la plataforma Vinglet a la que se accede a trav\u00e9s del enlace: <\/span><a href=\"https:\/\/vinglet.com\/\" bis_size=\"{&quot;x&quot;:536,&quot;y&quot;:41,&quot;w&quot;:138,&quot;h&quot;:17,&quot;abs_x&quot;:1366,&quot;abs_y&quot;:399}\"><span style=\"font-weight: 400;\" bis_size=\"{&quot;x&quot;:536,&quot;y&quot;:41,&quot;w&quot;:138,&quot;h&quot;:17,&quot;abs_x&quot;:1366,&quot;abs_y&quot;:399}\">https:\/\/vinglet.com<\/span><\/a><span style=\"font-weight: 400;\" bis_size=\"{&quot;x&quot;:10,&quot;y&quot;:64,&quot;w&quot;:664,&quot;h&quot;:64,&quot;abs_x&quot;:840,&quot;abs_y&quot;:422}\"> Estas ser\u00e1n evaluadas por cada uno de los grupos tem\u00e1ticos, quienes seleccionar\u00e1n las mejores para ser publicadas y socializadas en el evento donde adem\u00e1s los ganadores recibir\u00e1n incentivos redimibles en el pago de matr\u00edcula, servicios de la UNAB y horas libres.<\/span><\/p>\n<p>[\/et_pb_text][et_pb_button button_url=\u00bb#\u00bb button_text=\u00bbDocumento convocatoria\u00bb button_alignment=\u00bbcenter\u00bb disabled_on=\u00bbon|on|on\u00bb _builder_version=\u00bb4.11.0&#8243; _module_preset=\u00bbdefault\u00bb custom_button=\u00bbon\u00bb button_icon=\u00bb%%72%%\u00bb disabled=\u00bbon\u00bb global_colors_info=\u00bb{}\u00bb][\/et_pb_button][et_pb_text _builder_version=\u00bb4.12.0&#8243; _module_preset=\u00bbdefault\u00bb width=\u00bb77%\u00bb module_alignment=\u00bbcenter\u00bb global_colors_info=\u00bb{}\u00bb]<\/p>\n<h3 style=\"text-align: center;\">\u00bfC\u00f3mo crear un usuario en Vinglet?<\/h3>\n<p><iframe loading=\"lazy\" title=\"TUTORIAL PERFIL USUARIO DE VINGLET\" width=\"1080\" height=\"608\" src=\"https:\/\/www.youtube.com\/embed\/10lUi8ENTYc?feature=oembed\"  allow=\"accelerometer; autoplay; clipboard-write; encrypted-media; gyroscope; picture-in-picture\" allowfullscreen><\/iframe><\/p>\n<p>[\/et_pb_text][et_pb_text _builder_version=\u00bb4.12.0&#8243; _module_preset=\u00bbdefault\u00bb width=\u00bb77%\u00bb module_alignment=\u00bbcenter\u00bb global_colors_info=\u00bb{}\u00bb]<\/p>\n<h3 style=\"text-align: center;\">Presentaci\u00f3n de retos en Vinglet<\/h3>\n<p><iframe loading=\"lazy\" title=\"PRESENTACI\u00d3N BREVE DE RETOS\" width=\"1080\" height=\"608\" src=\"https:\/\/www.youtube.com\/embed\/u_p_5m3yvz8?feature=oembed\"  allow=\"accelerometer; autoplay; clipboard-write; encrypted-media; gyroscope; picture-in-picture\" allowfullscreen><\/iframe><\/p>\n<p>[\/et_pb_text][\/et_pb_column][\/et_pb_row][\/et_pb_section]<\/p>\n","protected":false},"excerpt":{"rendered":"<p>SENTIR UNAB, CONSTRUIR PA\u00cdS ha orientado su acci\u00f3n en dos frentes de participaci\u00f3n.\u00a0 Por un lado est\u00e1n las experiencias que permiten profundizar en cada uno de los bloques tem\u00e1ticos a trav\u00e9s de diferentes formatos en los que la premisa fundamental es el di\u00e1logo y la generaci\u00f3n de soluciones para avanzar, estos son foros, debates y [&hellip;]<\/p>\n","protected":false},"author":1,"featured_media":0,"parent":0,"menu_order":0,"comment_status":"closed","ping_status":"closed","template":"","meta":{"_et_pb_use_builder":"on","_et_pb_old_content":"","_et_gb_content_width":"","footnotes":""},"class_list":["post-17","page","type-page","status-publish","hentry"],"_links":{"self":[{"href":"https:\/\/unab.edu.co\/sentirunabconstruirpais\/wp-json\/wp\/v2\/pages\/17","targetHints":{"allow":["GET"]}}],"collection":[{"href":"https:\/\/unab.edu.co\/sentirunabconstruirpais\/wp-json\/wp\/v2\/pages"}],"about":[{"href":"https:\/\/unab.edu.co\/sentirunabconstruirpais\/wp-json\/wp\/v2\/types\/page"}],"author":[{"embeddable":true,"href":"https:\/\/unab.edu.co\/sentirunabconstruirpais\/wp-json\/wp\/v2\/users\/1"}],"replies":[{"embeddable":true,"href":"https:\/\/unab.edu.co\/sentirunabconstruirpais\/wp-json\/wp\/v2\/comments?post=17"}],"version-history":[{"count":0,"href":"https:\/\/unab.edu.co\/sentirunabconstruirpais\/wp-json\/wp\/v2\/pages\/17\/revisions"}],"wp:attachment":[{"href":"https:\/\/unab.edu.co\/sentirunabconstruirpais\/wp-json\/wp\/v2\/media?parent=17"}],"curies":[{"name":"wp","href":"https:\/\/api.w.org\/{rel}","templated":true}]}}