{"id":2,"date":"2021-09-29T16:42:57","date_gmt":"2021-09-29T21:42:57","guid":{"rendered":"https:\/\/unab.edu.co\/sentirunabconstruirpais\/?page_id=2"},"modified":"2021-11-10T14:06:45","modified_gmt":"2021-11-10T19:06:45","slug":"otras-experiencias","status":"publish","type":"page","link":"https:\/\/unab.edu.co\/sentirunabconstruirpais\/otras-experiencias\/","title":{"rendered":"Otras experiencias"},"content":{"rendered":"<p>[et_pb_section fb_built=\u00bb1&#8243; _builder_version=\u00bb4.11.0&#8243; _module_preset=\u00bbdefault\u00bb background_image=\u00bbhttps:\/\/unab.edu.co\/sentirunabconstruirpais\/wp-content\/uploads\/2021\/10\/fnd-top1.jpg\u00bb parallax=\u00bbon\u00bb custom_padding=\u00bb1em||1em||true|false\u00bb global_colors_info=\u00bb{}\u00bb][et_pb_row _builder_version=\u00bb4.11.0&#8243; _module_preset=\u00bbdefault\u00bb global_colors_info=\u00bb{}\u00bb][et_pb_column type=\u00bb4_4&#8243; _builder_version=\u00bb4.11.0&#8243; _module_preset=\u00bbdefault\u00bb global_colors_info=\u00bb{}\u00bb][et_pb_post_title meta=\u00bboff\u00bb featured_image=\u00bboff\u00bb _builder_version=\u00bb4.11.0&#8243; _module_preset=\u00bbdefault\u00bb title_text_color=\u00bb#fcd200&#8243; title_font_size=\u00bb44px\u00bb text_orientation=\u00bbcenter\u00bb global_colors_info=\u00bb{}\u00bb][\/et_pb_post_title][\/et_pb_column][\/et_pb_row][\/et_pb_section][et_pb_section fb_built=\u00bb1&#8243; _builder_version=\u00bb4.11.0&#8243; _module_preset=\u00bbdefault\u00bb background_image=\u00bbhttps:\/\/unab.edu.co\/sentirunabconstruirpais\/wp-content\/uploads\/2021\/10\/fnd-inter-1.png\u00bb parallax=\u00bbon\u00bb parallax_method=\u00bboff\u00bb global_colors_info=\u00bb{}\u00bb][et_pb_row column_structure=\u00bb2_5,3_5&#8243; _builder_version=\u00bb4.11.4&#8243; _module_preset=\u00bbdefault\u00bb animation_style=\u00bbslide\u00bb animation_direction=\u00bbleft\u00bb global_colors_info=\u00bb{}\u00bb][et_pb_column type=\u00bb2_5&#8243; _builder_version=\u00bb4.11.0&#8243; _module_preset=\u00bbdefault\u00bb global_colors_info=\u00bb{}\u00bb][et_pb_image src=\u00bbhttps:\/\/unab.edu.co\/sentirunabconstruirpais\/wp-content\/uploads\/2021\/10\/tenemos-que-hablar-colombia.png\u00bb title_text=\u00bbtenemos que hablar colombia\u00bb align=\u00bbcenter\u00bb _builder_version=\u00bb4.11.4&#8243; _module_preset=\u00bbdefault\u00bb transform_translate=\u00bb0px|44px\u00bb width=\u00bb100%\u00bb max_width=\u00bb300px\u00bb module_alignment=\u00bbcenter\u00bb custom_margin=\u00bb|48px||||\u00bb custom_padding=\u00bb0px||0px||true|false\u00bb global_colors_info=\u00bb{}\u00bb][\/et_pb_image][\/et_pb_column][et_pb_column type=\u00bb3_5&#8243; _builder_version=\u00bb4.11.0&#8243; _module_preset=\u00bbdefault\u00bb global_colors_info=\u00bb{}\u00bb][et_pb_text _builder_version=\u00bb4.11.4&#8243; _module_preset=\u00bbdefault\u00bb text_font_size=\u00bb15px\u00bb transform_translate=\u00bb-4px|32px\u00bb custom_margin=\u00bb||||false|false\u00bb custom_padding=\u00bb5em||||false|false\u00bb global_colors_info=\u00bb{}\u00bb]<\/p>\n<h2 style=\"text-align: left;\"><strong>TENEMOS QUE HABLAR COLOMBIA<br \/><\/strong><\/h2>\n<p style=\"text-align: left;\"><span>Es una\u00a0<\/span><strong>plataforma colaborativa de di\u00e1logo e incidencia ciudadana<\/strong><span> <\/span><span>para la conversaci\u00f3n entre diversos actores de la sociedad colombiana que busca construir, desde las diferencias, una hoja de ruta compartida. Conoce m\u00e1s de esta iniciativa <a href=\"https:\/\/tenemosquehablarcolombia.co\/\" target=\"_blank\" rel=\"noopener\"><strong>aqu\u00ed.<\/strong><\/a><\/span><\/p>\n<p>[\/et_pb_text][\/et_pb_column][\/et_pb_row][et_pb_row column_structure=\u00bb2_3,1_3&#8243; _builder_version=\u00bb4.11.4&#8243; _module_preset=\u00bbdefault\u00bb animation_style=\u00bbslide\u00bb animation_direction=\u00bbright\u00bb global_colors_info=\u00bb{}\u00bb][et_pb_column type=\u00bb2_3&#8243; _builder_version=\u00bb4.11.0&#8243; _module_preset=\u00bbdefault\u00bb global_colors_info=\u00bb{}\u00bb][et_pb_text _builder_version=\u00bb4.11.2&#8243; _module_preset=\u00bbdefault\u00bb text_font_size=\u00bb15px\u00bb transform_translate=\u00bb-4px|32px\u00bb custom_margin=\u00bb||||false|false\u00bb custom_padding=\u00bb5em||||false|false\u00bb global_colors_info=\u00bb{}\u00bb]<\/p>\n<h2 style=\"text-align: right;\"><strong>TENEMOS QUE HABLAR DE CHILE<br \/><\/strong><\/h2>\n<p class=\"\" style=\"text-align: right;\">Es una<strong> plataforma de participaci\u00f3n y di\u00e1logo ciudadano<\/strong> <strong>impulsada por la<\/strong> <strong>Universidad de Chile y la Universidad Cat\u00f3lica <\/strong>que aspira a construir una mirada de futuro de un Chile que sabe conversar. Un Chile que sabe escuchar los anhelos, dolores e ideas y procesar sus diferencias para construir un pa\u00eds en el que haya lugar para todas y todos. <span style=\"text-align: center;\">Conoce m\u00e1s de esta iniciativa <\/span><a href=\"https:\/\/www.tenemosquehablardechile.cl\/inicio\" target=\"_blank\" rel=\"noopener\" style=\"text-align: center;\"><strong>aqu\u00ed.<\/strong><\/a><\/p>\n<p>[\/et_pb_text][\/et_pb_column][et_pb_column type=\u00bb1_3&#8243; _builder_version=\u00bb4.11.4&#8243; _module_preset=\u00bbdefault\u00bb global_colors_info=\u00bb{}\u00bb][et_pb_image src=\u00bbhttps:\/\/unab.edu.co\/sentirunabconstruirpais\/wp-content\/uploads\/2021\/10\/tenemos-que-hablar-de-chile.jpg\u00bb title_text=\u00bbtenemos que hablar de chile\u00bb align=\u00bbcenter\u00bb _builder_version=\u00bb4.11.4&#8243; _module_preset=\u00bbdefault\u00bb transform_translate=\u00bb0px|44px\u00bb width=\u00bb100%\u00bb max_width=\u00bb350px\u00bb module_alignment=\u00bbcenter\u00bb custom_padding=\u00bb0px||0px||true|false\u00bb global_colors_info=\u00bb{}\u00bb][\/et_pb_image][\/et_pb_column][\/et_pb_row][et_pb_row column_structure=\u00bb2_5,3_5&#8243; _builder_version=\u00bb4.11.4&#8243; _module_preset=\u00bbdefault\u00bb animation_style=\u00bbslide\u00bb animation_direction=\u00bbleft\u00bb global_colors_info=\u00bb{}\u00bb][et_pb_column type=\u00bb2_5&#8243; _builder_version=\u00bb4.11.0&#8243; _module_preset=\u00bbdefault\u00bb global_colors_info=\u00bb{}\u00bb][et_pb_image src=\u00bbhttps:\/\/unab.edu.co\/sentirunabconstruirpais\/wp-content\/uploads\/2021\/10\/pido-la-palabra.jpeg\u00bb title_text=\u00bbpido la palabra\u00bb align=\u00bbcenter\u00bb _builder_version=\u00bb4.11.2&#8243; _module_preset=\u00bbdefault\u00bb transform_translate=\u00bb0px|44px\u00bb width=\u00bb100%\u00bb max_width=\u00bb300px\u00bb module_alignment=\u00bbcenter\u00bb custom_padding=\u00bb0px||0px||true|false\u00bb global_colors_info=\u00bb{}\u00bb][\/et_pb_image][\/et_pb_column][et_pb_column type=\u00bb3_5&#8243; _builder_version=\u00bb4.11.0&#8243; _module_preset=\u00bbdefault\u00bb global_colors_info=\u00bb{}\u00bb][et_pb_text _builder_version=\u00bb4.12.0&#8243; _module_preset=\u00bbdefault\u00bb text_font_size=\u00bb15px\u00bb transform_translate=\u00bb-4px|32px\u00bb custom_margin=\u00bb||||false|false\u00bb custom_padding=\u00bb5em||||false|false\u00bb hover_enabled=\u00bb0&#8243; global_colors_info=\u00bb{}\u00bb sticky_enabled=\u00bb0&#8243;]<\/p>\n<h2 style=\"text-align: left;\"><strong>PIDO LA PALABRA &#8211; BUCARAMANGA<br \/><\/strong><\/h2>\n<p class=\"\" style=\"text-align: left;\"><span>Plataforma ciudadana de di\u00e1logo regional para superar los conflictos sociales en Bucaramanga.<\/span> <span style=\"text-align: center;\">Conoce m\u00e1s de esta iniciativa <\/span><a href=\"https:\/\/alcaldiabucaramanga.typeform.com\/to\/tTH4YpO4?typeform-source=t.co\" target=\"_blank\" rel=\"noopener\" style=\"text-align: center;\"><strong>aqu\u00ed.<\/strong><\/a><\/p>\n<p>[\/et_pb_text][\/et_pb_column][\/et_pb_row][et_pb_row column_structure=\u00bb2_3,1_3&#8243; _builder_version=\u00bb4.11.4&#8243; _module_preset=\u00bbdefault\u00bb animation_style=\u00bbslide\u00bb animation_direction=\u00bbright\u00bb global_colors_info=\u00bb{}\u00bb][et_pb_column type=\u00bb2_3&#8243; _builder_version=\u00bb4.11.0&#8243; _module_preset=\u00bbdefault\u00bb global_colors_info=\u00bb{}\u00bb][et_pb_text _builder_version=\u00bb4.12.0&#8243; _module_preset=\u00bbdefault\u00bb text_font_size=\u00bb15px\u00bb transform_translate=\u00bb-4px|32px\u00bb custom_margin=\u00bb||||false|false\u00bb custom_padding=\u00bb5em||||false|false\u00bb hover_enabled=\u00bb0&#8243; global_colors_info=\u00bb{}\u00bb sticky_enabled=\u00bb0&#8243;]<\/p>\n<h2 style=\"text-align: right;\"><strong>LIBERTANK &#8211; COLOMBIA<\/strong><\/h2>\n<p class=\"\" style=\"text-align: right;\">Es un tanque de pensamiento dedicado a promover la libertad econ\u00f3mica como generado de progreso para Colombia. Promueve la propiedad y la empresa privada, el libre mercado, la generaci\u00f3n de riqueza y bienestar, y la reducci\u00f3n de la pobreza con ahorro, inversi\u00f3n, emprendimiento y generaci\u00f3n de empleo. <span style=\"text-align: center;\">Conoce m\u00e1s de esta iniciativa <\/span><a href=\"https:\/\/www.libertank.com\/\" target=\"_blank\" rel=\"noopener\" style=\"text-align: center;\"><strong>aqu\u00ed.<\/strong><\/a><\/p>\n<p>[\/et_pb_text][\/et_pb_column][et_pb_column type=\u00bb1_3&#8243; _builder_version=\u00bb4.11.4&#8243; _module_preset=\u00bbdefault\u00bb global_colors_info=\u00bb{}\u00bb][et_pb_image src=\u00bbhttps:\/\/unab.edu.co\/sentirunabconstruirpais\/wp-content\/uploads\/2021\/11\/libertank-copia.png\u00bb title_text=\u00bblibertank copia\u00bb align=\u00bbcenter\u00bb _builder_version=\u00bb4.12.0&#8243; _module_preset=\u00bbdefault\u00bb transform_translate=\u00bb0px|92px\u00bb width=\u00bb100%\u00bb max_width=\u00bb350px\u00bb module_alignment=\u00bbcenter\u00bb custom_padding=\u00bb0px||0px||true|false\u00bb hover_enabled=\u00bb0&#8243; global_colors_info=\u00bb{}\u00bb sticky_enabled=\u00bb0&#8243;][\/et_pb_image][\/et_pb_column][\/et_pb_row][et_pb_row column_structure=\u00bb2_5,3_5&#8243; _builder_version=\u00bb4.11.4&#8243; _module_preset=\u00bbdefault\u00bb animation_style=\u00bbslide\u00bb animation_direction=\u00bbleft\u00bb global_colors_info=\u00bb{}\u00bb][et_pb_column type=\u00bb2_5&#8243; _builder_version=\u00bb4.11.0&#8243; _module_preset=\u00bbdefault\u00bb global_colors_info=\u00bb{}\u00bb][et_pb_image src=\u00bbhttps:\/\/unab.edu.co\/sentirunabconstruirpais\/wp-content\/uploads\/2021\/11\/HumanProgress-Logos-02.png\u00bb title_text=\u00bbHumanProgress-Logos-02&#8243; align=\u00bbcenter\u00bb _builder_version=\u00bb4.12.0&#8243; _module_preset=\u00bbdefault\u00bb transform_translate=\u00bb24px|4px\u00bb width=\u00bb100%\u00bb max_width=\u00bb300px\u00bb module_alignment=\u00bbcenter\u00bb custom_padding=\u00bb0px||0px||true|false\u00bb hover_enabled=\u00bb0&#8243; global_colors_info=\u00bb{}\u00bb sticky_enabled=\u00bb0&#8243;][\/et_pb_image][\/et_pb_column][et_pb_column type=\u00bb3_5&#8243; _builder_version=\u00bb4.11.0&#8243; _module_preset=\u00bbdefault\u00bb global_colors_info=\u00bb{}\u00bb][et_pb_text _builder_version=\u00bb4.12.0&#8243; _module_preset=\u00bbdefault\u00bb text_font_size=\u00bb15px\u00bb transform_translate=\u00bb-4px|32px\u00bb custom_margin=\u00bb||||false|false\u00bb custom_padding=\u00bb5em||||false|false\u00bb hover_enabled=\u00bb0&#8243; global_colors_info=\u00bb{}\u00bb sticky_enabled=\u00bb0&#8243;]<\/p>\n<h2 style=\"text-align: left;\"><strong>HUMAN PROGRESS<br \/><\/strong><\/h2>\n<p class=\"\" style=\"text-align: left;\"><span>Este es un proyecto del Instituto Cato ubicado en Washington, con el que se recogen datos e informaci\u00f3n <\/span>alrededor del mundo sobre el estado de la humanidad y el desarrollo de los pa\u00edses, con el fin de tener una mejor percepci\u00f3n de lo que significa el progreso. <span style=\"text-align: center;\">Conoce m\u00e1s de esta iniciativa <\/span><a href=\"https:\/\/www.humanprogress.org\/\" target=\"_blank\" rel=\"noopener\" style=\"text-align: center;\"><strong>aqu\u00ed.<\/strong><\/a><\/p>\n<p>[\/et_pb_text][\/et_pb_column][\/et_pb_row][et_pb_row column_structure=\u00bb2_3,1_3&#8243; _builder_version=\u00bb4.11.4&#8243; _module_preset=\u00bbdefault\u00bb animation_style=\u00bbslide\u00bb animation_direction=\u00bbright\u00bb global_colors_info=\u00bb{}\u00bb][et_pb_column type=\u00bb2_3&#8243; _builder_version=\u00bb4.11.0&#8243; _module_preset=\u00bbdefault\u00bb global_colors_info=\u00bb{}\u00bb][et_pb_text _builder_version=\u00bb4.12.0&#8243; _module_preset=\u00bbdefault\u00bb text_font_size=\u00bb15px\u00bb custom_margin=\u00bb||||false|false\u00bb custom_padding=\u00bb5em||||false|false\u00bb hover_enabled=\u00bb0&#8243; global_colors_info=\u00bb{}\u00bb sticky_enabled=\u00bb0&#8243; transform_translate=\u00bb-4px|-20px\u00bb]<\/p>\n<h2 style=\"text-align: right;\"><strong>CONVERGENCIA POR COLOMBIA<\/strong><\/h2>\n<p class=\"\" style=\"text-align: right;\"><span style=\"text-align: center;\"><span>Es una inciativa de la Universidad Nacional presentada como plataforma colaborativa en donde se encuentran identificadas propuestas de soluci\u00f3n a los actuales desaf\u00edos que enfrenta el pa\u00eds. <\/span>Conoce m\u00e1s de esta iniciativa <\/span><a href=\"https:\/\/convergenciacolombia.unal.edu.co\/\" target=\"_blank\" rel=\"noopener\" style=\"text-align: center;\"><strong>aqu\u00ed.<\/strong><\/a><\/p>\n<p>[\/et_pb_text][\/et_pb_column][et_pb_column type=\u00bb1_3&#8243; _builder_version=\u00bb4.11.4&#8243; _module_preset=\u00bbdefault\u00bb global_colors_info=\u00bb{}\u00bb][et_pb_image src=\u00bbhttps:\/\/unab.edu.co\/sentirunabconstruirpais\/wp-content\/uploads\/2021\/11\/maxresdefault-copia.jpg\u00bb title_text=\u00bbmaxresdefault copia\u00bb align=\u00bbcenter\u00bb _builder_version=\u00bb4.12.0&#8243; _module_preset=\u00bbdefault\u00bb transform_translate=\u00bb4px|61px\u00bb width=\u00bb100%\u00bb max_width=\u00bb350px\u00bb module_alignment=\u00bbcenter\u00bb custom_padding=\u00bb0px||0px||true|false\u00bb hover_enabled=\u00bb0&#8243; global_colors_info=\u00bb{}\u00bb sticky_enabled=\u00bb0&#8243;][\/et_pb_image][\/et_pb_column][\/et_pb_row][et_pb_row column_structure=\u00bb2_5,3_5&#8243; _builder_version=\u00bb4.11.4&#8243; _module_preset=\u00bbdefault\u00bb animation_style=\u00bbslide\u00bb animation_direction=\u00bbleft\u00bb global_colors_info=\u00bb{}\u00bb][et_pb_column type=\u00bb2_5&#8243; _builder_version=\u00bb4.11.0&#8243; _module_preset=\u00bbdefault\u00bb global_colors_info=\u00bb{}\u00bb][et_pb_image src=\u00bbhttps:\/\/unab.edu.co\/sentirunabconstruirpais\/wp-content\/uploads\/2021\/11\/Captura-de-Pantalla-2021-11-10-a-las-2.04.01-p.-m..png\u00bb title_text=\u00bbCaptura de Pantalla 2021-11-10 a la(s) 2.04.01 p.\u00a0m.\u00bb align=\u00bbcenter\u00bb _builder_version=\u00bb4.12.0&#8243; _module_preset=\u00bbdefault\u00bb transform_translate=\u00bb12px|82px\u00bb width=\u00bb100%\u00bb max_width=\u00bb300px\u00bb module_alignment=\u00bbcenter\u00bb custom_padding=\u00bb0px||0px||true|false\u00bb hover_enabled=\u00bb0&#8243; global_colors_info=\u00bb{}\u00bb sticky_enabled=\u00bb0&#8243;][\/et_pb_image][\/et_pb_column][et_pb_column type=\u00bb3_5&#8243; _builder_version=\u00bb4.11.0&#8243; _module_preset=\u00bbdefault\u00bb global_colors_info=\u00bb{}\u00bb][et_pb_text _builder_version=\u00bb4.12.0&#8243; _module_preset=\u00bbdefault\u00bb text_font_size=\u00bb15px\u00bb transform_translate=\u00bb-8px|1px\u00bb custom_margin=\u00bb||||false|false\u00bb custom_padding=\u00bb5em||||false|false\u00bb hover_enabled=\u00bb0&#8243; global_colors_info=\u00bb{}\u00bb sticky_enabled=\u00bb0&#8243;]<\/p>\n<h2 style=\"text-align: left;\"><strong>PALANCAS COLOMBIA<br \/><\/strong><\/h2>\n<p class=\"\" style=\"text-align: left;\"><span style=\"text-align: center;\"><span>Es un espacio de co-creaci\u00f3n de peque\u00f1as reformas que puedan ser \u00fatiles, desarrollado en Colombia por la Fundaci\u00f3n Felipe Gonz\u00e1lez, en colaboraci\u00f3n con la Universidad de los Andes, Fundaci\u00f3n Bot\u00edn y Bancolombia. Las palancas son propuestas sencillas, factibles y que susciten los acuerdos necesarios para implementarlas. <\/span>Conoce m\u00e1s de esta iniciativa <\/span><a href=\"https:\/\/www.fundacionfelipegonzalez.org\/palancas-colombia\/\" target=\"_blank\" rel=\"noopener\" style=\"text-align: center;\"><strong>aqu\u00ed.<\/strong><\/a><\/p>\n<p>[\/et_pb_text][\/et_pb_column][\/et_pb_row][\/et_pb_section]<\/p>\n","protected":false},"excerpt":{"rendered":"<p>TENEMOS QUE HABLAR COLOMBIA Es una\u00a0plataforma colaborativa de di\u00e1logo e incidencia ciudadana para la conversaci\u00f3n entre diversos actores de la sociedad colombiana que busca construir, desde las diferencias, una hoja de ruta compartida. Conoce m\u00e1s de esta iniciativa aqu\u00ed.TENEMOS QUE HABLAR DE CHILE Es una plataforma de participaci\u00f3n y di\u00e1logo ciudadano impulsada por la Universidad [&hellip;]<\/p>\n","protected":false},"author":1,"featured_media":0,"parent":0,"menu_order":0,"comment_status":"closed","ping_status":"closed","template":"","meta":{"_et_pb_use_builder":"on","_et_pb_old_content":"<!-- wp:paragraph -->\n<p>Esta es una p\u00e1gina de ejemplo. Es diferente de una entrada de blog porque se quedar\u00e1 en ese lugar y se mostrar\u00e1 en la navegaci\u00f3n de tu sitio (en la mayor\u00eda de los temas). La mayor\u00eda de la gente comienza con una p\u00e1gina de acerca de que los introduce a los visitantes potenciales del sitio. Podr\u00eda decir algo como esto:<\/p>\n<!-- \/wp:paragraph -->\n\n<!-- wp:quote -->\n<blockquote class=\"wp-block-quote\"><p>\u00a1Hola! Soy un Mensajero en bici durante el d\u00eda, aspirante a actor de noche, y este es mi sitio Web. Vivo en los \u00c1ngeles, tengo un gran perro llamado Jack, y me gustan las pi\u00f1as coladas. (Y estar atrapados en la lluvia.)<\/p><\/blockquote>\n<!-- \/wp:quote -->\n\n<!-- wp:paragraph -->\n<p>\u2026o algo as\u00ed:<\/p>\n<!-- \/wp:paragraph -->\n\n<!-- wp:quote -->\n<blockquote class=\"wp-block-quote\"><p>La Empresa Doohickey XYZ fue fundada en 1971, y ha estado proporcionando cosas de calidad al p\u00fablico desde entonces. Ubicado en la ciudad de Gotham, XYZ emplea a m\u00e1s de 2.000 personas y hace todo tipo de cosas impresionantes para la comunidad g\u00f3tica.<\/p><\/blockquote>\n<!-- \/wp:quote -->\n\n<!-- wp:paragraph -->\n<p>Como nuevo usuario de WordPress, debes ir a <a href=\"https:\/\/unab.edu.co\/sentirunabconstruirpais\/wp-admin\/\">tu Escritorio<\/a> para eliminar esta p\u00e1gina, y as\u00ed crear nuevas p\u00e1ginas para su contenido. \u00a1Que te diviertas!<\/p>\n<!-- \/wp:paragraph -->","_et_gb_content_width":"","footnotes":""},"class_list":["post-2","page","type-page","status-publish","hentry"],"_links":{"self":[{"href":"https:\/\/unab.edu.co\/sentirunabconstruirpais\/wp-json\/wp\/v2\/pages\/2","targetHints":{"allow":["GET"]}}],"collection":[{"href":"https:\/\/unab.edu.co\/sentirunabconstruirpais\/wp-json\/wp\/v2\/pages"}],"about":[{"href":"https:\/\/unab.edu.co\/sentirunabconstruirpais\/wp-json\/wp\/v2\/types\/page"}],"author":[{"embeddable":true,"href":"https:\/\/unab.edu.co\/sentirunabconstruirpais\/wp-json\/wp\/v2\/users\/1"}],"replies":[{"embeddable":true,"href":"https:\/\/unab.edu.co\/sentirunabconstruirpais\/wp-json\/wp\/v2\/comments?post=2"}],"version-history":[{"count":0,"href":"https:\/\/unab.edu.co\/sentirunabconstruirpais\/wp-json\/wp\/v2\/pages\/2\/revisions"}],"wp:attachment":[{"href":"https:\/\/unab.edu.co\/sentirunabconstruirpais\/wp-json\/wp\/v2\/media?parent=2"}],"curies":[{"name":"wp","href":"https:\/\/api.w.org\/{rel}","templated":true}]}}