{"id":20,"date":"2021-09-30T20:57:23","date_gmt":"2021-10-01T01:57:23","guid":{"rendered":"https:\/\/unab.edu.co\/sentirunabconstruirpais\/?page_id=20"},"modified":"2022-02-10T17:05:24","modified_gmt":"2022-02-10T22:05:24","slug":"organizacion","status":"publish","type":"page","link":"https:\/\/unab.edu.co\/sentirunabconstruirpais\/organizacion\/","title":{"rendered":"Organizaci\u00f3n"},"content":{"rendered":"<p>[et_pb_section fb_built=\u00bb1&#8243; _builder_version=\u00bb4.11.0&#8243; _module_preset=\u00bbdefault\u00bb background_image=\u00bbhttps:\/\/unab.edu.co\/sentirunabconstruirpais\/wp-content\/uploads\/2021\/10\/fnd-top1.jpg\u00bb parallax=\u00bbon\u00bb custom_padding=\u00bb1em||1em||true|false\u00bb global_colors_info=\u00bb{}\u00bb][et_pb_row _builder_version=\u00bb4.11.0&#8243; _module_preset=\u00bbdefault\u00bb global_colors_info=\u00bb{}\u00bb][et_pb_column type=\u00bb4_4&#8243; _builder_version=\u00bb4.11.0&#8243; _module_preset=\u00bbdefault\u00bb global_colors_info=\u00bb{}\u00bb][et_pb_post_title meta=\u00bboff\u00bb featured_image=\u00bboff\u00bb _builder_version=\u00bb4.11.0&#8243; _module_preset=\u00bbdefault\u00bb title_text_color=\u00bb#fcd200&#8243; title_font_size=\u00bb44px\u00bb text_orientation=\u00bbcenter\u00bb global_colors_info=\u00bb{}\u00bb][\/et_pb_post_title][\/et_pb_column][\/et_pb_row][\/et_pb_section][et_pb_section fb_built=\u00bb1&#8243; _builder_version=\u00bb4.11.0&#8243; _module_preset=\u00bbdefault\u00bb background_image=\u00bbhttps:\/\/unab.edu.co\/sentirunabconstruirpais\/wp-content\/uploads\/2021\/10\/fnd-inter-1.png\u00bb parallax=\u00bbon\u00bb parallax_method=\u00bboff\u00bb global_colors_info=\u00bb{}\u00bb][et_pb_row _builder_version=\u00bb4.11.2&#8243; _module_preset=\u00bbdefault\u00bb animation_style=\u00bbslide\u00bb global_colors_info=\u00bb{}\u00bb][et_pb_column type=\u00bb4_4&#8243; _builder_version=\u00bb4.11.0&#8243; _module_preset=\u00bbdefault\u00bb global_colors_info=\u00bb{}\u00bb][et_pb_text _builder_version=\u00bb4.11.2&#8243; _module_preset=\u00bbdefault\u00bb header_2_text_color=\u00bb#E09900&#8243; global_colors_info=\u00bb{}\u00bb]<\/p>\n<h2 bis_size=\"{&quot;x&quot;:10,&quot;y&quot;:19,&quot;w&quot;:664,&quot;h&quot;:35,&quot;abs_x&quot;:844,&quot;abs_y&quot;:376}\"><b bis_size=\"{&quot;x&quot;:10,&quot;y&quot;:23,&quot;w&quot;:337,&quot;h&quot;:27,&quot;abs_x&quot;:844,&quot;abs_y&quot;:380}\">C\u00f3mo estamos organizados<\/b><\/h2>\n<p bis_size=\"{&quot;x&quot;:10,&quot;y&quot;:75,&quot;w&quot;:664,&quot;h&quot;:24,&quot;abs_x&quot;:844,&quot;abs_y&quot;:432}\"><span style=\"font-weight: 400;\" bis_size=\"{&quot;x&quot;:10,&quot;y&quot;:78,&quot;w&quot;:0,&quot;h&quot;:17,&quot;abs_x&quot;:844,&quot;abs_y&quot;:435}\"><\/span><\/p>\n<p style=\"text-align: justify;\" bis_size=\"{&quot;x&quot;:10,&quot;y&quot;:115,&quot;w&quot;:664,&quot;h&quot;:72,&quot;abs_x&quot;:844,&quot;abs_y&quot;:472}\"><span style=\"font-weight: 400;\" bis_size=\"{&quot;x&quot;:10,&quot;y&quot;:118,&quot;w&quot;:664,&quot;h&quot;:65,&quot;abs_x&quot;:844,&quot;abs_y&quot;:475}\">Contamos con tres grupos tem\u00e1ticos integrados por representantes de los diferentes programas con el objetivo de planear, convocar y llevar a cabo las actividades asociadas a cada tema.<\/span><\/p>\n<p style=\"text-align: justify;\" bis_size=\"{&quot;x&quot;:10,&quot;y&quot;:115,&quot;w&quot;:664,&quot;h&quot;:72,&quot;abs_x&quot;:844,&quot;abs_y&quot;:472}\"><span style=\"font-weight: 400;\" bis_size=\"{&quot;x&quot;:10,&quot;y&quot;:118,&quot;w&quot;:664,&quot;h&quot;:65,&quot;abs_x&quot;:844,&quot;abs_y&quot;:475}\"> <img loading=\"lazy\" decoding=\"async\" src=\"https:\/\/unab.edu.co\/sentirunabconstruirpais\/wp-content\/uploads\/2021\/10\/Co\u0301mo-estamos-organizados.png\" alt=\"\" class=\"wp-image-116 alignnone size-full\" width=\"681\" height=\"240\" srcset=\"https:\/\/unab.edu.co\/sentirunabconstruirpais\/wp-content\/uploads\/2021\/10\/Co\u0301mo-estamos-organizados.png 681w, https:\/\/unab.edu.co\/sentirunabconstruirpais\/wp-content\/uploads\/2021\/10\/Co\u0301mo-estamos-organizados-300x106.png 300w, https:\/\/unab.edu.co\/sentirunabconstruirpais\/wp-content\/uploads\/2021\/10\/Co\u0301mo-estamos-organizados-480x169.png 480w\" sizes=\"(max-width: 681px) 100vw, 681px\" \/><\/span><\/p>\n<p style=\"text-align: justify;\" bis_size=\"{&quot;x&quot;:10,&quot;y&quot;:115,&quot;w&quot;:664,&quot;h&quot;:72,&quot;abs_x&quot;:844,&quot;abs_y&quot;:472}\"><span style=\"font-weight: 400;\" bis_size=\"{&quot;x&quot;:10,&quot;y&quot;:118,&quot;w&quot;:664,&quot;h&quot;:65,&quot;abs_x&quot;:844,&quot;abs_y&quot;:475}\"><span style=\"font-weight: 400;\">As\u00ed mismo, se integra un comit\u00e9 general de <strong>Sentir UNAB, Construir pa\u00eds<\/strong> que orienta y acompa\u00f1a la implementaci\u00f3n de la iniciativa.<\/span><\/span><\/p>\n<ul style=\"text-align: justify;\" bis_size=\"{&quot;x&quot;:10,&quot;y&quot;:203,&quot;w&quot;:664,&quot;h&quot;:0,&quot;abs_x&quot;:844,&quot;abs_y&quot;:560}\"><\/ul>\n<p>[\/et_pb_text][\/et_pb_column][\/et_pb_row][et_pb_row _builder_version=\u00bb4.11.2&#8243; _module_preset=\u00bbdefault\u00bb animation_style=\u00bbslide\u00bb animation_direction=\u00bbleft\u00bb global_colors_info=\u00bb{}\u00bb][et_pb_column type=\u00bb4_4&#8243; _builder_version=\u00bb4.11.0&#8243; _module_preset=\u00bbdefault\u00bb global_colors_info=\u00bb{}\u00bb][et_pb_text _builder_version=\u00bb4.11.2&#8243; _module_preset=\u00bbdefault\u00bb text_line_height=\u00bb1.5em\u00bb header_2_text_color=\u00bb#E09900&#8243; header_3_font=\u00bb||||||||\u00bb header_3_text_align=\u00bbleft\u00bb header_3_text_color=\u00bb#0C71C3&#8243; header_3_font_size=\u00bb19px\u00bb custom_css_before=\u00bblist-style-position: outside !important;\u00bb custom_css_main_element=\u00bb||\u00bb global_colors_info=\u00bb{}\u00bb]<\/p>\n<h2 bis_size=\"{&quot;x&quot;:10,&quot;y&quot;:19,&quot;w&quot;:664,&quot;h&quot;:35,&quot;abs_x&quot;:777,&quot;abs_y&quot;:-27}\"><b bis_size=\"{&quot;x&quot;:10,&quot;y&quot;:23,&quot;w&quot;:142,&quot;h&quot;:27,&quot;abs_x&quot;:777,&quot;abs_y&quot;:-23}\">Inscripci\u00f3n<\/b><\/h2>\n<p bis_size=\"{&quot;x&quot;:10,&quot;y&quot;:75,&quot;w&quot;:664,&quot;h&quot;:24,&quot;abs_x&quot;:777,&quot;abs_y&quot;:29}\"><span style=\"font-weight: 400;\" bis_size=\"{&quot;x&quot;:10,&quot;y&quot;:78,&quot;w&quot;:0,&quot;h&quot;:17,&quot;abs_x&quot;:777,&quot;abs_y&quot;:32}\"><\/span><\/p>\n<p style=\"text-align: justify;\" bis_size=\"{&quot;x&quot;:10,&quot;y&quot;:115,&quot;w&quot;:664,&quot;h&quot;:96,&quot;abs_x&quot;:777,&quot;abs_y&quot;:69}\"><span style=\"font-weight: 400;\" bis_size=\"{&quot;x&quot;:10,&quot;y&quot;:118,&quot;w&quot;:664,&quot;h&quot;:65,&quot;abs_x&quot;:777,&quot;abs_y&quot;:72}\">El objetivo de <strong bis_size=\"{&quot;x&quot;:130,&quot;y&quot;:118,&quot;w&quot;:300,&quot;h&quot;:17,&quot;abs_x&quot;:897,&quot;abs_y&quot;:72}\">SENTIR UNAB, CONSTRUIR PA\u00cdS<\/strong> es incentivar la generaci\u00f3n de soluciones de construcci\u00f3n colectiva que respondan a una oportunidad de mejora para la regi\u00f3n y para el pa\u00eds.\u00a0<\/span><span style=\"font-weight: 400;\" bis_size=\"{&quot;x&quot;:10,&quot;y&quot;:166,&quot;w&quot;:664,&quot;h&quot;:41,&quot;abs_x&quot;:777,&quot;abs_y&quot;:120}\">La formulaci\u00f3n de las soluciones tendr\u00e1n como marco de intervenci\u00f3n tres (3) bloques tem\u00e1ticos, y de manera inicial los retos propuestos.<\/span><\/p>\n<p style=\"text-align: justify;\" bis_size=\"{&quot;x&quot;:10,&quot;y&quot;:115,&quot;w&quot;:664,&quot;h&quot;:96,&quot;abs_x&quot;:777,&quot;abs_y&quot;:69}\"><span style=\"font-weight: 400;\" bis_size=\"{&quot;x&quot;:10,&quot;y&quot;:166,&quot;w&quot;:664,&quot;h&quot;:41,&quot;abs_x&quot;:777,&quot;abs_y&quot;:120}\"><img loading=\"lazy\" decoding=\"async\" src=\"https:\/\/unab.edu.co\/sentirunabconstruirpais\/wp-content\/uploads\/2021\/10\/Inscripcio\u0301n.png\" alt=\"\" class=\"wp-image-118 alignnone size-full\" width=\"681\" height=\"361\" srcset=\"https:\/\/unab.edu.co\/sentirunabconstruirpais\/wp-content\/uploads\/2021\/10\/Inscripcio\u0301n.png 681w, https:\/\/unab.edu.co\/sentirunabconstruirpais\/wp-content\/uploads\/2021\/10\/Inscripcio\u0301n-300x159.png 300w, https:\/\/unab.edu.co\/sentirunabconstruirpais\/wp-content\/uploads\/2021\/10\/Inscripcio\u0301n-480x254.png 480w\" sizes=\"(max-width: 681px) 100vw, 681px\" \/><\/span><\/p>\n<p style=\"text-align: justify;\" bis_size=\"{&quot;x&quot;:10,&quot;y&quot;:115,&quot;w&quot;:664,&quot;h&quot;:96,&quot;abs_x&quot;:777,&quot;abs_y&quot;:69}\"><span style=\"font-weight: 400;\" bis_size=\"{&quot;x&quot;:10,&quot;y&quot;:166,&quot;w&quot;:664,&quot;h&quot;:41,&quot;abs_x&quot;:777,&quot;abs_y&quot;:120}\">\u00a0<span style=\"font-weight: 400;\">Cada soluci\u00f3n debe enmarcarse en alguno de los bloques tem\u00e1ticos relacionados y atender a uno de los retos formulados.<\/span><\/span><\/p>\n<ol bis_size=\"{&quot;x&quot;:10,&quot;y&quot;:347,&quot;w&quot;:664,&quot;h&quot;:0,&quot;abs_x&quot;:777,&quot;abs_y&quot;:301}\" start=\"8\"><\/ol>\n<p>[\/et_pb_text][\/et_pb_column][\/et_pb_row][et_pb_row _builder_version=\u00bb4.11.2&#8243; _module_preset=\u00bbdefault\u00bb animation_style=\u00bbslide\u00bb animation_direction=\u00bbright\u00bb global_colors_info=\u00bb{}\u00bb][et_pb_column type=\u00bb4_4&#8243; _builder_version=\u00bb4.11.0&#8243; _module_preset=\u00bbdefault\u00bb global_colors_info=\u00bb{}\u00bb][et_pb_text _builder_version=\u00bb4.12.0&#8243; _module_preset=\u00bbdefault\u00bb text_line_height=\u00bb1.5em\u00bb header_2_text_color=\u00bb#E09900&#8243; header_3_font=\u00bb||||||||\u00bb header_3_text_align=\u00bbleft\u00bb header_3_text_color=\u00bb#0C71C3&#8243; header_3_font_size=\u00bb19px\u00bb custom_css_before=\u00bblist-style-position: outside !important;\u00bb custom_css_main_element=\u00bb||\u00bb global_colors_info=\u00bb{}\u00bb]<\/p>\n<ol>\n<li>\n<h3><b> ENTREGABLES<\/b><\/h3>\n<\/li>\n<\/ol>\n<p style=\"text-align: justify;\"><span style=\"font-weight: 400;\">Los entregables de esta convocatoria ser\u00e1n soluciones a retos de cambio y transformaci\u00f3n de alguno de los temas relacionados en los bloques tem\u00e1ticos. De esta manera podr\u00e1n ser entregables como art\u00edculos acad\u00e9micos, ensayos de reflexi\u00f3n, reportajes, entrevistas de profundidad, obras de arte, performances, videos, producciones audiovisuales, posters, podcasts, entre otros.<\/span><\/p>\n<p>&nbsp;<\/p>\n<ol start=\"2\">\n<li>\n<h3><b> DIRIGIDA A\u00a0<\/b><\/h3>\n<\/li>\n<\/ol>\n<p style=\"text-align: justify;\"><span style=\"font-weight: 400;\"><strong>SENTIR UNAB, CONSTRUIR PAIS<\/strong> esta\u0301 dirigida a: d<\/span><span style=\"font-weight: 400;\">ocentes y estudiantes de pregrado y posgrado.<\/span><\/p>\n<p>&nbsp;<\/p>\n<ol start=\"3\">\n<li>\n<h3><b> TALENTO HUMANO VINCULADO A LAS PROPUESTAS<\/b><\/h3>\n<\/li>\n<\/ol>\n<p style=\"text-align: justify;\"><span style=\"font-weight: 400;\">Las soluciones podr\u00e1n ser entregadas en equipos de dos (2) y m\u00e1ximo tres (3) integrantes. Podr\u00e1n ser docentes y estudiantes de pregrado y posgrado independientemente del programa del cual hagan parte.<\/span><\/p>\n<p>&nbsp;<\/p>\n<ol start=\"4\">\n<li>\n<h3><b> CONTENIDO DE LA SOLUCI\u00d3N\u00a0<\/b><\/h3>\n<\/li>\n<\/ol>\n<ol style=\"color: #666;\">\n<li style=\"font-weight: 400; text-align: justify;\" aria-level=\"1\"><span style=\"font-weight: 400;\">T\u00edtulo<\/span><\/li>\n<li style=\"font-weight: 400; text-align: justify;\" aria-level=\"1\"><span style=\"font-weight: 400;\">Bloque tem\u00e1tico al que se orienta \u2013 debe ser uno.<\/span><\/li>\n<li style=\"font-weight: 400; text-align: justify;\" aria-level=\"1\"><span style=\"font-weight: 400;\">Resumen<\/span><\/li>\n<li style=\"font-weight: 400; text-align: justify;\" aria-level=\"1\"><span style=\"font-weight: 400;\">Problema y justificaci\u00f3n.\u00a0<\/span><\/li>\n<li style=\"font-weight: 400; text-align: justify;\" aria-level=\"1\"><span style=\"font-weight: 400;\">Objetivo general y objetivos espec\u00edficos.\u00a0<\/span><\/li>\n<li style=\"font-weight: 400; text-align: justify;\" aria-level=\"1\"><span style=\"font-weight: 400;\">Descripci\u00f3n de la propuesta<\/span><\/li>\n<li style=\"font-weight: 400; text-align: justify;\" aria-level=\"1\"><span style=\"font-weight: 400;\">Resultados y\/o productos esperados y potenciales beneficiarios.\u00a0<\/span><\/li>\n<li style=\"font-weight: 400; text-align: justify;\" aria-level=\"1\"><span style=\"font-weight: 400;\">Impactos esperados. Social, econ\u00f3mico, cultural, pol\u00edtico.<\/span><\/li>\n<li style=\"font-weight: 400; text-align: justify;\" aria-level=\"1\"><span style=\"font-weight: 400;\">Referencias.\u00a0<\/span><\/li>\n<\/ol>\n<p>&nbsp;<\/p>\n<ol start=\"5\">\n<li>\n<h3><b> REGISTRO DE LA PROPUESTA Y DOCUMENTACIO\u0301N REQUERIDA\u00a0<\/b><\/h3>\n<\/li>\n<\/ol>\n<p style=\"text-align: justify;\"><span style=\"font-weight: 400;\">La inscripci\u00f3n de las soluciones se realiza enviando las propuestas al correo <a href=\"mailto:sentirunabconstruirpais@unab.edu.co\">sentirunabconstruirpais@unab.edu.co<\/a> o a trav\u00e9s de la plataforma VINGLET a la que se accede a trav\u00e9s del enlace: <a href=\"https:\/\/vinglet.com\/\" target=\"_blank\" rel=\"noopener\"><strong>https:\/\/vinglet.com\u00a0<\/strong><\/a><\/span><\/p>\n<p style=\"text-align: justify;\"><span style=\"font-weight: 400;\">Se deben completar todos los campos del formulario y adicionalmente anexar el perfil de los participantes y el formato diligenciado de autorizaci\u00f3n de uso de datos personales.\u00a0<\/span><\/p>\n<p>&nbsp;<\/p>\n<ol start=\"6\">\n<li>\n<h3><b> CRITERIOS Y PROCEDIMIENTO DE EVALUACIO\u0301N Y SELECCIO\u0301N DE LAS SOLUCIONES<\/b><\/h3>\n<\/li>\n<\/ol>\n<p style=\"text-align: justify;\"><span style=\"font-weight: 400;\">En esta secci\u00f3n se detallan los criterios que se utilizar\u00e1n tanto en la evaluaci\u00f3n como en la selecci\u00f3n de las propuestas que se inscriban:\u00a0<\/span><\/p>\n<table>\n<tbody>\n<tr>\n<td><strong>PENSAMIENTO CR\u00cdTICO<\/strong><\/td>\n<td style=\"text-align: justify;\"><span style=\"font-weight: 400;\">Evidencia en la capacidad de reflexi\u00f3n, y argumentaci\u00f3n desde el pensamiento propio (aut\u00f3nomo).<\/span><\/td>\n<td><span style=\"font-weight: 400;\">10 puntos<\/span><\/td>\n<\/tr>\n<tr>\n<td><strong>PERTINENCIA SOCIAL \u2013 \u00c9TICA<\/strong><\/td>\n<td><span style=\"font-weight: 400;\">Evidencia conexi\u00f3n con la realidad social de la regi\u00f3n y\/o del pa\u00eds y compromiso \u00e9tico con el bien com\u00fan, y los principios democr\u00e1ticos.<\/span><\/td>\n<td><span style=\"font-weight: 400;\">10 puntos<\/span><\/td>\n<\/tr>\n<tr>\n<td><strong>RIGOR INTELECTUAL<\/strong><\/td>\n<td><span style=\"font-weight: 400;\">Evidencia una argumentaci\u00f3n fundamentada en referentes te\u00f3ricos leg\u00edtimos, pertinentes e interdisciplinarios; as\u00ed como un relacionamiento de los conceptos con la realidad social del pa\u00eds.\u00a0<\/span><\/td>\n<td><span style=\"font-weight: 400;\">10 puntos<\/span><\/td>\n<\/tr>\n<tr>\n<td><strong>CREATIVIDAD\u00a0<\/strong><\/td>\n<td><span style=\"font-weight: 400;\">Evidencia de la novedad y originalidad de la alternativa de soluci\u00f3n presentada.\u00a0<\/span><\/td>\n<td><span style=\"font-weight: 400;\">10 puntos<\/span><\/td>\n<\/tr>\n<tr>\n<td><strong>APLICABILIDAD<\/strong><\/td>\n<td><span style=\"font-weight: 400;\">Evidencia la posibilidad de implementaci\u00f3n pr\u00e1ctica de las ideas presentadas en el \u00e1mbito social, pol\u00edtico, educativo, econ\u00f3mico, cultural y\/o art\u00edstico.<\/span><\/td>\n<td><span style=\"font-weight: 400;\">10 puntos<\/span><\/td>\n<\/tr>\n<tr>\n<td><b>IMPACTO<\/b><\/td>\n<td style=\"text-align: justify;\"><span style=\"font-weight: 400;\">Evidencia un impacto o soluci\u00f3n a las necesidades o problem\u00e1ticas identificadas en lo econ\u00f3mico, social o pol\u00edtico.<\/span><\/td>\n<td><span style=\"font-weight: 400;\">10 puntos<\/span><\/td>\n<\/tr>\n<\/tbody>\n<\/table>\n<p>&nbsp;<\/p>\n<ol start=\"7\">\n<li>\n<h3><b> PROCEDIMIENTO DE EVALUACIO\u0301N Y SELECCIO\u0301N DE LAS SOLUCIONES<\/b><\/h3>\n<\/li>\n<\/ol>\n<p style=\"text-align: justify;\"><span style=\"font-weight: 400;\">Toda propuesta inscrita a <strong>SENTIR UNAB, CONSTRUIR PA\u00cdS<\/strong> seguir\u00e1 el siguiente proceso:\u00a0<\/span><\/p>\n<ul>\n<li style=\"text-align: justify;\"><span style=\"font-weight: 400;\"><strong>Paso 1.<\/strong> Revisi\u00f3n de requisitos m\u00ednimos de la propuesta inscrita.\u00a0<\/span><\/li>\n<li style=\"text-align: justify;\"><span style=\"font-weight: 400;\"><strong>Paso 2.<\/strong> Cumplidos los requisitos m\u00ednimos, cada comit\u00e9 tem\u00e1tico evaluar\u00e1 y realizar\u00e1 la selecci\u00f3n de las tres (3) mejores propuestas.<\/span><\/li>\n<li style=\"text-align: justify;\"><span style=\"font-weight: 400;\"><\/span><span style=\"font-weight: 400;\"><strong>Paso 3.<\/strong> Recepci\u00f3n de las r\u00fabricas y consolidaci\u00f3n de los conceptos recibidos de los evaluadores de las propuestas.<\/span><\/li>\n<\/ul>\n<p>&nbsp;<\/p>\n<ol start=\"8\">\n<li>\n<h3><b> CRONOGRAMA\u00a0<\/b><\/h3>\n<\/li>\n<\/ol>\n<table>\n<tbody>\n<tr>\n<td><strong>Inscripci\u00f3n de soluciones<\/strong><\/td>\n<td><strong>22 al 26 de noviembre de 2021<\/strong><\/td>\n<\/tr>\n<tr>\n<td><strong>Evaluaci\u00f3n de soluciones<\/strong><\/td>\n<td><strong>26 de nov al 6 de diciembre<\/strong><\/td>\n<\/tr>\n<tr>\n<td><strong>Resultados y premiaci\u00f3n\u00a0<\/strong><\/td>\n<td><strong>10 de diciembre<\/strong><\/td>\n<\/tr>\n<\/tbody>\n<\/table>\n<p>&nbsp;<\/p>\n<ol start=\"9\">\n<li>\n<h3><b> INCENTIVOS*<\/b><\/h3>\n<\/li>\n<\/ol>\n<p style=\"text-align: justify;\"><span style=\"font-weight: 400;\">Cada comit\u00e9 de bloques tem\u00e1ticos (Econom\u00eda y Sociedad, Sistema pol\u00edtico y debate electoral y Violencia y Derechos Humanos) selecciona los tres (3) mejores trabajos que tendr\u00e1n incentivos y reconocimientos de la siguiente manera:\u00a0<\/span><\/p>\n<p style=\"text-align: justify;\"><span style=\"font-weight: 400;\">(1) Incentivo econ\u00f3mico para cada uno de los tres primeros trabajos.<\/span><\/p>\n<p style=\"text-align: justify;\"><span style=\"font-weight: 400;\">(2) Publicaci\u00f3n de estos tres trabajos en el documento de memoria de <strong>SENTIR UNAB, CONSTRUIR PA\u00cdS.<\/strong><\/span><\/p>\n<p style=\"text-align: justify;\"><span style=\"font-weight: 400;\">(3) Presentaci\u00f3n del trabajo en el encuentro o evento de cierre de esta primera fase.<\/span><\/p>\n<p>&nbsp;<\/p>\n<p style=\"text-align: justify;\"><span style=\"font-weight: 400;\">Cada comit\u00e9 de bloques tem\u00e1ticos selecciona los tres (3) mejores trabajos (9 en total) que tendr\u00e1n incentivos y reconocimientos de la siguiente manera:\u00a0<\/span><span style=\"font-weight: 400;\"><\/span><\/p>\n<p style=\"text-align: justify;\"><span style=\"font-weight: 400;\">Incentivo econ\u00f3mico (utilizables en Becas y servicios UNAB):<\/span><span style=\"font-weight: 400;\"><\/span><\/p>\n<p style=\"text-align: justify;\"><span style=\"font-weight: 400;\"><strong>Primer puesto:<\/strong> $3 millones de pesos cada grupo.<\/span><\/p>\n<p style=\"text-align: justify;\"><span style=\"font-weight: 400;\"><strong>Segundo puesto:<\/strong> $2 millones de pesos cada grupo.<\/span><\/p>\n<p style=\"text-align: justify;\"><span style=\"font-weight: 400;\"><strong>Tercer puesto:<\/strong> $1 mill\u00f3n de pesos cada grupo.<\/span><span style=\"font-weight: 400;\"><\/span><\/p>\n<p style=\"text-align: justify;\"><span style=\"font-weight: 400;\">Los trabajos seleccionados ser\u00e1n publicados en las memorias de la iniciativa y ser\u00e1n presentados en el evento de cierre de esta primera fase.<\/span><\/p>\n<p style=\"text-align: justify;\"><em><span style=\"font-weight: 400;\">*Se entregar\u00e1n 16 horas libres por participar en la presentaci\u00f3n de cualquier propuesta.<\/span><\/em><\/p>\n<p>[\/et_pb_text][\/et_pb_column][\/et_pb_row][\/et_pb_section]<\/p>\n","protected":false},"excerpt":{"rendered":"<p>C\u00f3mo estamos organizados Contamos con tres grupos tem\u00e1ticos integrados por representantes de los diferentes programas con el objetivo de planear, convocar y llevar a cabo las actividades asociadas a cada tema. As\u00ed mismo, se integra un comit\u00e9 general de Sentir UNAB, Construir pa\u00eds que orienta y acompa\u00f1a la implementaci\u00f3n de la iniciativa. Inscripci\u00f3n El objetivo [&hellip;]<\/p>\n","protected":false},"author":1,"featured_media":0,"parent":0,"menu_order":0,"comment_status":"closed","ping_status":"closed","template":"","meta":{"_et_pb_use_builder":"on","_et_pb_old_content":"","_et_gb_content_width":"","footnotes":""},"class_list":["post-20","page","type-page","status-publish","hentry"],"_links":{"self":[{"href":"https:\/\/unab.edu.co\/sentirunabconstruirpais\/wp-json\/wp\/v2\/pages\/20","targetHints":{"allow":["GET"]}}],"collection":[{"href":"https:\/\/unab.edu.co\/sentirunabconstruirpais\/wp-json\/wp\/v2\/pages"}],"about":[{"href":"https:\/\/unab.edu.co\/sentirunabconstruirpais\/wp-json\/wp\/v2\/types\/page"}],"author":[{"embeddable":true,"href":"https:\/\/unab.edu.co\/sentirunabconstruirpais\/wp-json\/wp\/v2\/users\/1"}],"replies":[{"embeddable":true,"href":"https:\/\/unab.edu.co\/sentirunabconstruirpais\/wp-json\/wp\/v2\/comments?post=20"}],"version-history":[{"count":0,"href":"https:\/\/unab.edu.co\/sentirunabconstruirpais\/wp-json\/wp\/v2\/pages\/20\/revisions"}],"wp:attachment":[{"href":"https:\/\/unab.edu.co\/sentirunabconstruirpais\/wp-json\/wp\/v2\/media?parent=20"}],"curies":[{"name":"wp","href":"https:\/\/api.w.org\/{rel}","templated":true}]}}