{"id":8,"date":"2021-09-30T20:46:15","date_gmt":"2021-10-01T01:46:15","guid":{"rendered":"https:\/\/unab.edu.co\/sentirunabconstruirpais\/?page_id=8"},"modified":"2023-06-06T10:50:03","modified_gmt":"2023-06-06T15:50:03","slug":"inicio","status":"publish","type":"page","link":"https:\/\/unab.edu.co\/sentirunabconstruirpais\/","title":{"rendered":"Inicio"},"content":{"rendered":"<p>[et_pb_section fb_built=\u00bb1&#8243; _builder_version=\u00bb4.16&#8243; _module_preset=\u00bbdefault\u00bb background_color=\u00bb#0C71C3&#8243; background_image=\u00bbhttps:\/\/unab.edu.co\/sentirunabconstruirpais\/wp-content\/uploads\/2021\/09\/fnd-int-1.jpg\u00bb parallax=\u00bbon\u00bb global_colors_info=\u00bb{}\u00bb][et_pb_row column_structure=\u00bb1_2,1_2&#8243; _builder_version=\u00bb4.16&#8243; _module_preset=\u00bbdefault\u00bb animation_style=\u00bbslide\u00bb animation_direction=\u00bbleft\u00bb global_colors_info=\u00bb{}\u00bb][et_pb_column type=\u00bb1_2&#8243; _builder_version=\u00bb4.16&#8243; _module_preset=\u00bbdefault\u00bb global_colors_info=\u00bb{}\u00bb][et_pb_image src=\u00bbhttps:\/\/unab.edu.co\/sentirunabconstruirpais\/wp-content\/uploads\/2023\/03\/portada-sentirunab.jpg\u00bb title_text=\u00bbportada-sentirunab\u00bb _builder_version=\u00bb4.20.0&#8243; _module_preset=\u00bbdefault\u00bb transform_translate=\u00bb4px|14px\u00bb border_radii=\u00bboff|10px||10px|\u00bb border_width_all=\u00bb2px\u00bb border_color_all=\u00bbrgba(247,206,0,0.84)\u00bb box_shadow_style=\u00bbpreset2&#8243; global_colors_info=\u00bb{}\u00bb][\/et_pb_image][\/et_pb_column][et_pb_column type=\u00bb1_2&#8243; _builder_version=\u00bb4.16&#8243; _module_preset=\u00bbdefault\u00bb global_colors_info=\u00bb{}\u00bb][et_pb_text _builder_version=\u00bb4.16&#8243; _module_preset=\u00bbdefault\u00bb text_text_color=\u00bb#FFFFFF\u00bb header_text_color=\u00bb#fcbd00&#8243; global_colors_info=\u00bb{}\u00bb]<\/p>\n<h1><b>\u00bfQu\u00e9 es?<\/b><\/h1>\n<p style=\"text-align: justify;\"><span style=\"font-weight: 400;\">Una iniciativa que crea ambientes para conversar, mecanismos para proponer y avanzar en la construcci\u00f3n de regi\u00f3n y pa\u00eds. <strong>\u00bfQu\u00e9 queremos cuidar? \u00bfQu\u00e9 queremos cambiar? \u00bfC\u00f3mo podemos impulsar ese cambio?: <\/strong>estas son algunas de las preguntas que motivan la creaci\u00f3n de este espacio en el que podremos profundizar en aquellos retos que tenemos como sociedad, y lo m\u00e1s importante, dar un paso hacia la generaci\u00f3n de soluciones concretas.<\/span><\/p>\n<p style=\"text-align: justify;\"><span style=\"font-weight: 400;\">Con un nutrido equipo con representaci\u00f3n de docentes, estudiantes y directivos, desde <strong>SENTIR UNAB, CONSTRUIR PA\u00cdS<\/strong> se han identificado temas que pueden ser abordados desde la academia con una visi\u00f3n de mejoramiento y cambio. De esta manera se plantean tres ejes tem\u00e1ticos para su desarrollo: econom\u00eda y sociedad, sistema pol\u00edtico y debate electoral, y violencia y derechos humanos.\u00a0<\/span><\/p>\n<p>[\/et_pb_text][\/et_pb_column][\/et_pb_row][\/et_pb_section][et_pb_section fb_built=\u00bb1&#8243; module_id=\u00bbproximamente\u00bb _builder_version=\u00bb4.20.0&#8243; _module_preset=\u00bbdefault\u00bb global_colors_info=\u00bb{}\u00bb][et_pb_row disabled_on=\u00bboff|off|off\u00bb _builder_version=\u00bb4.20.0&#8243; _module_preset=\u00bbdefault\u00bb global_colors_info=\u00bb{}\u00bb][et_pb_column type=\u00bb4_4&#8243; _builder_version=\u00bb4.16&#8243; _module_preset=\u00bbdefault\u00bb global_colors_info=\u00bb{}\u00bb][et_pb_text _builder_version=\u00bb4.20.0&#8243; _module_preset=\u00bbdefault\u00bb global_colors_info=\u00bb{}\u00bb]<\/p>\n<h1 class=\"title style-scope ytd-video-primary-info-renderer\" style=\"text-align: center;\"><yt-formatted-string force-default-style=\"\" class=\"style-scope ytd-video-primary-info-renderer\">Pr\u00f3ximamente:<\/yt-formatted-string><\/h1>\n<p>[\/et_pb_text][et_pb_image src=\u00bbhttps:\/\/unab.edu.co\/sentirunabconstruirpais\/wp-content\/uploads\/2023\/06\/evento-elecciones-regionales-2023.jpg\u00bb title_text=\u00bbevento-elecciones-regionales-2023&#8243; _builder_version=\u00bb4.20.0&#8243; _module_preset=\u00bbdefault\u00bb border_radii=\u00bbon|7px|7px|7px|7px\u00bb box_shadow_style=\u00bbpreset2&#8243; global_colors_info=\u00bb{}\u00bb][\/et_pb_image][\/et_pb_column][\/et_pb_row][et_pb_row column_structure=\u00bb3_5,2_5&#8243; disabled_on=\u00bbon|on|on\u00bb _builder_version=\u00bb4.20.0&#8243; _module_preset=\u00bbdefault\u00bb custom_margin=\u00bb||3em||false|false\u00bb custom_padding=\u00bb||3em||false|false\u00bb disabled=\u00bbon\u00bb global_colors_info=\u00bb{}\u00bb][et_pb_column type=\u00bb3_5&#8243; _builder_version=\u00bb4.20.0&#8243; _module_preset=\u00bbdefault\u00bb global_colors_info=\u00bb{}\u00bb][et_pb_image src=\u00bbhttps:\/\/unab.edu.co\/sentirunabconstruirpais\/wp-content\/uploads\/2023\/03\/maleta-transicion.jpg\u00bb title_text=\u00bbmaleta-transicion\u00bb _builder_version=\u00bb4.20.0&#8243; _module_preset=\u00bbdefault\u00bb border_radii=\u00bbon|7px|7px|7px|7px\u00bb box_shadow_style=\u00bbpreset2&#8243; global_colors_info=\u00bb{}\u00bb][\/et_pb_image][\/et_pb_column][et_pb_column type=\u00bb2_5&#8243; _builder_version=\u00bb4.20.0&#8243; _module_preset=\u00bbdefault\u00bb global_colors_info=\u00bb{}\u00bb][et_pb_text _builder_version=\u00bb4.20.0&#8243; _module_preset=\u00bbdefault\u00bb header_3_font=\u00bbPoppins|500|||||||\u00bb header_3_text_color=\u00bb#0C71C3&#8243; header_3_font_size=\u00bb19px\u00bb header_3_line_height=\u00bb1.3em\u00bb custom_margin=\u00bb2em||||false|false\u00bb global_colors_info=\u00bb{}\u00bb]<\/p>\n<h3 style=\"text-align: justify;\">Durante el evento leeremos opiniones y preguntas de estudiantes, docentes e interesados en general para que sean respondidas por los expertos invitados.<\/h3>\n<h3 style=\"text-align: justify;\">Si quieres que tu pregunta sea respondida, te invitamos a dejarla con tus datos en nuestra <span style=\"text-decoration: underline; color: #ff0000;\"><strong><a href=\"https:\/\/docs.google.com\/forms\/d\/e\/1FAIpQLSfmPVXFcXUW02epPzh44wX3xFf9F3xcL_15f5fAxBW7dwcRcw\/viewform\" target=\"_blank\" rel=\"noopener\" style=\"color: #ff0000; text-decoration: underline;\">Maleta virtual UNAB<\/a><\/strong><\/span> antes de la fecha del evento.<\/h3>\n<h3 style=\"text-align: justify;\">\u00a1Gracias por participar!<\/h3>\n<p>[\/et_pb_text][et_pb_button button_url=\u00bbhttps:\/\/docs.google.com\/forms\/d\/e\/1FAIpQLSfmPVXFcXUW02epPzh44wX3xFf9F3xcL_15f5fAxBW7dwcRcw\/viewform\u00bb url_new_window=\u00bbon\u00bb button_text=\u00bbDeja tu pregunta aqu\u00ed\u00bb button_alignment=\u00bbcenter\u00bb _builder_version=\u00bb4.20.0&#8243; _module_preset=\u00bbdefault\u00bb custom_button=\u00bbon\u00bb button_text_color=\u00bb#FFFFFF\u00bb button_bg_color=\u00bb#0C71C3&#8243; button_border_color=\u00bb#0C71C3&#8243; button_font=\u00bbPoppins|600|||||||\u00bb box_shadow_style=\u00bbpreset2&#8243; global_colors_info=\u00bb{}\u00bb][\/et_pb_button][\/et_pb_column][\/et_pb_row][et_pb_row _builder_version=\u00bb4.16&#8243; _module_preset=\u00bbdefault\u00bb global_colors_info=\u00bb{}\u00bb][et_pb_column type=\u00bb4_4&#8243; _builder_version=\u00bb4.16&#8243; _module_preset=\u00bbdefault\u00bb global_colors_info=\u00bb{}\u00bb][et_pb_text _builder_version=\u00bb4.20.0&#8243; _module_preset=\u00bbdefault\u00bb global_colors_info=\u00bb{}\u00bb]<\/p>\n<h1 class=\"title style-scope ytd-video-primary-info-renderer\" style=\"text-align: center;\"><yt-formatted-string force-default-style=\"\" class=\"style-scope ytd-video-primary-info-renderer\">Te puede interesar:<\/yt-formatted-string><\/h1>\n<p>[\/et_pb_text][et_pb_slider _builder_version=\u00bb4.21.0&#8243; _module_preset=\u00bbdefault\u00bb hover_enabled=\u00bb0&#8243; border_radii=\u00bbon|7px|7px|7px|7px\u00bb box_shadow_style=\u00bbpreset2&#8243; global_colors_info=\u00bb{}\u00bb sticky_enabled=\u00bb0&#8243;][et_pb_slide heading=\u00bb\u201cDesde la academia debemos ayudar a desmitificar la energ\u00eda nuclear y el uso del hidr\u00f3geno\u201d\u00bb button_text=\u00bbMira la nota aqu\u00ed\u00bb button_link=\u00bb@ET-DC@eyJkeW5hbWljIjp0cnVlLCJjb250ZW50IjoicG9zdF9saW5rX3VybF9wb3N0Iiwic2V0dGluZ3MiOnsicG9zdF9pZCI6IjU2MiJ9fQ==@\u00bb _builder_version=\u00bb4.21.0&#8243; _dynamic_attributes=\u00bbbutton_link\u00bb _module_preset=\u00bbdefault\u00bb header_font=\u00bb|600|||||||\u00bb header_font_size=\u00bb35px\u00bb body_font=\u00bbPoppins|600|||||||\u00bb body_text_align=\u00bbcenter\u00bb background_color=\u00bbrgba(0,0,0,0.56)\u00bb background_enable_color=\u00bbon\u00bb background_image=\u00bbhttps:\/\/unab.edu.co\/sentirunabconstruirpais\/wp-content\/uploads\/2023\/06\/breves-transicion.jpg\u00bb background_enable_image=\u00bbon\u00bb background_blend=\u00bboverlay\u00bb custom_button=\u00bbon\u00bb button_text_color=\u00bb#0C71C3&#8243; button_bg_color=\u00bb#FFFFFF\u00bb button_border_color=\u00bb#FFFFFF\u00bb button_font=\u00bb|600|||||||\u00bb button_custom_padding=\u00bb3px||3px||true|false\u00bb hover_enabled=\u00bb0&#8243; box_shadow_style_button=\u00bbpreset2&#8243; global_colors_info=\u00bb{}\u00bb sticky_transition=\u00bbon\u00bb title_text=\u00bbbreves-transicion\u00bb sticky_enabled=\u00bb0&#8243;]<\/p>\n<p style=\"text-align: center;\"><span>Hacer m\u00e1s pedagog\u00eda y mejor comunicaci\u00f3n fueron las principales conclusiones del foro Transici\u00f3n Energ\u00e9tica: el papel del hidr\u00f3geno y la energ\u00eda nuclear, realizado por la iniciativa Sentir UNAB, Construir Pa\u00eds y la Facultad de Ingenier\u00eda de la Universidad Aut\u00f3noma de Bucaramanga (UNAB), el pasado 29 de marzo en el Auditorio Menor Alfonso G\u00f3mez G\u00f3mez.<\/span><\/p>\n<p>[\/et_pb_slide][\/et_pb_slider][\/et_pb_column][\/et_pb_row][\/et_pb_section][et_pb_section fb_built=\u00bb1&#8243; _builder_version=\u00bb4.20.0&#8243; _module_preset=\u00bbdefault\u00bb background_image=\u00bbhttps:\/\/unab.edu.co\/sentirunabconstruirpais\/wp-content\/uploads\/2021\/10\/fnd-top2.jpg\u00bb global_colors_info=\u00bb{}\u00bb][et_pb_row _builder_version=\u00bb4.16&#8243; _module_preset=\u00bbdefault\u00bb global_colors_info=\u00bb{}\u00bb][et_pb_column type=\u00bb4_4&#8243; _builder_version=\u00bb4.16&#8243; _module_preset=\u00bbdefault\u00bb global_colors_info=\u00bb{}\u00bb][et_pb_text _builder_version=\u00bb4.16&#8243; _module_preset=\u00bbdefault\u00bb text_text_color=\u00bb#FFFFFF\u00bb header_text_color=\u00bb#fcbd00&#8243; border_width_left=\u00bb2px\u00bb border_color_left=\u00bb#E09900&#8243; border_style_left=\u00bbdotted\u00bb global_colors_info=\u00bb{}\u00bb]<\/p>\n<h1><span style=\"color: #0c71c3;\"><strong>\u00a0Novedades<\/strong><\/span><\/h1>\n<p>[\/et_pb_text][\/et_pb_column][\/et_pb_row][et_pb_row _builder_version=\u00bb4.16&#8243; _module_preset=\u00bbdefault\u00bb global_colors_info=\u00bb{}\u00bb][et_pb_column type=\u00bb4_4&#8243; _builder_version=\u00bb4.16&#8243; _module_preset=\u00bbdefault\u00bb global_colors_info=\u00bb{}\u00bb][et_pb_blog fullwidth=\u00bboff\u00bb posts_number=\u00bb6&#8243; include_categories=\u00bb1&#8243; use_manual_excerpt=\u00bboff\u00bb show_more=\u00bbon\u00bb show_author=\u00bboff\u00bb show_date=\u00bboff\u00bb show_categories=\u00bboff\u00bb show_excerpt=\u00bboff\u00bb show_pagination=\u00bboff\u00bb _builder_version=\u00bb4.20.0&#8243; _module_preset=\u00bbdefault\u00bb border_radii=\u00bbon|7px|7px|7px|7px\u00bb border_color_all=\u00bb#FFFFFF\u00bb border_color_left=\u00bb#fcb900&#8243; box_shadow_style=\u00bbpreset3&#8243; global_colors_info=\u00bb{}\u00bb][\/et_pb_blog][et_pb_button button_url=\u00bb@ET-DC@eyJkeW5hbWljIjp0cnVlLCJjb250ZW50IjoicG9zdF9saW5rX3VybF9wYWdlIiwic2V0dGluZ3MiOnsicG9zdF9pZCI6IjE2NiJ9fQ==@\u00bb button_text=\u00bbM\u00e1s noticias\u00bb button_alignment=\u00bbcenter\u00bb _builder_version=\u00bb4.20.0&#8243; _dynamic_attributes=\u00bbbutton_url\u00bb _module_preset=\u00bbdefault\u00bb custom_button=\u00bbon\u00bb button_text_color=\u00bb#FFFFFF\u00bb button_bg_color=\u00bb#0C71C3&#8243; button_border_color=\u00bb#0C71C3&#8243; button_font=\u00bb|600|||||||\u00bb box_shadow_style=\u00bbpreset1&#8243; global_colors_info=\u00bb{}\u00bb][\/et_pb_button][\/et_pb_column][\/et_pb_row][\/et_pb_section]<\/p>\n","protected":false},"excerpt":{"rendered":"<p>\u00bfQu\u00e9 es? Una iniciativa que crea ambientes para conversar, mecanismos para proponer y avanzar en la construcci\u00f3n de regi\u00f3n y pa\u00eds. \u00bfQu\u00e9 queremos cuidar? \u00bfQu\u00e9 queremos cambiar? \u00bfC\u00f3mo podemos impulsar ese cambio?: estas son algunas de las preguntas que motivan la creaci\u00f3n de este espacio en el que podremos profundizar en aquellos retos que tenemos [&hellip;]<\/p>\n","protected":false},"author":1,"featured_media":0,"parent":0,"menu_order":0,"comment_status":"closed","ping_status":"closed","template":"","meta":{"_et_pb_use_builder":"on","_et_pb_old_content":"","_et_gb_content_width":"","footnotes":""},"class_list":["post-8","page","type-page","status-publish","hentry"],"_links":{"self":[{"href":"https:\/\/unab.edu.co\/sentirunabconstruirpais\/wp-json\/wp\/v2\/pages\/8","targetHints":{"allow":["GET"]}}],"collection":[{"href":"https:\/\/unab.edu.co\/sentirunabconstruirpais\/wp-json\/wp\/v2\/pages"}],"about":[{"href":"https:\/\/unab.edu.co\/sentirunabconstruirpais\/wp-json\/wp\/v2\/types\/page"}],"author":[{"embeddable":true,"href":"https:\/\/unab.edu.co\/sentirunabconstruirpais\/wp-json\/wp\/v2\/users\/1"}],"replies":[{"embeddable":true,"href":"https:\/\/unab.edu.co\/sentirunabconstruirpais\/wp-json\/wp\/v2\/comments?post=8"}],"version-history":[{"count":1,"href":"https:\/\/unab.edu.co\/sentirunabconstruirpais\/wp-json\/wp\/v2\/pages\/8\/revisions"}],"predecessor-version":[{"id":565,"href":"https:\/\/unab.edu.co\/sentirunabconstruirpais\/wp-json\/wp\/v2\/pages\/8\/revisions\/565"}],"wp:attachment":[{"href":"https:\/\/unab.edu.co\/sentirunabconstruirpais\/wp-json\/wp\/v2\/media?parent=8"}],"curies":[{"name":"wp","href":"https:\/\/api.w.org\/{rel}","templated":true}]}}